{"id":213889,"date":"2025-03-22T14:18:27","date_gmt":"2025-03-22T14:18:27","guid":{"rendered":"https:\/\/aromasentia.com\/product\/30ml-amber-bottle\/"},"modified":"2025-12-31T15:10:36","modified_gmt":"2025-12-31T15:10:36","slug":"30ml-barnstensfargad-flaska","status":"publish","type":"product","link":"https:\/\/aromasentia.com\/sv\/30ml-barnstensfargad-flaska\/","title":{"rendered":"30ml B\u00e4rnstensf\u00e4rgad Flaska"},"content":{"rendered":"<p style=\"text-align: justify;\">Dessa 30 ml b\u00e4rnstensf\u00e4rgade glasflaskor \u00e4r perfekta f\u00f6r ett brett utbud av buteljeringsbehov, inklusive eteriska oljor och doftoljor, s\u00e5 att du kan buteljera ditt eget eller kanske till och med g\u00f6ra din egen blandning av massageoljor.&nbsp;<\/p>\n<p style=\"text-align: justify;\">Ocks\u00e5 ett utm\u00e4rkt val f\u00f6r att f\u00f6rvara v\u00e4tskor i en m\u00e4ngd olika industrier eller till och med hemma.&nbsp;<\/p>\n<p style=\"text-align: justify;\"><strong>Priset inkluderar endast flaskan. Gl\u00f6m inte att best\u00e4lla lock ocks\u00e5.<\/strong>&nbsp;<\/p>\n<p style=\"text-align: justify;\"><strong>Lock som passar denna flaska: GBot-19, GBot-09 och GBot-24.&nbsp;<\/strong><\/p>\n<p style=\"text-align: justify;\">Kapacitet: 30 ml&nbsp;<\/p>\n<p style=\"text-align: justify;\">H\u00f6jd: 7,5 cm&nbsp;<\/p>\n<p style=\"text-align: justify;\">Diameter: 3 cm&nbsp;<\/p>\n<p style=\"text-align: justify;\">Vikt: 0,45 g&nbsp;<\/p>\n","protected":false},"excerpt":{"rendered":"<p>Dessa 30 ml b\u00e4rnstensf\u00e4rgade glasflaskor \u00e4r perfekta f\u00f6r ett brett utbud av buteljeringsbehov, inklusive eteriska oljor och doftoljor, s\u00e5 att du kan buteljera ditt eget eller kanske till och med g\u00f6ra din egen blandning av massageoljor.&nbsp; Ocks\u00e5 ett utm\u00e4rkt val f\u00f6r att f\u00f6rvara v\u00e4tskor i en m\u00e4ngd olika industrier eller till och med hemma.&nbsp; Priset [&hellip;]<\/p>\n","protected":false},"featured_media":354784,"comment_status":"closed","ping_status":"open","template":"","meta":{"_angie_page":false},"product_brand":[],"product_cat":[11868,11891,11188,12386],"product_tag":[],"class_list":{"0":"post-213889","1":"product","2":"type-product","3":"status-publish","4":"has-post-thumbnail","6":"product_cat-aromaterapi-och-rumsdofter","7":"product_cat-flaskor-och-tillbehor","8":"product_cat-presentforpackningar-paketering","9":"product_cat-white-label-produkter","10":"pa_collection-glass-bottles-accessories-sv","11":"pa_made-in-kina","12":"pa_size-30ml","14":"first","15":"instock","16":"purchasable","17":"product-type-simple"},"supplier_id":null,"supplier_sku":"GBot-34","barcode":null,"atum_controlled":true,"out_stock_date":null,"out_stock_threshold":null,"inheritable":false,"inbound_stock":null,"stock_on_hold":0,"sold_today":0,"sales_last_days":0,"reserved_stock":null,"customer_returns":null,"warehouse_damage":null,"lost_in_post":null,"other_logs":null,"out_stock_days":0,"lost_sales":0,"has_location":null,"update_date":"2026-04-27T07:05:00","atum_locations":[],"atum_stock_status":"instock","restock_status":false,"low_stock_amount":"","sales_update_date":"2025-09-05T00:27:21","calc_backorders":null,"_links":{"self":[{"href":"https:\/\/aromasentia.com\/sv\/wp-json\/wp\/v2\/product\/213889","targetHints":{"allow":["GET"]}}],"collection":[{"href":"https:\/\/aromasentia.com\/sv\/wp-json\/wp\/v2\/product"}],"about":[{"href":"https:\/\/aromasentia.com\/sv\/wp-json\/wp\/v2\/types\/product"}],"replies":[{"embeddable":true,"href":"https:\/\/aromasentia.com\/sv\/wp-json\/wp\/v2\/comments?post=213889"}],"version-history":[{"count":0,"href":"https:\/\/aromasentia.com\/sv\/wp-json\/wp\/v2\/product\/213889\/revisions"}],"wp:featuredmedia":[{"embeddable":true,"href":"https:\/\/aromasentia.com\/sv\/wp-json\/wp\/v2\/media\/354784"}],"wp:attachment":[{"href":"https:\/\/aromasentia.com\/sv\/wp-json\/wp\/v2\/media?parent=213889"}],"wp:term":[{"taxonomy":"product_brand","embeddable":true,"href":"https:\/\/aromasentia.com\/sv\/wp-json\/wp\/v2\/product_brand?post=213889"},{"taxonomy":"product_cat","embeddable":true,"href":"https:\/\/aromasentia.com\/sv\/wp-json\/wp\/v2\/product_cat?post=213889"},{"taxonomy":"product_tag","embeddable":true,"href":"https:\/\/aromasentia.com\/sv\/wp-json\/wp\/v2\/product_tag?post=213889"}],"curies":[{"name":"wp","href":"https:\/\/api.w.org\/{rel}","templated":true}]}}