{"id":213888,"date":"2025-03-22T14:18:27","date_gmt":"2025-03-22T14:18:27","guid":{"rendered":"https:\/\/aromasentia.com\/product\/300ml-amber-bottle\/"},"modified":"2025-12-31T15:10:28","modified_gmt":"2025-12-31T15:10:28","slug":"36x-300ml-barnstensfargad-flaska-med-doseringspump","status":"publish","type":"product","link":"https:\/\/aromasentia.com\/sv\/36x-300ml-barnstensfargad-flaska-med-doseringspump\/","title":{"rendered":"36x 300ml B\u00e4rnstensf\u00e4rgad Flaska med Doseringspump"},"content":{"rendered":"<p>Grossistf\u00f6rs\u00e4ljning av 300 ml b\u00e4rnstensf\u00e4rgade glasflaskor med pumpar \u00e4r perfekta f\u00f6r ett brett spektrum av buteljeringsbehov.&nbsp;<\/p>\n<p>Dessa kommer att vara perfekta f\u00f6r dina massageoljor, hand- och kroppskr\u00e4mer eller flytande tv\u00e5lar, och mycket mer.&nbsp;<\/p>\n<p>S\u00e4ljs i paket om 36. Doseringspumpar ing\u00e5r.<\/p>\n","protected":false},"excerpt":{"rendered":"<p>Grossistf\u00f6rs\u00e4ljning av 300 ml b\u00e4rnstensf\u00e4rgade glasflaskor med pumpar \u00e4r perfekta f\u00f6r ett brett spektrum av buteljeringsbehov.&nbsp; Dessa kommer att vara perfekta f\u00f6r dina massageoljor, hand- och kroppskr\u00e4mer eller flytande tv\u00e5lar, och mycket mer.&nbsp; S\u00e4ljs i paket om 36. Doseringspumpar ing\u00e5r.<\/p>\n","protected":false},"featured_media":354759,"comment_status":"closed","ping_status":"open","template":"","meta":{"_angie_page":false},"product_brand":[],"product_cat":[11868,11891,11188,12386],"product_tag":[],"class_list":{"0":"post-213888","1":"product","2":"type-product","3":"status-publish","4":"has-post-thumbnail","6":"product_cat-aromaterapi-och-rumsdofter","7":"product_cat-flaskor-och-tillbehor","8":"product_cat-presentforpackningar-paketering","9":"product_cat-white-label-produkter","10":"pa_collection-glass-bottles-accessories-sv","11":"pa_made-in-kina","12":"pa_size-300ml","14":"first","15":"instock","16":"purchasable","17":"product-type-simple"},"supplier_id":null,"supplier_sku":"GBot-33","barcode":null,"atum_controlled":true,"out_stock_date":null,"out_stock_threshold":null,"inheritable":false,"inbound_stock":null,"stock_on_hold":0,"sold_today":0,"sales_last_days":0,"reserved_stock":null,"customer_returns":null,"warehouse_damage":null,"lost_in_post":null,"other_logs":null,"out_stock_days":0,"lost_sales":0,"has_location":null,"update_date":"2026-04-27T07:05:00","atum_locations":[],"atum_stock_status":"instock","restock_status":false,"low_stock_amount":"","sales_update_date":"2026-01-30T01:24:56","calc_backorders":null,"_links":{"self":[{"href":"https:\/\/aromasentia.com\/sv\/wp-json\/wp\/v2\/product\/213888","targetHints":{"allow":["GET"]}}],"collection":[{"href":"https:\/\/aromasentia.com\/sv\/wp-json\/wp\/v2\/product"}],"about":[{"href":"https:\/\/aromasentia.com\/sv\/wp-json\/wp\/v2\/types\/product"}],"replies":[{"embeddable":true,"href":"https:\/\/aromasentia.com\/sv\/wp-json\/wp\/v2\/comments?post=213888"}],"version-history":[{"count":0,"href":"https:\/\/aromasentia.com\/sv\/wp-json\/wp\/v2\/product\/213888\/revisions"}],"wp:featuredmedia":[{"embeddable":true,"href":"https:\/\/aromasentia.com\/sv\/wp-json\/wp\/v2\/media\/354759"}],"wp:attachment":[{"href":"https:\/\/aromasentia.com\/sv\/wp-json\/wp\/v2\/media?parent=213888"}],"wp:term":[{"taxonomy":"product_brand","embeddable":true,"href":"https:\/\/aromasentia.com\/sv\/wp-json\/wp\/v2\/product_brand?post=213888"},{"taxonomy":"product_cat","embeddable":true,"href":"https:\/\/aromasentia.com\/sv\/wp-json\/wp\/v2\/product_cat?post=213888"},{"taxonomy":"product_tag","embeddable":true,"href":"https:\/\/aromasentia.com\/sv\/wp-json\/wp\/v2\/product_tag?post=213888"}],"curies":[{"name":"wp","href":"https:\/\/api.w.org\/{rel}","templated":true}]}}