{"id":213887,"date":"2025-03-22T14:18:27","date_gmt":"2025-03-22T14:18:27","guid":{"rendered":"https:\/\/aromasentia.com\/product\/250ml-amber-bottle-with-pump\/"},"modified":"2025-06-29T20:45:10","modified_gmt":"2025-06-29T20:45:10","slug":"barnstensfargad-flaska-med-doseringspump-250ml","status":"publish","type":"product","link":"https:\/\/aromasentia.com\/sv\/barnstensfargad-flaska-med-doseringspump-250ml\/","title":{"rendered":"B\u00e4rnstensf\u00e4rgad Flaska med Doseringspump 250ml"},"content":{"rendered":"<p>Grossistf\u00f6rs\u00e4ljning av 250 ml b\u00e4rnstensf\u00e4rgade flaskor med pumpar kommer att vara perfekta f\u00f6r dina massageoljor, hand- och kroppskr\u00e4mer eller flytande tv\u00e5lar, och mycket mer.&nbsp;<\/p>\n<p>S\u00e4ljs i paket om 48. Doseringspumpar ing\u00e5r.<\/p>\n","protected":false},"excerpt":{"rendered":"<p>Grossistf\u00f6rs\u00e4ljning av 250 ml b\u00e4rnstensf\u00e4rgade flaskor med pumpar kommer att vara perfekta f\u00f6r dina massageoljor, hand- och kroppskr\u00e4mer eller flytande tv\u00e5lar, och mycket mer.&nbsp; S\u00e4ljs i paket om 48. Doseringspumpar ing\u00e5r.<\/p>\n","protected":false},"featured_media":354734,"comment_status":"closed","ping_status":"open","template":"","meta":{"_angie_page":false},"product_brand":[],"product_cat":[11868,11891,11188,12386],"product_tag":[],"class_list":{"0":"post-213887","1":"product","2":"type-product","3":"status-publish","4":"has-post-thumbnail","6":"product_cat-aromaterapi-och-rumsdofter","7":"product_cat-flaskor-och-tillbehor","8":"product_cat-presentforpackningar-paketering","9":"product_cat-white-label-produkter","10":"pa_collection-glass-bottles-accessories-sv","11":"pa_made-in-kina","12":"pa_size-250ml","14":"first","15":"instock","16":"purchasable","17":"product-type-simple"},"supplier_id":null,"supplier_sku":"GBot-31","barcode":null,"atum_controlled":true,"out_stock_date":null,"out_stock_threshold":null,"inheritable":false,"inbound_stock":null,"stock_on_hold":0,"sold_today":0,"sales_last_days":0,"reserved_stock":null,"customer_returns":null,"warehouse_damage":null,"lost_in_post":null,"other_logs":null,"out_stock_days":0,"lost_sales":0,"has_location":null,"update_date":"2026-04-27T07:05:00","atum_locations":[],"atum_stock_status":"instock","restock_status":false,"low_stock_amount":"","sales_update_date":"2026-01-20T05:14:20","calc_backorders":null,"_links":{"self":[{"href":"https:\/\/aromasentia.com\/sv\/wp-json\/wp\/v2\/product\/213887","targetHints":{"allow":["GET"]}}],"collection":[{"href":"https:\/\/aromasentia.com\/sv\/wp-json\/wp\/v2\/product"}],"about":[{"href":"https:\/\/aromasentia.com\/sv\/wp-json\/wp\/v2\/types\/product"}],"replies":[{"embeddable":true,"href":"https:\/\/aromasentia.com\/sv\/wp-json\/wp\/v2\/comments?post=213887"}],"version-history":[{"count":0,"href":"https:\/\/aromasentia.com\/sv\/wp-json\/wp\/v2\/product\/213887\/revisions"}],"wp:featuredmedia":[{"embeddable":true,"href":"https:\/\/aromasentia.com\/sv\/wp-json\/wp\/v2\/media\/354734"}],"wp:attachment":[{"href":"https:\/\/aromasentia.com\/sv\/wp-json\/wp\/v2\/media?parent=213887"}],"wp:term":[{"taxonomy":"product_brand","embeddable":true,"href":"https:\/\/aromasentia.com\/sv\/wp-json\/wp\/v2\/product_brand?post=213887"},{"taxonomy":"product_cat","embeddable":true,"href":"https:\/\/aromasentia.com\/sv\/wp-json\/wp\/v2\/product_cat?post=213887"},{"taxonomy":"product_tag","embeddable":true,"href":"https:\/\/aromasentia.com\/sv\/wp-json\/wp\/v2\/product_tag?post=213887"}],"curies":[{"name":"wp","href":"https:\/\/api.w.org\/{rel}","templated":true}]}}