{"id":213886,"date":"2025-03-22T14:18:27","date_gmt":"2025-03-22T14:18:27","guid":{"rendered":"https:\/\/aromasentia.com\/product\/amber-roller-bottle\/"},"modified":"2025-12-31T15:10:28","modified_gmt":"2025-12-31T15:10:28","slug":"barnstensfargade-rullflaskor-med-kapsyl","status":"publish","type":"product","link":"https:\/\/aromasentia.com\/sv\/barnstensfargade-rullflaskor-med-kapsyl\/","title":{"rendered":"B\u00e4rnstensf\u00e4rgade Rullflaskor med Kapsyl"},"content":{"rendered":"<p style=\"text-align: justify;\"><strong>10 ml B\u00e4rnstensf\u00e4rgade Rullflaskor<\/strong> i grossistledet \u00e4r perfekta f\u00f6r att applicera utsp\u00e4dda eteriska oljor direkt p\u00e5 huden. Rullbollen \u00e4r designad f\u00f6r att sprida blandningarna smidigt \u00f6ver huden.&nbsp;<\/p>\n<p style=\"text-align: justify;\">Flaskans praktiska storlek (83 mm h\u00f6jd, 18 mm diameter) g\u00f6r den l\u00e4tt att ta med sig \u00f6verallt. Vikten av flaskan \u00e4r 32g.&nbsp;<\/p>\n<p style=\"text-align: justify;\"><strong>S\u00e4ljs i f\u00f6rpackningar om 150 stycken (flaskor med rullbollar och kapsyler).<\/strong><\/p>\n","protected":false},"excerpt":{"rendered":"<p>10 ml B\u00e4rnstensf\u00e4rgade Rullflaskor i grossistledet \u00e4r perfekta f\u00f6r att applicera utsp\u00e4dda eteriska oljor direkt p\u00e5 huden. Rullbollen \u00e4r designad f\u00f6r att sprida blandningarna smidigt \u00f6ver huden.&nbsp; Flaskans praktiska storlek (83 mm h\u00f6jd, 18 mm diameter) g\u00f6r den l\u00e4tt att ta med sig \u00f6verallt. Vikten av flaskan \u00e4r 32g.&nbsp; S\u00e4ljs i f\u00f6rpackningar om 150 stycken [&hellip;]<\/p>\n","protected":false},"featured_media":354725,"comment_status":"closed","ping_status":"open","template":"","meta":{"_angie_page":false},"product_brand":[],"product_cat":[11868,11891,11188,12386],"product_tag":[],"class_list":{"0":"post-213886","1":"product","2":"type-product","3":"status-publish","4":"has-post-thumbnail","6":"product_cat-aromaterapi-och-rumsdofter","7":"product_cat-flaskor-och-tillbehor","8":"product_cat-presentforpackningar-paketering","9":"product_cat-white-label-produkter","10":"pa_collection-glass-bottles-accessories-sv","11":"pa_made-in-kina","13":"first","14":"instock","15":"purchasable","16":"product-type-simple"},"supplier_id":null,"supplier_sku":"Gbot-21","barcode":null,"atum_controlled":true,"out_stock_date":null,"out_stock_threshold":null,"inheritable":false,"inbound_stock":null,"stock_on_hold":0,"sold_today":0,"sales_last_days":0,"reserved_stock":null,"customer_returns":null,"warehouse_damage":null,"lost_in_post":null,"other_logs":null,"out_stock_days":0,"lost_sales":0,"has_location":null,"update_date":"2026-04-27T07:05:00","atum_locations":[],"atum_stock_status":"instock","restock_status":false,"low_stock_amount":"","sales_update_date":"2026-02-06T00:01:12","calc_backorders":null,"_links":{"self":[{"href":"https:\/\/aromasentia.com\/sv\/wp-json\/wp\/v2\/product\/213886","targetHints":{"allow":["GET"]}}],"collection":[{"href":"https:\/\/aromasentia.com\/sv\/wp-json\/wp\/v2\/product"}],"about":[{"href":"https:\/\/aromasentia.com\/sv\/wp-json\/wp\/v2\/types\/product"}],"replies":[{"embeddable":true,"href":"https:\/\/aromasentia.com\/sv\/wp-json\/wp\/v2\/comments?post=213886"}],"version-history":[{"count":0,"href":"https:\/\/aromasentia.com\/sv\/wp-json\/wp\/v2\/product\/213886\/revisions"}],"wp:featuredmedia":[{"embeddable":true,"href":"https:\/\/aromasentia.com\/sv\/wp-json\/wp\/v2\/media\/354725"}],"wp:attachment":[{"href":"https:\/\/aromasentia.com\/sv\/wp-json\/wp\/v2\/media?parent=213886"}],"wp:term":[{"taxonomy":"product_brand","embeddable":true,"href":"https:\/\/aromasentia.com\/sv\/wp-json\/wp\/v2\/product_brand?post=213886"},{"taxonomy":"product_cat","embeddable":true,"href":"https:\/\/aromasentia.com\/sv\/wp-json\/wp\/v2\/product_cat?post=213886"},{"taxonomy":"product_tag","embeddable":true,"href":"https:\/\/aromasentia.com\/sv\/wp-json\/wp\/v2\/product_tag?post=213886"}],"curies":[{"name":"wp","href":"https:\/\/api.w.org\/{rel}","templated":true}]}}