{"id":213885,"date":"2025-03-22T14:18:27","date_gmt":"2025-03-22T14:18:27","guid":{"rendered":"https:\/\/aromasentia.com\/product\/lotion-pump-for-100ml-bottle\/"},"modified":"2025-12-31T15:10:28","modified_gmt":"2025-12-31T15:10:28","slug":"doseringspump-for-kram-till-100ml-flaska","status":"publish","type":"product","link":"https:\/\/aromasentia.com\/sv\/doseringspump-for-kram-till-100ml-flaska\/","title":{"rendered":"Doseringspump f\u00f6r Kr\u00e4m till 100ml Flaska"},"content":{"rendered":"<p>Grossist doseringspump f\u00f6r 100 ml flaska \u00e4r perfekt f\u00f6r dina sk\u00e4gg- eller massageoljor.&nbsp;<\/p>\n<p>Transparent plast med svart topp. S\u00e4ljes i en f\u00f6rpackning om 50 st.<\/p>\n","protected":false},"excerpt":{"rendered":"<p>Grossist doseringspump f\u00f6r 100 ml flaska \u00e4r perfekt f\u00f6r dina sk\u00e4gg- eller massageoljor.&nbsp; Transparent plast med svart topp. S\u00e4ljes i en f\u00f6rpackning om 50 st.<\/p>\n","protected":false},"featured_media":354700,"comment_status":"closed","ping_status":"open","template":"","meta":{"_angie_page":false},"product_brand":[],"product_cat":[11868,11891,11188,12386],"product_tag":[],"class_list":{"0":"post-213885","1":"product","2":"type-product","3":"status-publish","4":"has-post-thumbnail","6":"product_cat-aromaterapi-och-rumsdofter","7":"product_cat-flaskor-och-tillbehor","8":"product_cat-presentforpackningar-paketering","9":"product_cat-white-label-produkter","10":"pa_collection-glass-bottles-accessories-sv","11":"pa_made-in-kina","12":"pa_size-100ml","14":"first","15":"instock","16":"purchasable","17":"product-type-simple"},"supplier_id":null,"supplier_sku":"Gbot-30","barcode":null,"atum_controlled":true,"out_stock_date":null,"out_stock_threshold":null,"inheritable":false,"inbound_stock":null,"stock_on_hold":0,"sold_today":0,"sales_last_days":0,"reserved_stock":null,"customer_returns":null,"warehouse_damage":null,"lost_in_post":null,"other_logs":null,"out_stock_days":0,"lost_sales":0,"has_location":null,"update_date":"2026-05-04T00:03:55","atum_locations":[],"atum_stock_status":"instock","restock_status":false,"low_stock_amount":"","sales_update_date":"2026-01-30T01:24:55","calc_backorders":null,"_links":{"self":[{"href":"https:\/\/aromasentia.com\/sv\/wp-json\/wp\/v2\/product\/213885","targetHints":{"allow":["GET"]}}],"collection":[{"href":"https:\/\/aromasentia.com\/sv\/wp-json\/wp\/v2\/product"}],"about":[{"href":"https:\/\/aromasentia.com\/sv\/wp-json\/wp\/v2\/types\/product"}],"replies":[{"embeddable":true,"href":"https:\/\/aromasentia.com\/sv\/wp-json\/wp\/v2\/comments?post=213885"}],"version-history":[{"count":0,"href":"https:\/\/aromasentia.com\/sv\/wp-json\/wp\/v2\/product\/213885\/revisions"}],"wp:featuredmedia":[{"embeddable":true,"href":"https:\/\/aromasentia.com\/sv\/wp-json\/wp\/v2\/media\/354700"}],"wp:attachment":[{"href":"https:\/\/aromasentia.com\/sv\/wp-json\/wp\/v2\/media?parent=213885"}],"wp:term":[{"taxonomy":"product_brand","embeddable":true,"href":"https:\/\/aromasentia.com\/sv\/wp-json\/wp\/v2\/product_brand?post=213885"},{"taxonomy":"product_cat","embeddable":true,"href":"https:\/\/aromasentia.com\/sv\/wp-json\/wp\/v2\/product_cat?post=213885"},{"taxonomy":"product_tag","embeddable":true,"href":"https:\/\/aromasentia.com\/sv\/wp-json\/wp\/v2\/product_tag?post=213885"}],"curies":[{"name":"wp","href":"https:\/\/api.w.org\/{rel}","templated":true}]}}