{"id":213882,"date":"2025-03-22T14:18:27","date_gmt":"2025-03-22T14:18:27","guid":{"rendered":"https:\/\/aromasentia.com\/product\/tamper-evident-and-child-resistant-closure\/"},"modified":"2025-12-31T15:10:28","modified_gmt":"2025-12-31T15:10:28","slug":"manipuleringssaker-och-barnsaker-gl18-droppare","status":"publish","type":"product","link":"https:\/\/aromasentia.com\/sv\/manipuleringssaker-och-barnsaker-gl18-droppare\/","title":{"rendered":"Manipuleringss\u00e4ker och Barns\u00e4ker GL18 Droppare"},"content":{"rendered":"<p style=\"text-align: justify;\"><strong>Manipuleringss\u00e4ker och barns\u00e4ker kapsyl med droppdosering<\/strong> f\u00f6r flaskor p\u00e5 10ml, 50ml och 100ml.&nbsp;<\/p>\n<p style=\"text-align: justify;\">Vi har ett brett utbud av flaskor och tillbeh\u00f6r tillg\u00e4ngliga till grossistpriser. Perfekt f\u00f6r ett brett utbud av buteljeringsbehov inklusive eteriska oljor och doftoljor, s\u00e5 att du kan buteljera ditt eget eller kanske till och med tillverka din egen blandning av massageoljor.<\/p>\n","protected":false},"excerpt":{"rendered":"<p>Manipuleringss\u00e4ker och barns\u00e4ker kapsyl med droppdosering f\u00f6r flaskor p\u00e5 10ml, 50ml och 100ml.&nbsp; Vi har ett brett utbud av flaskor och tillbeh\u00f6r tillg\u00e4ngliga till grossistpriser. Perfekt f\u00f6r ett brett utbud av buteljeringsbehov inklusive eteriska oljor och doftoljor, s\u00e5 att du kan buteljera ditt eget eller kanske till och med tillverka din egen blandning av massageoljor.<\/p>\n","protected":false},"featured_media":354649,"comment_status":"closed","ping_status":"open","template":"","meta":{"_angie_page":false},"product_brand":[],"product_cat":[11868,11891,11188,12386],"product_tag":[],"class_list":{"0":"post-213882","1":"product","2":"type-product","3":"status-publish","4":"has-post-thumbnail","6":"product_cat-aromaterapi-och-rumsdofter","7":"product_cat-flaskor-och-tillbehor","8":"product_cat-presentforpackningar-paketering","9":"product_cat-white-label-produkter","10":"pa_collection-glass-bottles-accessories-sv","11":"pa_made-in-storbritannien","13":"first","14":"instock","15":"purchasable","16":"product-type-simple"},"supplier_id":null,"supplier_sku":"GBot-24","barcode":null,"atum_controlled":true,"out_stock_date":null,"out_stock_threshold":null,"inheritable":false,"inbound_stock":null,"stock_on_hold":0,"sold_today":0,"sales_last_days":0,"reserved_stock":null,"customer_returns":null,"warehouse_damage":null,"lost_in_post":null,"other_logs":null,"out_stock_days":0,"lost_sales":0,"has_location":null,"update_date":"2026-05-04T00:03:55","atum_locations":[],"atum_stock_status":"instock","restock_status":false,"low_stock_amount":"","sales_update_date":"2025-09-05T00:27:20","calc_backorders":null,"_links":{"self":[{"href":"https:\/\/aromasentia.com\/sv\/wp-json\/wp\/v2\/product\/213882","targetHints":{"allow":["GET"]}}],"collection":[{"href":"https:\/\/aromasentia.com\/sv\/wp-json\/wp\/v2\/product"}],"about":[{"href":"https:\/\/aromasentia.com\/sv\/wp-json\/wp\/v2\/types\/product"}],"replies":[{"embeddable":true,"href":"https:\/\/aromasentia.com\/sv\/wp-json\/wp\/v2\/comments?post=213882"}],"version-history":[{"count":0,"href":"https:\/\/aromasentia.com\/sv\/wp-json\/wp\/v2\/product\/213882\/revisions"}],"wp:featuredmedia":[{"embeddable":true,"href":"https:\/\/aromasentia.com\/sv\/wp-json\/wp\/v2\/media\/354649"}],"wp:attachment":[{"href":"https:\/\/aromasentia.com\/sv\/wp-json\/wp\/v2\/media?parent=213882"}],"wp:term":[{"taxonomy":"product_brand","embeddable":true,"href":"https:\/\/aromasentia.com\/sv\/wp-json\/wp\/v2\/product_brand?post=213882"},{"taxonomy":"product_cat","embeddable":true,"href":"https:\/\/aromasentia.com\/sv\/wp-json\/wp\/v2\/product_cat?post=213882"},{"taxonomy":"product_tag","embeddable":true,"href":"https:\/\/aromasentia.com\/sv\/wp-json\/wp\/v2\/product_tag?post=213882"}],"curies":[{"name":"wp","href":"https:\/\/api.w.org\/{rel}","templated":true}]}}