{"id":213793,"date":"2025-03-22T14:18:40","date_gmt":"2025-03-22T14:18:40","guid":{"rendered":"https:\/\/aromasentia.com\/product\/reusable-foam-dispenser-bottle-450ml\/"},"modified":"2025-12-31T15:09:15","modified_gmt":"2025-12-31T15:09:15","slug":"ateranvandbar-dispenserflaska-for-skum-450ml","status":"publish","type":"product","link":"https:\/\/aromasentia.com\/sv\/ateranvandbar-dispenserflaska-for-skum-450ml\/","title":{"rendered":"\u00c5teranv\u00e4ndbar Dispenserflaska f\u00f6r Skum &#8211; 450ml"},"content":{"rendered":"<p style=\"text-align: justify;\">F\u00f6rnya ditt produktutbud med v\u00e5ra helt nya <strong>\u00c5teranv\u00e4ndbara Dispenserflaskor i Grossistledet<\/strong>, designade f\u00f6r att tillgodose de f\u00f6r\u00e4nderliga behoven hos b\u00e5de f\u00f6retag och milj\u00f6medvetna konsumenter. Dessa eleganta, gr\u00f6nf\u00e4rgade flaskor \u00e4r tillverkade av h\u00e5llbar och motst\u00e5ndskraftig plast, vilket s\u00e4kerst\u00e4ller att de st\u00e5r sig genom tiderna samtidigt som de har en positiv inverkan p\u00e5 milj\u00f6n.&nbsp;<\/p>\n<p style=\"text-align: justify;\">Vi presenterar v\u00e5r \u00e5teranv\u00e4ndbara skumdispenserflaska med en rymlig kapacitet p\u00e5 450ml. Den h\u00e4r flaskan \u00e4r tillverkad av h\u00e5llbar plast och \u00e4r speciellt designad f\u00f6r skumprodukter. Dess pumpmekanism skapar ett rikt skum av handtv\u00e5l, skummande reng\u00f6ringsmedel eller andra skumformulerade produkter. Det innovativa plastsp\u00e4nnet ger extra s\u00e4kerhet under transport eller f\u00f6rvaring. Om du s\u00e4ljer skumprodukter erbjuder den h\u00e4r flaskan en premium och h\u00e5llbar f\u00f6rpackningsl\u00f6sning.&nbsp;<\/p>\n<p style=\"text-align: justify;\"><strong>M\u00e5tt p\u00e5 flaskan:<\/strong> 6,5 x 18,5 x 6,5 cm&nbsp;<\/p>\n<p style=\"text-align: justify;\"><strong>Beh\u00e5llarens m\u00e5tt:<\/strong> 6,5 x 11,5 x 6,5 cm<\/p>\n","protected":false},"excerpt":{"rendered":"<p>F\u00f6rnya ditt produktutbud med v\u00e5ra helt nya \u00c5teranv\u00e4ndbara Dispenserflaskor i Grossistledet, designade f\u00f6r att tillgodose de f\u00f6r\u00e4nderliga behoven hos b\u00e5de f\u00f6retag och milj\u00f6medvetna konsumenter. Dessa eleganta, gr\u00f6nf\u00e4rgade flaskor \u00e4r tillverkade av h\u00e5llbar och motst\u00e5ndskraftig plast, vilket s\u00e4kerst\u00e4ller att de st\u00e5r sig genom tiderna samtidigt som de har en positiv inverkan p\u00e5 milj\u00f6n.&nbsp; Vi presenterar v\u00e5r [&hellip;]<\/p>\n","protected":false},"featured_media":356811,"comment_status":"closed","ping_status":"open","template":"","meta":{"_angie_page":false},"product_brand":[],"product_cat":[11188,12386],"product_tag":[],"class_list":{"0":"post-213793","1":"product","2":"type-product","3":"status-publish","4":"has-post-thumbnail","6":"product_cat-presentforpackningar-paketering","7":"product_cat-white-label-produkter","8":"pa_collection-reusable-dispenser-bottles-sv","9":"pa_made-in-kina","10":"pa_size-450ml","12":"first","13":"instock","14":"purchasable","15":"product-type-simple"},"supplier_id":null,"supplier_sku":"RPD-04","barcode":null,"atum_controlled":true,"out_stock_date":null,"out_stock_threshold":null,"inheritable":false,"inbound_stock":null,"stock_on_hold":0,"sold_today":0,"sales_last_days":0,"reserved_stock":null,"customer_returns":null,"warehouse_damage":null,"lost_in_post":null,"other_logs":null,"out_stock_days":0,"lost_sales":0,"has_location":null,"update_date":"2026-04-27T07:19:52","atum_locations":[],"atum_stock_status":"instock","restock_status":false,"low_stock_amount":"","sales_update_date":"2026-01-30T01:25:33","calc_backorders":null,"_links":{"self":[{"href":"https:\/\/aromasentia.com\/sv\/wp-json\/wp\/v2\/product\/213793","targetHints":{"allow":["GET"]}}],"collection":[{"href":"https:\/\/aromasentia.com\/sv\/wp-json\/wp\/v2\/product"}],"about":[{"href":"https:\/\/aromasentia.com\/sv\/wp-json\/wp\/v2\/types\/product"}],"replies":[{"embeddable":true,"href":"https:\/\/aromasentia.com\/sv\/wp-json\/wp\/v2\/comments?post=213793"}],"version-history":[{"count":0,"href":"https:\/\/aromasentia.com\/sv\/wp-json\/wp\/v2\/product\/213793\/revisions"}],"wp:featuredmedia":[{"embeddable":true,"href":"https:\/\/aromasentia.com\/sv\/wp-json\/wp\/v2\/media\/356811"}],"wp:attachment":[{"href":"https:\/\/aromasentia.com\/sv\/wp-json\/wp\/v2\/media?parent=213793"}],"wp:term":[{"taxonomy":"product_brand","embeddable":true,"href":"https:\/\/aromasentia.com\/sv\/wp-json\/wp\/v2\/product_brand?post=213793"},{"taxonomy":"product_cat","embeddable":true,"href":"https:\/\/aromasentia.com\/sv\/wp-json\/wp\/v2\/product_cat?post=213793"},{"taxonomy":"product_tag","embeddable":true,"href":"https:\/\/aromasentia.com\/sv\/wp-json\/wp\/v2\/product_tag?post=213793"}],"curies":[{"name":"wp","href":"https:\/\/api.w.org\/{rel}","templated":true}]}}