{"id":213792,"date":"2025-03-22T14:18:40","date_gmt":"2025-03-22T14:18:40","guid":{"rendered":"https:\/\/aromasentia.com\/product\/squat-reusable-dispenser-bottle-250ml\/"},"modified":"2025-06-29T20:45:06","modified_gmt":"2025-06-29T20:45:06","slug":"ateranvandbar-dispenserflaska-250ml","status":"publish","type":"product","link":"https:\/\/aromasentia.com\/sv\/ateranvandbar-dispenserflaska-250ml\/","title":{"rendered":"\u00c5teranv\u00e4ndbar Dispenserflaska 250ml"},"content":{"rendered":"<p style=\"text-align: justify;\">F\u00f6rnya ditt produktutbud med v\u00e5ra helt nya <strong>\u00c5teranv\u00e4ndbara Dispenserflaskor i Grossistledet<\/strong>, designade f\u00f6r att tillgodose de f\u00f6r\u00e4nderliga behoven hos b\u00e5de f\u00f6retag och milj\u00f6medvetna konsumenter. Dessa eleganta, gr\u00f6nf\u00e4rgade flaskor \u00e4r tillverkade av h\u00e5llbar och motst\u00e5ndskraftig plast, vilket s\u00e4kerst\u00e4ller att de st\u00e5r sig genom tiderna samtidigt som de har en positiv inverkan p\u00e5 milj\u00f6n.&nbsp;<\/p>\n<p style=\"text-align: justify;\">V\u00e5r <strong>250ml \u00c5teranv\u00e4ndbara Dispenserflaska<\/strong> kombinerar milj\u00f6medvetenhet med praktiska egenskaper. Med sin motst\u00e5ndskraftiga plast och praktiska pumpmekanism, \u00e4r denna flaska perfekt f\u00f6r olika flytande produkter. Den innovativa skruvpumpen ger extra s\u00e4kerhet under transport eller f\u00f6rvaring. Oavsett om du vill erbjuda m\u00e5ngsidiga f\u00f6rpackningsalternativ till dina kunder eller vill organisera ditt eget utrymme p\u00e5 ett h\u00e5llbart s\u00e4tt, \u00e4r denna flaska ett p\u00e5litligt val.<\/p>\n<p style=\"text-align: justify;\"><strong>M\u00e5tt p\u00e5 flaskan:<\/strong> 6,5 x 10 x 6,5 cm&nbsp;<\/p>\n<p style=\"text-align: justify;\"><strong>Beh\u00e5llarens m\u00e5tt:<\/strong> 6,5 x 6,5 x 6,5 cm<\/p>\n","protected":false},"excerpt":{"rendered":"<p>F\u00f6rnya ditt produktutbud med v\u00e5ra helt nya \u00c5teranv\u00e4ndbara Dispenserflaskor i Grossistledet, designade f\u00f6r att tillgodose de f\u00f6r\u00e4nderliga behoven hos b\u00e5de f\u00f6retag och milj\u00f6medvetna konsumenter. Dessa eleganta, gr\u00f6nf\u00e4rgade flaskor \u00e4r tillverkade av h\u00e5llbar och motst\u00e5ndskraftig plast, vilket s\u00e4kerst\u00e4ller att de st\u00e5r sig genom tiderna samtidigt som de har en positiv inverkan p\u00e5 milj\u00f6n.&nbsp; V\u00e5r 250ml \u00c5teranv\u00e4ndbara [&hellip;]<\/p>\n","protected":false},"featured_media":356778,"comment_status":"closed","ping_status":"open","template":"","meta":{"_angie_page":false},"product_brand":[],"product_cat":[11188,12386],"product_tag":[],"class_list":{"0":"post-213792","1":"product","2":"type-product","3":"status-publish","4":"has-post-thumbnail","6":"product_cat-presentforpackningar-paketering","7":"product_cat-white-label-produkter","8":"pa_collection-reusable-dispenser-bottles-sv","9":"pa_made-in-kina","10":"pa_size-250ml","12":"first","13":"instock","14":"purchasable","15":"product-type-simple"},"supplier_id":null,"supplier_sku":"RPD-03","barcode":null,"atum_controlled":true,"out_stock_date":null,"out_stock_threshold":null,"inheritable":false,"inbound_stock":null,"stock_on_hold":0,"sold_today":0,"sales_last_days":0,"reserved_stock":null,"customer_returns":null,"warehouse_damage":null,"lost_in_post":null,"other_logs":null,"out_stock_days":0,"lost_sales":0,"has_location":null,"update_date":"2026-05-04T00:04:58","atum_locations":[],"atum_stock_status":"instock","restock_status":false,"low_stock_amount":"","sales_update_date":"2026-01-30T01:26:01","calc_backorders":null,"_links":{"self":[{"href":"https:\/\/aromasentia.com\/sv\/wp-json\/wp\/v2\/product\/213792","targetHints":{"allow":["GET"]}}],"collection":[{"href":"https:\/\/aromasentia.com\/sv\/wp-json\/wp\/v2\/product"}],"about":[{"href":"https:\/\/aromasentia.com\/sv\/wp-json\/wp\/v2\/types\/product"}],"replies":[{"embeddable":true,"href":"https:\/\/aromasentia.com\/sv\/wp-json\/wp\/v2\/comments?post=213792"}],"version-history":[{"count":0,"href":"https:\/\/aromasentia.com\/sv\/wp-json\/wp\/v2\/product\/213792\/revisions"}],"wp:featuredmedia":[{"embeddable":true,"href":"https:\/\/aromasentia.com\/sv\/wp-json\/wp\/v2\/media\/356778"}],"wp:attachment":[{"href":"https:\/\/aromasentia.com\/sv\/wp-json\/wp\/v2\/media?parent=213792"}],"wp:term":[{"taxonomy":"product_brand","embeddable":true,"href":"https:\/\/aromasentia.com\/sv\/wp-json\/wp\/v2\/product_brand?post=213792"},{"taxonomy":"product_cat","embeddable":true,"href":"https:\/\/aromasentia.com\/sv\/wp-json\/wp\/v2\/product_cat?post=213792"},{"taxonomy":"product_tag","embeddable":true,"href":"https:\/\/aromasentia.com\/sv\/wp-json\/wp\/v2\/product_tag?post=213792"}],"curies":[{"name":"wp","href":"https:\/\/api.w.org\/{rel}","templated":true}]}}