{"id":213648,"date":"2025-03-22T16:05:12","date_gmt":"2025-03-22T16:05:12","guid":{"rendered":"https:\/\/aromasentia.com\/product\/grand-cadre-en-fer-ganpati-en-relief-dore-antique-07x1m\/"},"modified":"2025-12-31T15:07:20","modified_gmt":"2025-12-31T15:07:20","slug":"stor-relief-med-ram-i-antik-guld-ganapati-0-7x1m","status":"publish","type":"product","link":"https:\/\/aromasentia.com\/sv\/stor-relief-med-ram-i-antik-guld-ganapati-0-7x1m\/","title":{"rendered":"Stor Relief med Ram i Antik Guld &#8211; Ganapati &#8211; 0.7x1m"},"content":{"rendered":"<p style=\"text-align: justify;\">Skapa en fridfull och tidl\u00f6s atmosf\u00e4r med en stor Buddha-relief med ram. Dessa konstverk utstr\u00e5lar skickligt hantverk och en antik, v\u00e4derbiten finish, vilket ger en perfekt blandning av andlighet och estetik. Idealiska f\u00f6r hem, spa, meditationsrum och butiksmilj\u00f6er.<\/p>\n<p style=\"text-align: justify;\"><strong><em>OBS: De flesta av dessa Buddha-statyer m\u00e5ste fraktas p\u00e5 pallar. Kunder inom v\u00e5rt standard 1-2 dagars leveransomr\u00e5de f\u00e5r fri frakt, medan kunder utanf\u00f6r detta omr\u00e5de kan f\u00e5 en mindre leveransavgift.<\/em><\/strong><\/p>\n","protected":false},"excerpt":{"rendered":"<p>Skapa en fridfull och tidl\u00f6s atmosf\u00e4r med en stor Buddha-relief med ram. Dessa konstverk utstr\u00e5lar skickligt hantverk och en antik, v\u00e4derbiten finish, vilket ger en perfekt blandning av andlighet och estetik. Idealiska f\u00f6r hem, spa, meditationsrum och butiksmilj\u00f6er. OBS: De flesta av dessa Buddha-statyer m\u00e5ste fraktas p\u00e5 pallar. Kunder inom v\u00e5rt standard 1-2 dagars leveransomr\u00e5de [&hellip;]<\/p>\n","protected":false},"featured_media":366814,"comment_status":"closed","ping_status":"open","template":"","meta":{"_angie_page":false},"product_brand":[],"product_cat":[11197,12000],"product_tag":[],"class_list":{"0":"post-213648","1":"product","2":"type-product","3":"status-publish","4":"has-post-thumbnail","6":"product_cat-hem-och-tradgard","7":"product_cat-statyer-och-figurer","8":"pa_collection-extra-large-buddha-statues-sv","9":"pa_made-in-indonesien","11":"first","12":"instock","13":"purchasable","14":"product-type-simple"},"supplier_id":null,"supplier_sku":"GAS-12","barcode":null,"atum_controlled":true,"out_stock_date":null,"out_stock_threshold":null,"inheritable":false,"inbound_stock":null,"stock_on_hold":0,"sold_today":0,"sales_last_days":0,"reserved_stock":null,"customer_returns":null,"warehouse_damage":null,"lost_in_post":null,"other_logs":null,"out_stock_days":0,"lost_sales":0,"has_location":null,"update_date":"2026-04-27T07:04:52","atum_locations":[],"atum_stock_status":"instock","restock_status":false,"low_stock_amount":"","sales_update_date":"2025-09-05T00:28:25","calc_backorders":null,"_links":{"self":[{"href":"https:\/\/aromasentia.com\/sv\/wp-json\/wp\/v2\/product\/213648","targetHints":{"allow":["GET"]}}],"collection":[{"href":"https:\/\/aromasentia.com\/sv\/wp-json\/wp\/v2\/product"}],"about":[{"href":"https:\/\/aromasentia.com\/sv\/wp-json\/wp\/v2\/types\/product"}],"replies":[{"embeddable":true,"href":"https:\/\/aromasentia.com\/sv\/wp-json\/wp\/v2\/comments?post=213648"}],"version-history":[{"count":0,"href":"https:\/\/aromasentia.com\/sv\/wp-json\/wp\/v2\/product\/213648\/revisions"}],"wp:featuredmedia":[{"embeddable":true,"href":"https:\/\/aromasentia.com\/sv\/wp-json\/wp\/v2\/media\/366814"}],"wp:attachment":[{"href":"https:\/\/aromasentia.com\/sv\/wp-json\/wp\/v2\/media?parent=213648"}],"wp:term":[{"taxonomy":"product_brand","embeddable":true,"href":"https:\/\/aromasentia.com\/sv\/wp-json\/wp\/v2\/product_brand?post=213648"},{"taxonomy":"product_cat","embeddable":true,"href":"https:\/\/aromasentia.com\/sv\/wp-json\/wp\/v2\/product_cat?post=213648"},{"taxonomy":"product_tag","embeddable":true,"href":"https:\/\/aromasentia.com\/sv\/wp-json\/wp\/v2\/product_tag?post=213648"}],"curies":[{"name":"wp","href":"https:\/\/api.w.org\/{rel}","templated":true}]}}