{"id":213629,"date":"2025-03-22T16:05:12","date_gmt":"2025-03-22T16:05:12","guid":{"rendered":"https:\/\/aromasentia.com\/product\/protection-dream-cather-med-macrame-evil-eye-blue-white-black\/"},"modified":"2025-12-31T15:07:03","modified_gmt":"2025-12-31T15:07:03","slug":"skyddande-dromfangare-medelstor-ondoga-bla-vit-svart","status":"publish","type":"product","link":"https:\/\/aromasentia.com\/sv\/skyddande-dromfangare-medelstor-ondoga-bla-vit-svart\/","title":{"rendered":"Skyddande Dr\u00f6mf\u00e5ngare &#8211; Medelstor Ond\u00d6ga &#8211; Bl\u00e5\/Vit\/Svart"},"content":{"rendered":"","protected":false},"excerpt":{"rendered":"","protected":false},"featured_media":366291,"comment_status":"closed","ping_status":"open","template":"","meta":[],"product_brand":[],"product_cat":[11197,11198,11177],"product_tag":[],"class_list":{"0":"post-213629","1":"product","2":"type-product","3":"status-publish","4":"has-post-thumbnail","6":"product_cat-hem-och-tradgard","7":"product_cat-makrame-och-dromfangare","8":"product_cat-vintagepresenter-och-souvenirer","9":"pa_collection-protection-dream-catcher-sv","10":"pa_made-in-indonesien","12":"first","13":"instock","14":"purchasable","15":"product-type-simple"},"supplier_id":null,"supplier_sku":"EyeDC-08","barcode":null,"atum_controlled":true,"out_stock_date":null,"out_stock_threshold":null,"inheritable":false,"inbound_stock":null,"stock_on_hold":0,"sold_today":0,"sales_last_days":0,"reserved_stock":null,"customer_returns":null,"warehouse_damage":null,"lost_in_post":null,"other_logs":null,"out_stock_days":0,"lost_sales":0,"has_location":null,"update_date":"2026-02-06T00:02:34","atum_locations":[],"atum_stock_status":"instock","restock_status":false,"low_stock_amount":"","sales_update_date":"2026-02-06T00:02:34","calc_backorders":null,"_links":{"self":[{"href":"https:\/\/aromasentia.com\/sv\/wp-json\/wp\/v2\/product\/213629","targetHints":{"allow":["GET"]}}],"collection":[{"href":"https:\/\/aromasentia.com\/sv\/wp-json\/wp\/v2\/product"}],"about":[{"href":"https:\/\/aromasentia.com\/sv\/wp-json\/wp\/v2\/types\/product"}],"replies":[{"embeddable":true,"href":"https:\/\/aromasentia.com\/sv\/wp-json\/wp\/v2\/comments?post=213629"}],"version-history":[{"count":0,"href":"https:\/\/aromasentia.com\/sv\/wp-json\/wp\/v2\/product\/213629\/revisions"}],"wp:featuredmedia":[{"embeddable":true,"href":"https:\/\/aromasentia.com\/sv\/wp-json\/wp\/v2\/media\/366291"}],"wp:attachment":[{"href":"https:\/\/aromasentia.com\/sv\/wp-json\/wp\/v2\/media?parent=213629"}],"wp:term":[{"taxonomy":"product_brand","embeddable":true,"href":"https:\/\/aromasentia.com\/sv\/wp-json\/wp\/v2\/product_brand?post=213629"},{"taxonomy":"product_cat","embeddable":true,"href":"https:\/\/aromasentia.com\/sv\/wp-json\/wp\/v2\/product_cat?post=213629"},{"taxonomy":"product_tag","embeddable":true,"href":"https:\/\/aromasentia.com\/sv\/wp-json\/wp\/v2\/product_tag?post=213629"}],"curies":[{"name":"wp","href":"https:\/\/api.w.org\/{rel}","templated":true}]}}