{"id":213609,"date":"2025-03-22T16:04:38","date_gmt":"2025-03-22T16:04:38","guid":{"rendered":"https:\/\/aromasentia.com\/product\/boho-sea-shell-lamp-rose-globe-15cm\/"},"modified":"2025-12-31T15:06:46","modified_gmt":"2025-12-31T15:06:46","slug":"snackskalslampa-rund-med-rosor-15cm","status":"publish","type":"product","link":"https:\/\/aromasentia.com\/sv\/snackskalslampa-rund-med-rosor-15cm\/","title":{"rendered":"Sn\u00e4ckskalslampa &#8211; Rund med Rosor  &#8211; 15cm"},"content":{"rendered":"<p style=\"text-align: justify;\">L\u00e5t oss presentera v\u00e5ra fantastiska <strong>Boho Sn\u00e4ckskalslampor i Grossistledet<\/strong>, handgjorda p\u00e5 den tropiska paradis\u00f6n Bali, Indonesien. Dessa lampor \u00e4r en hyllning till konstn\u00e4rligt hantverk, skapade av skickliga hantverkare som f\u00f6rvandlar \u00e4kta sn\u00e4ckskal till f\u00e4ngslande verk som utstr\u00e5lar en romantisk Boho-vibe.<\/p>\n<p style=\"text-align: justify;\">Fyll ditt utrymme med kustens elegans. Den 15cm Runda Lampan med Ros-m\u00f6nster \u00e4r ett konstverk, tillverkat av skickliga hantverkare med \u00e4kta sn\u00e4ckskal. Dess globform och delikata ros-m\u00f6nster sprider ett varmt och inbjudande ljus, perfekt f\u00f6r att skapa en f\u00e4ngslande atmosf\u00e4r.<\/p>\n<p style=\"text-align: justify;\"><strong>Observera:&nbsp;<\/strong>Dessa lampor \u00e4r handgjorda av hantverkare med \u00e4kta sn\u00e4ckskal, s\u00e5 sm\u00e5 defekter eller oregelbundenheter kan f\u00f6rekomma.<\/p>\n<p style=\"text-align: justify;\"><strong>Varje lampa levereras komplett med ljusarmatur, gl\u00f6dlampa och EU-kontakt.<\/strong><\/p>\n","protected":false},"excerpt":{"rendered":"<p>L\u00e5t oss presentera v\u00e5ra fantastiska Boho Sn\u00e4ckskalslampor i Grossistledet, handgjorda p\u00e5 den tropiska paradis\u00f6n Bali, Indonesien. Dessa lampor \u00e4r en hyllning till konstn\u00e4rligt hantverk, skapade av skickliga hantverkare som f\u00f6rvandlar \u00e4kta sn\u00e4ckskal till f\u00e4ngslande verk som utstr\u00e5lar en romantisk Boho-vibe. Fyll ditt utrymme med kustens elegans. Den 15cm Runda Lampan med Ros-m\u00f6nster \u00e4r ett konstverk, [&hellip;]<\/p>\n","protected":false},"featured_media":358677,"comment_status":"closed","ping_status":"open","template":"","meta":{"_angie_page":false},"product_brand":[],"product_cat":[11197,12065],"product_tag":[],"class_list":{"0":"post-213609","1":"product","2":"type-product","3":"status-publish","4":"has-post-thumbnail","6":"product_cat-hem-och-tradgard","7":"product_cat-lampor-och-ljuslyktor","8":"pa_collection-boho-seashell-lamps-sv","9":"pa_made-in-indonesien","11":"first","12":"instock","13":"purchasable","14":"product-type-simple"},"supplier_id":null,"supplier_sku":"BBSL-01","barcode":null,"atum_controlled":true,"out_stock_date":null,"out_stock_threshold":null,"inheritable":false,"inbound_stock":null,"stock_on_hold":0,"sold_today":0,"sales_last_days":0,"reserved_stock":null,"customer_returns":null,"warehouse_damage":null,"lost_in_post":null,"other_logs":null,"out_stock_days":0,"lost_sales":0,"has_location":null,"update_date":"2026-04-27T06:54:25","atum_locations":[],"atum_stock_status":"instock","restock_status":false,"low_stock_amount":"","sales_update_date":"2026-01-30T01:24:44","calc_backorders":null,"_links":{"self":[{"href":"https:\/\/aromasentia.com\/sv\/wp-json\/wp\/v2\/product\/213609","targetHints":{"allow":["GET"]}}],"collection":[{"href":"https:\/\/aromasentia.com\/sv\/wp-json\/wp\/v2\/product"}],"about":[{"href":"https:\/\/aromasentia.com\/sv\/wp-json\/wp\/v2\/types\/product"}],"replies":[{"embeddable":true,"href":"https:\/\/aromasentia.com\/sv\/wp-json\/wp\/v2\/comments?post=213609"}],"version-history":[{"count":0,"href":"https:\/\/aromasentia.com\/sv\/wp-json\/wp\/v2\/product\/213609\/revisions"}],"wp:featuredmedia":[{"embeddable":true,"href":"https:\/\/aromasentia.com\/sv\/wp-json\/wp\/v2\/media\/358677"}],"wp:attachment":[{"href":"https:\/\/aromasentia.com\/sv\/wp-json\/wp\/v2\/media?parent=213609"}],"wp:term":[{"taxonomy":"product_brand","embeddable":true,"href":"https:\/\/aromasentia.com\/sv\/wp-json\/wp\/v2\/product_brand?post=213609"},{"taxonomy":"product_cat","embeddable":true,"href":"https:\/\/aromasentia.com\/sv\/wp-json\/wp\/v2\/product_cat?post=213609"},{"taxonomy":"product_tag","embeddable":true,"href":"https:\/\/aromasentia.com\/sv\/wp-json\/wp\/v2\/product_tag?post=213609"}],"curies":[{"name":"wp","href":"https:\/\/api.w.org\/{rel}","templated":true}]}}