{"id":213145,"date":"2025-03-22T16:05:57","date_gmt":"2025-03-22T16:05:57","guid":{"rendered":"https:\/\/aromasentia.com\/product\/recycled-beer-bottles-mini-flower-vase-on-wood\/"},"modified":"2025-12-31T15:00:35","modified_gmt":"2025-12-31T15:00:35","slug":"smalt-glas-av-atervunnaolflaskor-minivas-pa-tra","status":"publish","type":"product","link":"https:\/\/aromasentia.com\/sv\/smalt-glas-av-atervunnaolflaskor-minivas-pa-tra\/","title":{"rendered":"Sm\u00e4lt Glas av \u00c5tervunna\u00d6lflaskor &#8211; Minivas p\u00e5 Tr\u00e4"},"content":{"rendered":"","protected":false},"excerpt":{"rendered":"","protected":false},"featured_media":377012,"comment_status":"closed","ping_status":"open","template":"","meta":[],"product_brand":[],"product_cat":[12146,11197,11993],"product_tag":[],"class_list":{"0":"post-213145","1":"product","2":"type-product","3":"status-publish","4":"has-post-thumbnail","6":"product_cat-glasdekorationer","7":"product_cat-hem-och-tradgard","8":"product_cat-tradekorationer","9":"pa_collection-molten-recycled-beer-bottles-glass-on-wood-sv","10":"pa_made-in-indonesien","12":"first","13":"outofstock","14":"purchasable","15":"product-type-simple"},"supplier_id":null,"supplier_sku":"RBB-07","barcode":null,"atum_controlled":true,"out_stock_date":"2025-09-05 13:57:45","out_stock_threshold":null,"inheritable":false,"inbound_stock":null,"stock_on_hold":0,"sold_today":0,"sales_last_days":0,"reserved_stock":null,"customer_returns":null,"warehouse_damage":null,"lost_in_post":null,"other_logs":null,"out_stock_days":153,"lost_sales":0,"has_location":null,"update_date":"2026-02-06T00:01:06","atum_locations":[],"atum_stock_status":"outofstock","restock_status":false,"low_stock_amount":"","sales_update_date":"2026-02-06T00:01:06","calc_backorders":null,"_links":{"self":[{"href":"https:\/\/aromasentia.com\/sv\/wp-json\/wp\/v2\/product\/213145","targetHints":{"allow":["GET"]}}],"collection":[{"href":"https:\/\/aromasentia.com\/sv\/wp-json\/wp\/v2\/product"}],"about":[{"href":"https:\/\/aromasentia.com\/sv\/wp-json\/wp\/v2\/types\/product"}],"replies":[{"embeddable":true,"href":"https:\/\/aromasentia.com\/sv\/wp-json\/wp\/v2\/comments?post=213145"}],"version-history":[{"count":0,"href":"https:\/\/aromasentia.com\/sv\/wp-json\/wp\/v2\/product\/213145\/revisions"}],"wp:featuredmedia":[{"embeddable":true,"href":"https:\/\/aromasentia.com\/sv\/wp-json\/wp\/v2\/media\/377012"}],"wp:attachment":[{"href":"https:\/\/aromasentia.com\/sv\/wp-json\/wp\/v2\/media?parent=213145"}],"wp:term":[{"taxonomy":"product_brand","embeddable":true,"href":"https:\/\/aromasentia.com\/sv\/wp-json\/wp\/v2\/product_brand?post=213145"},{"taxonomy":"product_cat","embeddable":true,"href":"https:\/\/aromasentia.com\/sv\/wp-json\/wp\/v2\/product_cat?post=213145"},{"taxonomy":"product_tag","embeddable":true,"href":"https:\/\/aromasentia.com\/sv\/wp-json\/wp\/v2\/product_tag?post=213145"}],"curies":[{"name":"wp","href":"https:\/\/api.w.org\/{rel}","templated":true}]}}