{"id":213053,"date":"2025-03-22T16:06:08","date_gmt":"2025-03-22T16:06:08","guid":{"rendered":"https:\/\/aromasentia.com\/product\/oval-seagrass-black-white-tan-classic-60x120cm\/"},"modified":"2025-12-31T14:59:24","modified_gmt":"2025-12-31T14:59:24","slug":"oval-matta-av-sjogras-svart-vit-beige-klassisk-60x120cm","status":"publish","type":"product","link":"https:\/\/aromasentia.com\/sv\/oval-matta-av-sjogras-svart-vit-beige-klassisk-60x120cm\/","title":{"rendered":"Oval Matta av Sj\u00f6gr\u00e4s &#8211; Svart, Vit &#038; Beige &#8211; Klassisk &#8211; 60x120cm"},"content":{"rendered":"<p style=\"text-align: justify;\">Sj\u00f6gr\u00e4s v\u00e4ver in ljus i vardagen &ndash; vackert och naturligt.<br \/>\nDessa Mattor av Sj\u00f6gr\u00e4s \u00e4r handv\u00e4vda av sm\u00e5 familjef\u00f6retag p\u00e5 Bali. Varje matta tar upp till tv\u00e5 dagar att f\u00e4rdigst\u00e4lla &ndash; v\u00e5ra hantverkare tar sig tid f\u00f6r detaljerna. Utseendet av sj\u00f6gr\u00e4s och andra mattor av naturfiber \u00e4r mycket trendigt och stilrent just nu.<\/p>\n<p style=\"text-align: justify;\">Ancient Wisdoms <strong>Mattor av Sj\u00f6gr\u00e4s i Grossistledet<\/strong> finns i tv\u00e5 storlekar. Mattorna ger omedelbart en k\u00e4nsla av komfort och rustik atmosf\u00e4r i dina kunders hem, och deras neutrala f\u00e4rger passar alla stilar. Du kanske ocks\u00e5 gillar v\u00e5ra <a href=\"https:\/\/aromasentia.com\/sbs\" rel=\"noopener noreferrer\" target=\"_blank\"><strong>Set med Korgar av Sj\u00f6gr\u00e4s<\/strong><\/a>.<\/p>\n<p style=\"text-align: justify;\">Milj\u00f6v\u00e4nliga material \u00e4r verkligen p\u00e5 modet &ndash; sj\u00f6gr\u00e4smattor \u00e4r popul\u00e4ra tack vare sin rika struktur och l\u00e5ngvariga h\u00e5llbarhet. De kr\u00e4ver samma underh\u00e5ll som vanliga mattor och \u00e4r ofta mer motst\u00e5ndskraftiga mot fl\u00e4ckar och spill.<\/p>\n<p style=\"text-align: justify;\"><strong>Ge dina kunders hem den d\u00e4r sista touchen. Best\u00e4ll nu!<\/strong><\/p>\n","protected":false},"excerpt":{"rendered":"<p>Sj\u00f6gr\u00e4s v\u00e4ver in ljus i vardagen &ndash; vackert och naturligt. Dessa Mattor av Sj\u00f6gr\u00e4s \u00e4r handv\u00e4vda av sm\u00e5 familjef\u00f6retag p\u00e5 Bali. Varje matta tar upp till tv\u00e5 dagar att f\u00e4rdigst\u00e4lla &ndash; v\u00e5ra hantverkare tar sig tid f\u00f6r detaljerna. Utseendet av sj\u00f6gr\u00e4s och andra mattor av naturfiber \u00e4r mycket trendigt och stilrent just nu. Ancient Wisdoms [&hellip;]<\/p>\n","protected":false},"featured_media":377713,"comment_status":"closed","ping_status":"open","template":"","meta":{"_angie_page":false},"product_brand":[],"product_cat":[11197,11973,11974],"product_tag":[],"class_list":{"0":"post-213053","1":"product","2":"type-product","3":"status-publish","4":"has-post-thumbnail","6":"product_cat-hem-och-tradgard","7":"product_cat-mattor","8":"product_cat-textilier","9":"pa_collection-round-seagrass-rug-sv","10":"pa_made-in-indonesien","12":"first","13":"instock","14":"purchasable","15":"product-type-simple"},"supplier_id":null,"supplier_sku":"SGR-06","barcode":null,"atum_controlled":true,"out_stock_date":null,"out_stock_threshold":null,"inheritable":false,"inbound_stock":null,"stock_on_hold":0,"sold_today":0,"sales_last_days":0,"reserved_stock":null,"customer_returns":null,"warehouse_damage":null,"lost_in_post":null,"other_logs":null,"out_stock_days":0,"lost_sales":0,"has_location":null,"update_date":"2026-04-27T07:21:33","atum_locations":[],"atum_stock_status":"instock","restock_status":false,"low_stock_amount":"","sales_update_date":"2025-09-04T00:29:54","calc_backorders":null,"_links":{"self":[{"href":"https:\/\/aromasentia.com\/sv\/wp-json\/wp\/v2\/product\/213053","targetHints":{"allow":["GET"]}}],"collection":[{"href":"https:\/\/aromasentia.com\/sv\/wp-json\/wp\/v2\/product"}],"about":[{"href":"https:\/\/aromasentia.com\/sv\/wp-json\/wp\/v2\/types\/product"}],"replies":[{"embeddable":true,"href":"https:\/\/aromasentia.com\/sv\/wp-json\/wp\/v2\/comments?post=213053"}],"version-history":[{"count":0,"href":"https:\/\/aromasentia.com\/sv\/wp-json\/wp\/v2\/product\/213053\/revisions"}],"wp:featuredmedia":[{"embeddable":true,"href":"https:\/\/aromasentia.com\/sv\/wp-json\/wp\/v2\/media\/377713"}],"wp:attachment":[{"href":"https:\/\/aromasentia.com\/sv\/wp-json\/wp\/v2\/media?parent=213053"}],"wp:term":[{"taxonomy":"product_brand","embeddable":true,"href":"https:\/\/aromasentia.com\/sv\/wp-json\/wp\/v2\/product_brand?post=213053"},{"taxonomy":"product_cat","embeddable":true,"href":"https:\/\/aromasentia.com\/sv\/wp-json\/wp\/v2\/product_cat?post=213053"},{"taxonomy":"product_tag","embeddable":true,"href":"https:\/\/aromasentia.com\/sv\/wp-json\/wp\/v2\/product_tag?post=213053"}],"curies":[{"name":"wp","href":"https:\/\/api.w.org\/{rel}","templated":true}]}}