{"id":213049,"date":"2025-03-22T16:06:08","date_gmt":"2025-03-22T16:06:08","guid":{"rendered":"https:\/\/aromasentia.com\/product\/round-seagrass-black-tan-circles-1m\/"},"modified":"2025-12-31T14:59:16","modified_gmt":"2025-12-31T14:59:16","slug":"rund-matta-av-sjogras-svart-beige-cirklar-1m","status":"publish","type":"product","link":"https:\/\/aromasentia.com\/sv\/rund-matta-av-sjogras-svart-beige-cirklar-1m\/","title":{"rendered":"Rund Matta av Sj\u00f6gr\u00e4s &#8211; Svart &#038; Beige &#8211; Cirklar &#8211; 1m"},"content":{"rendered":"<p style=\"text-align: justify;\">Handv\u00e4vd och direktimporterad fr\u00e5n Indonesien &ndash; denna <strong>Runda Matta av Sj\u00f6gr\u00e4s &ndash; Svart &amp; Beiger &ndash; Cirklar &ndash; 1m<\/strong> \u00e4r helt fantastisk.<\/p>\n<p style=\"text-align: justify;\">Den kommer att stilfullt pryda vilket vardagsrum som helst. L\u00e4gg till en exotisk och naturlig k\u00e4nsla till soffbordet eller blomsterb\u00e4nken.<\/p>\n<p style=\"text-align: justify;\">Denna matta ger omedelbart komfort och en rustik atmosf\u00e4r i dina kunders hem. Dess neutrala f\u00e4rger passar alla stilar.<\/p>\n<p style=\"text-align: justify;\">Milj\u00f6v\u00e4nliga material \u00e4r verkligen p\u00e5 modet &ndash; s\u00e4rskilt produkter av sj\u00f6gr\u00e4s \u00e4r trendiga och l\u00e4tts\u00e5lda. Sj\u00f6gr\u00e4smattor \u00e4r popul\u00e4ra tack vare sin rika struktur och l\u00e5ngvariga h\u00e5llbarhet.<\/p>\n<p style=\"text-align: justify;\">Den kr\u00e4ver samma underh\u00e5ll som de flesta mattor. Den tenderar att vara mer motst\u00e5ndskraftig mot fl\u00e4ckar och spill &ndash; en idealisk egenskap f\u00f6r djur\u00e4gare.<\/p>\n<p style=\"text-align: justify;\"><strong>Best\u00e4ll nu f\u00f6r att ge din butik ett unikt naturligt inslag!<\/strong><\/p>\n","protected":false},"excerpt":{"rendered":"<p>Handv\u00e4vd och direktimporterad fr\u00e5n Indonesien &ndash; denna Runda Matta av Sj\u00f6gr\u00e4s &ndash; Svart &amp; Beiger &ndash; Cirklar &ndash; 1m \u00e4r helt fantastisk. Den kommer att stilfullt pryda vilket vardagsrum som helst. L\u00e4gg till en exotisk och naturlig k\u00e4nsla till soffbordet eller blomsterb\u00e4nken. Denna matta ger omedelbart komfort och en rustik atmosf\u00e4r i dina kunders hem. [&hellip;]<\/p>\n","protected":false},"featured_media":643549,"comment_status":"closed","ping_status":"open","template":"","meta":{"_angie_page":false},"product_brand":[],"product_cat":[11197,11973,11974],"product_tag":[],"class_list":{"0":"post-213049","1":"product","2":"type-product","3":"status-publish","4":"has-post-thumbnail","6":"product_cat-hem-och-tradgard","7":"product_cat-mattor","8":"product_cat-textilier","9":"pa_collection-round-seagrass-rug-sv","10":"pa_made-in-indonesien","12":"first","13":"instock","14":"purchasable","15":"product-type-simple"},"supplier_id":null,"supplier_sku":"SGR-03","barcode":null,"atum_controlled":true,"out_stock_date":null,"out_stock_threshold":null,"inheritable":false,"inbound_stock":null,"stock_on_hold":0,"sold_today":0,"sales_last_days":0,"reserved_stock":null,"customer_returns":null,"warehouse_damage":null,"lost_in_post":null,"other_logs":null,"out_stock_days":0,"lost_sales":0,"has_location":null,"update_date":"2026-04-27T07:21:26","atum_locations":[],"atum_stock_status":"instock","restock_status":false,"low_stock_amount":"","sales_update_date":"2026-01-30T01:25:33","calc_backorders":null,"_links":{"self":[{"href":"https:\/\/aromasentia.com\/sv\/wp-json\/wp\/v2\/product\/213049","targetHints":{"allow":["GET"]}}],"collection":[{"href":"https:\/\/aromasentia.com\/sv\/wp-json\/wp\/v2\/product"}],"about":[{"href":"https:\/\/aromasentia.com\/sv\/wp-json\/wp\/v2\/types\/product"}],"replies":[{"embeddable":true,"href":"https:\/\/aromasentia.com\/sv\/wp-json\/wp\/v2\/comments?post=213049"}],"version-history":[{"count":0,"href":"https:\/\/aromasentia.com\/sv\/wp-json\/wp\/v2\/product\/213049\/revisions"}],"wp:featuredmedia":[{"embeddable":true,"href":"https:\/\/aromasentia.com\/sv\/wp-json\/wp\/v2\/media\/643549"}],"wp:attachment":[{"href":"https:\/\/aromasentia.com\/sv\/wp-json\/wp\/v2\/media?parent=213049"}],"wp:term":[{"taxonomy":"product_brand","embeddable":true,"href":"https:\/\/aromasentia.com\/sv\/wp-json\/wp\/v2\/product_brand?post=213049"},{"taxonomy":"product_cat","embeddable":true,"href":"https:\/\/aromasentia.com\/sv\/wp-json\/wp\/v2\/product_cat?post=213049"},{"taxonomy":"product_tag","embeddable":true,"href":"https:\/\/aromasentia.com\/sv\/wp-json\/wp\/v2\/product_tag?post=213049"}],"curies":[{"name":"wp","href":"https:\/\/api.w.org\/{rel}","templated":true}]}}