{"id":212781,"date":"2025-03-22T16:58:42","date_gmt":"2025-03-22T16:58:42","guid":{"rendered":"https:\/\/aromasentia.com\/product\/10ml-xmas-sandalwood-fragrance\/"},"modified":"2025-12-31T14:55:47","modified_gmt":"2025-12-31T14:55:47","slug":"sandeltra-doftolja-10ml-2","status":"publish","type":"product","link":"https:\/\/aromasentia.com\/sv\/sandeltra-doftolja-10ml-2\/","title":{"rendered":"Sandeltr\u00e4 Doftolja 10ml"},"content":{"rendered":"<p style=\"text-align: justify;\"><strong>Sandeltr\u00e4 Doftoljor i grossistledet&nbsp;<\/strong>har extra l\u00e5ng livsl\u00e4ngd, tack vare deras blandning med dipropylenglykol (DPG), en p\u00e5litlig b\u00e4rarolja som anv\u00e4nds f\u00f6r att f\u00f6rb\u00e4ttra deras uth\u00e5llighet och effektivitet.&nbsp;<\/p>\n<p style=\"text-align: justify;\">Och l\u00e5t oss inte gl\u00f6mma den f\u00e4ngslande och omissk\u00e4nnliga doften av denna olja &ndash; det \u00e4r en uppm\u00e4rksamhetsf\u00e5ngare som kommer att imponera p\u00e5 dina kunder.&nbsp;<\/p>\n","protected":false},"excerpt":{"rendered":"<p>Sandeltr\u00e4 Doftoljor i grossistledet&nbsp;har extra l\u00e5ng livsl\u00e4ngd, tack vare deras blandning med dipropylenglykol (DPG), en p\u00e5litlig b\u00e4rarolja som anv\u00e4nds f\u00f6r att f\u00f6rb\u00e4ttra deras uth\u00e5llighet och effektivitet.&nbsp; Och l\u00e5t oss inte gl\u00f6mma den f\u00e4ngslande och omissk\u00e4nnliga doften av denna olja &ndash; det \u00e4r en uppm\u00e4rksamhetsf\u00e5ngare som kommer att imponera p\u00e5 dina kunder.&nbsp;<\/p>\n","protected":false},"featured_media":385758,"comment_status":"closed","ping_status":"open","template":"","meta":[],"product_brand":[],"product_cat":[11868,25845,11873,26063,26899],"product_tag":[],"class_list":{"0":"post-212781","1":"product","2":"type-product","3":"status-publish","4":"has-post-thumbnail","6":"product_cat-aromaterapi-och-rumsdofter","7":"product_cat-dofter-aromer","8":"product_cat-doftoljor","9":"product_cat-sandeltra","10":"product_cat-traig","11":"pa_collection-ancient-wisdom-fragrance-oils-sv","12":"pa_made-in-storbritannien","13":"pa_size-10ml","15":"first","16":"instock","17":"purchasable","18":"product-type-simple"},"supplier_id":null,"supplier_sku":"AWFO-74","barcode":null,"atum_controlled":true,"out_stock_date":null,"out_stock_threshold":null,"inheritable":false,"inbound_stock":null,"stock_on_hold":0,"sold_today":0,"sales_last_days":0,"reserved_stock":null,"customer_returns":null,"warehouse_damage":null,"lost_in_post":null,"other_logs":null,"out_stock_days":0,"lost_sales":0,"has_location":null,"update_date":"2026-02-03T14:24:55","atum_locations":[],"atum_stock_status":"instock","restock_status":false,"low_stock_amount":"","sales_update_date":"2026-01-30T01:24:24","calc_backorders":null,"_links":{"self":[{"href":"https:\/\/aromasentia.com\/sv\/wp-json\/wp\/v2\/product\/212781","targetHints":{"allow":["GET"]}}],"collection":[{"href":"https:\/\/aromasentia.com\/sv\/wp-json\/wp\/v2\/product"}],"about":[{"href":"https:\/\/aromasentia.com\/sv\/wp-json\/wp\/v2\/types\/product"}],"replies":[{"embeddable":true,"href":"https:\/\/aromasentia.com\/sv\/wp-json\/wp\/v2\/comments?post=212781"}],"version-history":[{"count":0,"href":"https:\/\/aromasentia.com\/sv\/wp-json\/wp\/v2\/product\/212781\/revisions"}],"wp:featuredmedia":[{"embeddable":true,"href":"https:\/\/aromasentia.com\/sv\/wp-json\/wp\/v2\/media\/385758"}],"wp:attachment":[{"href":"https:\/\/aromasentia.com\/sv\/wp-json\/wp\/v2\/media?parent=212781"}],"wp:term":[{"taxonomy":"product_brand","embeddable":true,"href":"https:\/\/aromasentia.com\/sv\/wp-json\/wp\/v2\/product_brand?post=212781"},{"taxonomy":"product_cat","embeddable":true,"href":"https:\/\/aromasentia.com\/sv\/wp-json\/wp\/v2\/product_cat?post=212781"},{"taxonomy":"product_tag","embeddable":true,"href":"https:\/\/aromasentia.com\/sv\/wp-json\/wp\/v2\/product_tag?post=212781"}],"curies":[{"name":"wp","href":"https:\/\/api.w.org\/{rel}","templated":true}]}}