{"id":212760,"date":"2025-03-22T16:58:42","date_gmt":"2025-03-22T16:58:42","guid":{"rendered":"https:\/\/aromasentia.com\/product\/10ml-pear-drop-fragrance-oil\/"},"modified":"2025-12-31T14:55:32","modified_gmt":"2025-12-31T14:55:32","slug":"paron-drop-doftolja-10ml","status":"publish","type":"product","link":"https:\/\/aromasentia.com\/sv\/paron-drop-doftolja-10ml\/","title":{"rendered":"P\u00e4ron Drop Doftolja 10ml"},"content":{"rendered":"<p style=\"text-align: justify;\"><strong>P\u00e4ron Drop Doftoljor i grossistledet&nbsp;<\/strong>har extra l\u00e5ng livsl\u00e4ngd, tack vare deras blandning med dipropylenglykol (DPG), en p\u00e5litlig b\u00e4rarolja som anv\u00e4nds f\u00f6r att f\u00f6rb\u00e4ttra deras uth\u00e5llighet och effektivitet.&nbsp;<\/p>\n<p style=\"text-align: justify;\">Och l\u00e5t oss inte gl\u00f6mma den f\u00e4ngslande och omissk\u00e4nnliga doften av denna olja &ndash; det \u00e4r en uppm\u00e4rksamhetsf\u00e5ngare som kommer att imponera p\u00e5 dina kunder.&nbsp;<\/p>\n<p style=\"text-align: justify;\"><strong>Toppnoter:&nbsp;<\/strong>P\u00e4ron &#8211; Ester<\/p>\n<p style=\"text-align: justify;\"><strong>Hj\u00e4rtnoter:&nbsp;<\/strong>Apelsinblomma &#8211; Lila<\/p>\n<p style=\"text-align: justify;\"><strong>Basnoter:&nbsp;<\/strong>Mysk &#8211; Heliotrop<\/p>\n","protected":false},"excerpt":{"rendered":"<p>P\u00e4ron Drop Doftoljor i grossistledet&nbsp;har extra l\u00e5ng livsl\u00e4ngd, tack vare deras blandning med dipropylenglykol (DPG), en p\u00e5litlig b\u00e4rarolja som anv\u00e4nds f\u00f6r att f\u00f6rb\u00e4ttra deras uth\u00e5llighet och effektivitet.&nbsp; Och l\u00e5t oss inte gl\u00f6mma den f\u00e4ngslande och omissk\u00e4nnliga doften av denna olja &ndash; det \u00e4r en uppm\u00e4rksamhetsf\u00e5ngare som kommer att imponera p\u00e5 dina kunder.&nbsp; Toppnoter:&nbsp;P\u00e4ron &#8211; Ester [&hellip;]<\/p>\n","protected":false},"featured_media":385233,"comment_status":"closed","ping_status":"open","template":"","meta":{"_angie_page":false},"product_brand":[],"product_cat":[11868,11873],"product_tag":[],"class_list":{"0":"post-212760","1":"product","2":"type-product","3":"status-publish","4":"has-post-thumbnail","6":"product_cat-aromaterapi-och-rumsdofter","7":"product_cat-doftoljor","8":"pa_collection-ancient-wisdom-fragrance-oils-sv","9":"pa_made-in-storbritannien","10":"pa_size-10ml","12":"first","13":"instock","14":"purchasable","15":"product-type-simple"},"supplier_id":null,"supplier_sku":"AWFO-49","barcode":null,"atum_controlled":true,"out_stock_date":null,"out_stock_threshold":null,"inheritable":false,"inbound_stock":null,"stock_on_hold":0,"sold_today":0,"sales_last_days":0,"reserved_stock":null,"customer_returns":null,"warehouse_damage":null,"lost_in_post":null,"other_logs":null,"out_stock_days":0,"lost_sales":0,"has_location":null,"update_date":"2026-05-08T05:03:49","atum_locations":[],"atum_stock_status":"instock","restock_status":false,"low_stock_amount":"","sales_update_date":"2026-02-06T00:02:22","calc_backorders":null,"_links":{"self":[{"href":"https:\/\/aromasentia.com\/sv\/wp-json\/wp\/v2\/product\/212760","targetHints":{"allow":["GET"]}}],"collection":[{"href":"https:\/\/aromasentia.com\/sv\/wp-json\/wp\/v2\/product"}],"about":[{"href":"https:\/\/aromasentia.com\/sv\/wp-json\/wp\/v2\/types\/product"}],"replies":[{"embeddable":true,"href":"https:\/\/aromasentia.com\/sv\/wp-json\/wp\/v2\/comments?post=212760"}],"version-history":[{"count":0,"href":"https:\/\/aromasentia.com\/sv\/wp-json\/wp\/v2\/product\/212760\/revisions"}],"wp:featuredmedia":[{"embeddable":true,"href":"https:\/\/aromasentia.com\/sv\/wp-json\/wp\/v2\/media\/385233"}],"wp:attachment":[{"href":"https:\/\/aromasentia.com\/sv\/wp-json\/wp\/v2\/media?parent=212760"}],"wp:term":[{"taxonomy":"product_brand","embeddable":true,"href":"https:\/\/aromasentia.com\/sv\/wp-json\/wp\/v2\/product_brand?post=212760"},{"taxonomy":"product_cat","embeddable":true,"href":"https:\/\/aromasentia.com\/sv\/wp-json\/wp\/v2\/product_cat?post=212760"},{"taxonomy":"product_tag","embeddable":true,"href":"https:\/\/aromasentia.com\/sv\/wp-json\/wp\/v2\/product_tag?post=212760"}],"curies":[{"name":"wp","href":"https:\/\/api.w.org\/{rel}","templated":true}]}}