{"id":212744,"date":"2025-03-22T16:58:42","date_gmt":"2025-03-22T16:58:42","guid":{"rendered":"https:\/\/aromasentia.com\/product\/10ml-jasmine-fragrance-oil\/"},"modified":"2025-12-31T14:55:25","modified_gmt":"2025-12-31T14:55:25","slug":"jasmin-doftolja-10ml","status":"publish","type":"product","link":"https:\/\/aromasentia.com\/sv\/jasmin-doftolja-10ml\/","title":{"rendered":"Jasmin Doftolja 10ml"},"content":{"rendered":"<p style=\"text-align: justify;\"><strong>Jasmin Doftoljor i grossistledet&nbsp;<\/strong>har extra l\u00e5ng livsl\u00e4ngd, tack vare deras blandning med dipropylenglykol (DPG), en p\u00e5litlig b\u00e4rarolja som anv\u00e4nds f\u00f6r att f\u00f6rb\u00e4ttra deras uth\u00e5llighet och effektivitet.&nbsp;<\/p>\n<p style=\"text-align: justify;\">Och l\u00e5t oss inte gl\u00f6mma den f\u00e4ngslande och omissk\u00e4nnliga doften av denna olja &ndash; det \u00e4r en uppm\u00e4rksamhetsf\u00e5ngare som kommer att imponera p\u00e5 dina kunder.&nbsp;<\/p>\n<p style=\"text-align: justify;\"><strong>Toppnoter:<\/strong> Fruktig<\/p>\n<p style=\"text-align: justify;\"><strong>Hj\u00e4rtnoter:&nbsp;<\/strong>Jasmin &#8211; Krydda &#8211; Vita Blommor<\/p>\n<p style=\"text-align: justify;\"><strong>Basnoter: <\/strong>Patchouli &#8211; Cedertr\u00e4 &nbsp;<strong> <\/strong><\/p>\n","protected":false},"excerpt":{"rendered":"<p>Jasmin Doftoljor i grossistledet&nbsp;har extra l\u00e5ng livsl\u00e4ngd, tack vare deras blandning med dipropylenglykol (DPG), en p\u00e5litlig b\u00e4rarolja som anv\u00e4nds f\u00f6r att f\u00f6rb\u00e4ttra deras uth\u00e5llighet och effektivitet.&nbsp; Och l\u00e5t oss inte gl\u00f6mma den f\u00e4ngslande och omissk\u00e4nnliga doften av denna olja &ndash; det \u00e4r en uppm\u00e4rksamhetsf\u00e5ngare som kommer att imponera p\u00e5 dina kunder.&nbsp; Toppnoter: Fruktig Hj\u00e4rtnoter:&nbsp;Jasmin &#8211; [&hellip;]<\/p>\n","protected":false},"featured_media":384833,"comment_status":"closed","ping_status":"open","template":"","meta":{"_angie_page":false},"product_brand":[],"product_cat":[11868,26836,25845,11873,26030],"product_tag":[],"class_list":{"0":"post-212744","1":"product","2":"type-product","3":"status-publish","4":"has-post-thumbnail","6":"product_cat-aromaterapi-och-rumsdofter","7":"product_cat-blommig","8":"product_cat-dofter-aromer","9":"product_cat-doftoljor","10":"product_cat-jasmin","11":"pa_collection-ancient-wisdom-fragrance-oils-sv","12":"pa_made-in-storbritannien","13":"pa_size-10ml","15":"first","16":"instock","17":"purchasable","18":"product-type-simple"},"supplier_id":null,"supplier_sku":"AWFO-32","barcode":null,"atum_controlled":true,"out_stock_date":null,"out_stock_threshold":null,"inheritable":false,"inbound_stock":null,"stock_on_hold":0,"sold_today":0,"sales_last_days":0,"reserved_stock":null,"customer_returns":null,"warehouse_damage":null,"lost_in_post":null,"other_logs":null,"out_stock_days":0,"lost_sales":0,"has_location":null,"update_date":"2026-04-27T06:52:03","atum_locations":[],"atum_stock_status":"instock","restock_status":false,"low_stock_amount":"","sales_update_date":"2025-10-09T03:24:18","calc_backorders":null,"_links":{"self":[{"href":"https:\/\/aromasentia.com\/sv\/wp-json\/wp\/v2\/product\/212744","targetHints":{"allow":["GET"]}}],"collection":[{"href":"https:\/\/aromasentia.com\/sv\/wp-json\/wp\/v2\/product"}],"about":[{"href":"https:\/\/aromasentia.com\/sv\/wp-json\/wp\/v2\/types\/product"}],"replies":[{"embeddable":true,"href":"https:\/\/aromasentia.com\/sv\/wp-json\/wp\/v2\/comments?post=212744"}],"version-history":[{"count":0,"href":"https:\/\/aromasentia.com\/sv\/wp-json\/wp\/v2\/product\/212744\/revisions"}],"wp:featuredmedia":[{"embeddable":true,"href":"https:\/\/aromasentia.com\/sv\/wp-json\/wp\/v2\/media\/384833"}],"wp:attachment":[{"href":"https:\/\/aromasentia.com\/sv\/wp-json\/wp\/v2\/media?parent=212744"}],"wp:term":[{"taxonomy":"product_brand","embeddable":true,"href":"https:\/\/aromasentia.com\/sv\/wp-json\/wp\/v2\/product_brand?post=212744"},{"taxonomy":"product_cat","embeddable":true,"href":"https:\/\/aromasentia.com\/sv\/wp-json\/wp\/v2\/product_cat?post=212744"},{"taxonomy":"product_tag","embeddable":true,"href":"https:\/\/aromasentia.com\/sv\/wp-json\/wp\/v2\/product_tag?post=212744"}],"curies":[{"name":"wp","href":"https:\/\/api.w.org\/{rel}","templated":true}]}}