{"id":212729,"date":"2025-03-22T16:58:42","date_gmt":"2025-03-22T16:58:42","guid":{"rendered":"https:\/\/aromasentia.com\/product\/10ml-cinnamon-orange\/"},"modified":"2025-12-31T14:55:10","modified_gmt":"2025-12-31T14:55:10","slug":"kanel-apelsin-doftolja-10ml","status":"publish","type":"product","link":"https:\/\/aromasentia.com\/sv\/kanel-apelsin-doftolja-10ml\/","title":{"rendered":"Kanel &#038; Apelsin Doftolja 10ml"},"content":{"rendered":"<p style=\"text-align: justify;\"><strong>Kanel &amp; Apelsin Doftoljor i grossistledet&nbsp;<\/strong>har extra l\u00e5ng livsl\u00e4ngd, tack vare deras blandning med dipropylenglykol (DPG), en p\u00e5litlig b\u00e4rarolja som anv\u00e4nds f\u00f6r att f\u00f6rb\u00e4ttra deras uth\u00e5llighet och effektivitet.&nbsp;<\/p>\n<p style=\"text-align: justify;\">Och l\u00e5t oss inte gl\u00f6mma den f\u00e4ngslande och omissk\u00e4nnliga doften av denna olja &ndash; det \u00e4r en uppm\u00e4rksamhetsf\u00e5ngare som kommer att imponera p\u00e5 dina kunder.&nbsp;<\/p>\n<p style=\"text-align: justify;\"><strong>Toppnoter:<\/strong> S\u00f6t Apelsin &#8211; Ingef\u00e4ra &#8211; \u00c4pple<\/p>\n<p style=\"text-align: justify;\"><strong>Hj\u00e4rtnoter:<\/strong> Nejlika &#8211; Kanel &#8211; Rom<\/p>\n<p style=\"text-align: justify;\"><strong>Basnoter:<\/strong> Vanilj &#8211; Karamell<\/p>\n","protected":false},"excerpt":{"rendered":"<p>Kanel &amp; Apelsin Doftoljor i grossistledet&nbsp;har extra l\u00e5ng livsl\u00e4ngd, tack vare deras blandning med dipropylenglykol (DPG), en p\u00e5litlig b\u00e4rarolja som anv\u00e4nds f\u00f6r att f\u00f6rb\u00e4ttra deras uth\u00e5llighet och effektivitet.&nbsp; Och l\u00e5t oss inte gl\u00f6mma den f\u00e4ngslande och omissk\u00e4nnliga doften av denna olja &ndash; det \u00e4r en uppm\u00e4rksamhetsf\u00e5ngare som kommer att imponera p\u00e5 dina kunder.&nbsp; Toppnoter: S\u00f6t [&hellip;]<\/p>\n","protected":false},"featured_media":384458,"comment_status":"closed","ping_status":"open","template":"","meta":{"_angie_page":false},"product_brand":[],"product_cat":[26047,11868,26822,25845,11873,26012,26892],"product_tag":[],"class_list":{"0":"post-212729","1":"product","2":"type-product","3":"status-publish","4":"has-post-thumbnail","6":"product_cat-apelsin","7":"product_cat-aromaterapi-och-rumsdofter","8":"product_cat-citrus","9":"product_cat-dofter-aromer","10":"product_cat-doftoljor","11":"product_cat-kanel","12":"product_cat-kryddig","13":"pa_collection-ancient-wisdom-fragrance-oils-sv","14":"pa_made-in-storbritannien","15":"pa_size-10ml","17":"first","18":"instock","19":"purchasable","20":"product-type-simple"},"supplier_id":null,"supplier_sku":"AWFO-14","barcode":null,"atum_controlled":true,"out_stock_date":null,"out_stock_threshold":null,"inheritable":false,"inbound_stock":null,"stock_on_hold":0,"sold_today":0,"sales_last_days":0,"reserved_stock":null,"customer_returns":null,"warehouse_damage":null,"lost_in_post":null,"other_logs":null,"out_stock_days":0,"lost_sales":0,"has_location":null,"update_date":"2026-04-27T06:51:56","atum_locations":[],"atum_stock_status":"instock","restock_status":false,"low_stock_amount":"","sales_update_date":"2025-10-09T03:24:14","calc_backorders":null,"_links":{"self":[{"href":"https:\/\/aromasentia.com\/sv\/wp-json\/wp\/v2\/product\/212729","targetHints":{"allow":["GET"]}}],"collection":[{"href":"https:\/\/aromasentia.com\/sv\/wp-json\/wp\/v2\/product"}],"about":[{"href":"https:\/\/aromasentia.com\/sv\/wp-json\/wp\/v2\/types\/product"}],"replies":[{"embeddable":true,"href":"https:\/\/aromasentia.com\/sv\/wp-json\/wp\/v2\/comments?post=212729"}],"version-history":[{"count":0,"href":"https:\/\/aromasentia.com\/sv\/wp-json\/wp\/v2\/product\/212729\/revisions"}],"wp:featuredmedia":[{"embeddable":true,"href":"https:\/\/aromasentia.com\/sv\/wp-json\/wp\/v2\/media\/384458"}],"wp:attachment":[{"href":"https:\/\/aromasentia.com\/sv\/wp-json\/wp\/v2\/media?parent=212729"}],"wp:term":[{"taxonomy":"product_brand","embeddable":true,"href":"https:\/\/aromasentia.com\/sv\/wp-json\/wp\/v2\/product_brand?post=212729"},{"taxonomy":"product_cat","embeddable":true,"href":"https:\/\/aromasentia.com\/sv\/wp-json\/wp\/v2\/product_cat?post=212729"},{"taxonomy":"product_tag","embeddable":true,"href":"https:\/\/aromasentia.com\/sv\/wp-json\/wp\/v2\/product_tag?post=212729"}],"curies":[{"name":"wp","href":"https:\/\/api.w.org\/{rel}","templated":true}]}}