{"id":212679,"date":"2025-03-22T16:58:52","date_gmt":"2025-03-22T16:58:52","guid":{"rendered":"https:\/\/aromasentia.com\/product\/aroma-wax-melts-nutmeg-lemon\/"},"modified":"2025-12-31T14:54:55","modified_gmt":"2025-12-31T14:54:55","slug":"aromaterapi-doftvaxer-muskot-citron","status":"publish","type":"product","link":"https:\/\/aromasentia.com\/sv\/aromaterapi-doftvaxer-muskot-citron\/","title":{"rendered":"Aromaterapi Doftvaxer &#8211; Muskot &#038; Citron"},"content":{"rendered":"<p style=\"text-align: justify;\">Dessa <strong>Aromaterapi Doftvaxer &#8211; Muskot &amp; Citron&nbsp;<\/strong>\u00e4r gjorda av rena eteriska oljor. Varje burk inneh\u00e5ller 16 vaxhj\u00e4rtan. L\u00e4gg bara till ett eller tv\u00e5 hj\u00e4rtformade vaxer i en oljebr\u00e4nnare och njut av en fantastisk arom.&nbsp;<\/p>\n<p style=\"text-align: justify;\">Dessa doftvaxer \u00e4r gjorda med rena eteriska oljor blandade med sojavaxer. Eftersom de inte inneh\u00e5ller paraffinvax f\u00e5r de hemmet att dofta av en underbar arom utan lukten av olja.&nbsp;<\/p>\n<p style=\"text-align: justify;\">Koppla g\u00e4rna ihop dem med v\u00e5ra <strong>Klassiska Buddha Oljebr\u00e4nnare<\/strong> eller n\u00e5gon annan oljebr\u00e4nnare. Du kan kombinera dem som antingen en till\u00e4ggsrea eller ett presentset, eller s\u00e4lja burkarna individuellt.<\/p>\n","protected":false},"excerpt":{"rendered":"<p>Dessa Aromaterapi Doftvaxer &#8211; Muskot &amp; Citron&nbsp;\u00e4r gjorda av rena eteriska oljor. Varje burk inneh\u00e5ller 16 vaxhj\u00e4rtan. L\u00e4gg bara till ett eller tv\u00e5 hj\u00e4rtformade vaxer i en oljebr\u00e4nnare och njut av en fantastisk arom.&nbsp; Dessa doftvaxer \u00e4r gjorda med rena eteriska oljor blandade med sojavaxer. Eftersom de inte inneh\u00e5ller paraffinvax f\u00e5r de hemmet att dofta [&hellip;]<\/p>\n","protected":false},"featured_media":386407,"comment_status":"closed","ping_status":"open","template":"","meta":{"_angie_page":false},"product_brand":[],"product_cat":[11868,26033,26822,25845,26892,26046,11922],"product_tag":[],"class_list":{"0":"post-212679","1":"product","2":"type-product","3":"status-publish","4":"has-post-thumbnail","6":"product_cat-aromaterapi-och-rumsdofter","7":"product_cat-citron","8":"product_cat-citrus","9":"product_cat-dofter-aromer","10":"product_cat-kryddig","11":"product_cat-muskotnot","12":"product_cat-sojavaxer","13":"pa_collection-aroma-wax-melts-sv","14":"pa_made-in-kina","16":"first","17":"instock","18":"purchasable","19":"product-type-simple"},"supplier_id":null,"supplier_sku":"AWMJ-06","barcode":null,"atum_controlled":true,"out_stock_date":null,"out_stock_threshold":null,"inheritable":false,"inbound_stock":null,"stock_on_hold":0,"sold_today":0,"sales_last_days":0,"reserved_stock":null,"customer_returns":null,"warehouse_damage":null,"lost_in_post":null,"other_logs":null,"out_stock_days":0,"lost_sales":0,"has_location":null,"update_date":"2026-04-27T06:52:34","atum_locations":[],"atum_stock_status":"instock","restock_status":false,"low_stock_amount":"","sales_update_date":"2026-01-30T01:25:22","calc_backorders":null,"_links":{"self":[{"href":"https:\/\/aromasentia.com\/sv\/wp-json\/wp\/v2\/product\/212679","targetHints":{"allow":["GET"]}}],"collection":[{"href":"https:\/\/aromasentia.com\/sv\/wp-json\/wp\/v2\/product"}],"about":[{"href":"https:\/\/aromasentia.com\/sv\/wp-json\/wp\/v2\/types\/product"}],"replies":[{"embeddable":true,"href":"https:\/\/aromasentia.com\/sv\/wp-json\/wp\/v2\/comments?post=212679"}],"version-history":[{"count":0,"href":"https:\/\/aromasentia.com\/sv\/wp-json\/wp\/v2\/product\/212679\/revisions"}],"wp:featuredmedia":[{"embeddable":true,"href":"https:\/\/aromasentia.com\/sv\/wp-json\/wp\/v2\/media\/386407"}],"wp:attachment":[{"href":"https:\/\/aromasentia.com\/sv\/wp-json\/wp\/v2\/media?parent=212679"}],"wp:term":[{"taxonomy":"product_brand","embeddable":true,"href":"https:\/\/aromasentia.com\/sv\/wp-json\/wp\/v2\/product_brand?post=212679"},{"taxonomy":"product_cat","embeddable":true,"href":"https:\/\/aromasentia.com\/sv\/wp-json\/wp\/v2\/product_cat?post=212679"},{"taxonomy":"product_tag","embeddable":true,"href":"https:\/\/aromasentia.com\/sv\/wp-json\/wp\/v2\/product_tag?post=212679"}],"curies":[{"name":"wp","href":"https:\/\/api.w.org\/{rel}","templated":true}]}}