{"id":212628,"date":"2025-03-22T16:58:52","date_gmt":"2025-03-22T16:58:52","guid":{"rendered":"https:\/\/aromasentia.com\/product\/100ml-room-spray-gooseberry-white-tea\/"},"modified":"2025-12-31T14:54:33","modified_gmt":"2025-12-31T14:54:33","slug":"100ml-rumsspray-krusbar-vitt-te","status":"publish","type":"product","link":"https:\/\/aromasentia.com\/sv\/100ml-rumsspray-krusbar-vitt-te\/","title":{"rendered":"100ml Rumsspray &#8211; Krusb\u00e4r &#038; Vitt Te"},"content":{"rendered":"<p style=\"text-align: justify;\">G\u00f6r ditt hem v\u00e4ldoftande med detta utbud av noggrant blandade doftsprayer som \u00e4r designade f\u00f6r att g\u00f6ra din omgivning mysig och v\u00e4lkomnande.&nbsp;<\/p>\n<p style=\"text-align: justify;\">Ancient Wisdom Rumssprayer \u00e4r f\u00f6rpackade i 6 x 100 ml aluminiumflaskor och \u00e4r sakkunnigt blandade f\u00f6r att ge alla rum en uts\u00f6kt arom.&nbsp;<\/p>\n<p style=\"text-align: justify;\">Vi har ett utm\u00e4rkt utbud av dofter och dina kunder kommer inte kunna motst\u00e5 att ta med sig hem n\u00e5gra stycken.&nbsp;<\/p>\n<p style=\"text-align: justify;\">Sprayerna fungerar bra som en frist\u00e5ende produkt men \u00e4r ocks\u00e5 perfekta att s\u00e4lja tillsammans med v\u00e5ra Doftgranulat eller v\u00e5ra Doftoljor.&nbsp;<\/p>\n<p style=\"text-align: justify;\"><strong><span style=\"color: rgb(84, 172, 210);\">Best\u00e4ll i dag f\u00f6r att g\u00f6ra dina kunders hem till en riktig aromatisk himmel!<\/span><\/strong><\/p>\n","protected":false},"excerpt":{"rendered":"<p>G\u00f6r ditt hem v\u00e4ldoftande med detta utbud av noggrant blandade doftsprayer som \u00e4r designade f\u00f6r att g\u00f6ra din omgivning mysig och v\u00e4lkomnande.&nbsp; Ancient Wisdom Rumssprayer \u00e4r f\u00f6rpackade i 6 x 100 ml aluminiumflaskor och \u00e4r sakkunnigt blandade f\u00f6r att ge alla rum en uts\u00f6kt arom.&nbsp; Vi har ett utm\u00e4rkt utbud av dofter och dina kunder [&hellip;]<\/p>\n","protected":false},"featured_media":386920,"comment_status":"closed","ping_status":"open","template":"","meta":[],"product_brand":[],"product_cat":[11868,11914],"product_tag":[],"class_list":{"0":"post-212628","1":"product","2":"type-product","3":"status-publish","4":"has-post-thumbnail","6":"product_cat-aromaterapi-och-rumsdofter","7":"product_cat-doftspray-rumsdofter-och-rumsspray","8":"pa_collection-premium-room-sprays-100ml-sv","9":"pa_made-in-storbritannien","10":"pa_size-100ml","12":"first","13":"instock","14":"purchasable","15":"product-type-simple"},"supplier_id":null,"supplier_sku":"AWRS-04","barcode":null,"atum_controlled":true,"out_stock_date":null,"out_stock_threshold":null,"inheritable":false,"inbound_stock":null,"stock_on_hold":0,"sold_today":0,"sales_last_days":0,"reserved_stock":null,"customer_returns":null,"warehouse_damage":null,"lost_in_post":null,"other_logs":null,"out_stock_days":0,"lost_sales":0,"has_location":null,"update_date":"2026-01-30T03:35:37","atum_locations":[],"atum_stock_status":"instock","restock_status":false,"low_stock_amount":"","sales_update_date":"2025-10-09T03:24:50","calc_backorders":null,"_links":{"self":[{"href":"https:\/\/aromasentia.com\/sv\/wp-json\/wp\/v2\/product\/212628","targetHints":{"allow":["GET"]}}],"collection":[{"href":"https:\/\/aromasentia.com\/sv\/wp-json\/wp\/v2\/product"}],"about":[{"href":"https:\/\/aromasentia.com\/sv\/wp-json\/wp\/v2\/types\/product"}],"replies":[{"embeddable":true,"href":"https:\/\/aromasentia.com\/sv\/wp-json\/wp\/v2\/comments?post=212628"}],"version-history":[{"count":0,"href":"https:\/\/aromasentia.com\/sv\/wp-json\/wp\/v2\/product\/212628\/revisions"}],"wp:featuredmedia":[{"embeddable":true,"href":"https:\/\/aromasentia.com\/sv\/wp-json\/wp\/v2\/media\/386920"}],"wp:attachment":[{"href":"https:\/\/aromasentia.com\/sv\/wp-json\/wp\/v2\/media?parent=212628"}],"wp:term":[{"taxonomy":"product_brand","embeddable":true,"href":"https:\/\/aromasentia.com\/sv\/wp-json\/wp\/v2\/product_brand?post=212628"},{"taxonomy":"product_cat","embeddable":true,"href":"https:\/\/aromasentia.com\/sv\/wp-json\/wp\/v2\/product_cat?post=212628"},{"taxonomy":"product_tag","embeddable":true,"href":"https:\/\/aromasentia.com\/sv\/wp-json\/wp\/v2\/product_tag?post=212628"}],"curies":[{"name":"wp","href":"https:\/\/api.w.org\/{rel}","templated":true}]}}