{"id":212505,"date":"2025-03-22T16:59:14","date_gmt":"2025-03-22T16:59:14","guid":{"rendered":"https:\/\/aromasentia.com\/product\/gift-set-of-6-wax-melts-japanese-magnolia\/"},"modified":"2025-12-31T14:54:25","modified_gmt":"2025-12-31T14:54:25","slug":"ask-med-6-sojavaxer-japansk-magnolia","status":"publish","type":"product","link":"https:\/\/aromasentia.com\/sv\/ask-med-6-sojavaxer-japansk-magnolia\/","title":{"rendered":"Ask med 6 Sojavaxer &#8211; Japansk Magnolia"},"content":{"rendered":"<p style=\"text-align: justify;\">Dessa <strong>D<\/strong><strong>oftande Sojavaxer i Grossistledet<\/strong> som \u00e4r f\u00f6rpackade i en presentask \u00e4r gjorda av en naturlig blandning av sojavaxer och doftoljor av den b\u00e4sta kvalit&eacute;n. Det finns m\u00e5nga fantastiska dofter att v\u00e4lja mellan, som dina kunder kommer att \u00e4lska.&nbsp;<\/p>\n<p style=\"text-align: justify;\">Sojavaxerna inneh\u00e5ller inget paraffinvax, s\u00e5 dina kunder kommer att f\u00e5 kvalitetsdoft i sina hem. Det r\u00e4cker att tills\u00e4tta endast en sojavax i en oljebr\u00e4nnare f\u00f6r att f\u00e5 ditt hem att dofta underbart.&nbsp;<\/p>\n<p style=\"text-align: justify;\">I varje ask hittar du 5 st mindre askar med sojavaxer. Varje liten ask inneh\u00e5ller 6 sojavaxer \u00e5tskilda av kartongavdelare. Du kan para ihop sojavaxerna med en oljebr\u00e4nnare som antingen en till\u00e4ggsrea eller ett presentset, men du kan ocks\u00e5 s\u00e4lja vaxerna individuellt. Oavsett vad, \u00e4r detta en perfekt present f\u00f6r alla tillf\u00e4llen.&nbsp;<\/p>\n<p style=\"text-align: justify;\"><strong><span style=\"color: rgb(84, 172, 210);\">Skaffa ett brett sortiment f\u00f6r att s\u00e4kerst\u00e4lla bra f\u00f6rs\u00e4ljning. Best\u00e4ll nu!<\/span><\/strong><\/p>\n<ul>\n<li style=\"text-align: justify;\">Varje ask inneh\u00e5ller 5 st mindre askar&nbsp;<\/li>\n<li style=\"text-align: justify;\">Varje liten ask inneh\u00e5ller 6 sojavaxer<\/li>\n<li style=\"text-align: justify;\">Den ungef\u00e4rliga storleken p\u00e5 sojavaxerna \u00e4r 4&#215;4 cm&nbsp;<\/li>\n<li style=\"text-align: justify;\">Varje sojavax v\u00e4ger ca 15 g<\/li>\n<\/ul>\n","protected":false},"excerpt":{"rendered":"<p>Dessa Doftande Sojavaxer i Grossistledet som \u00e4r f\u00f6rpackade i en presentask \u00e4r gjorda av en naturlig blandning av sojavaxer och doftoljor av den b\u00e4sta kvalit&eacute;n. Det finns m\u00e5nga fantastiska dofter att v\u00e4lja mellan, som dina kunder kommer att \u00e4lska.&nbsp; Sojavaxerna inneh\u00e5ller inget paraffinvax, s\u00e5 dina kunder kommer att f\u00e5 kvalitetsdoft i sina hem. Det r\u00e4cker [&hellip;]<\/p>\n","protected":false},"featured_media":389924,"comment_status":"closed","ping_status":"open","template":"","meta":[],"product_brand":[],"product_cat":[11868,11922],"product_tag":[],"class_list":{"0":"post-212505","1":"product","2":"type-product","3":"status-publish","4":"has-post-thumbnail","6":"product_cat-aromaterapi-och-rumsdofter","7":"product_cat-sojavaxer","8":"pa_collection-luxury-wax-melts-in-gift-boxes-sv","9":"pa_made-in-kina","11":"first","12":"instock","13":"purchasable","14":"product-type-simple"},"supplier_id":null,"supplier_sku":"LWMelt-14","barcode":null,"atum_controlled":true,"out_stock_date":null,"out_stock_threshold":null,"inheritable":false,"inbound_stock":null,"stock_on_hold":0,"sold_today":0,"sales_last_days":0,"reserved_stock":null,"customer_returns":null,"warehouse_damage":null,"lost_in_post":null,"other_logs":null,"out_stock_days":0,"lost_sales":0,"has_location":null,"update_date":"2026-01-28T09:13:10","atum_locations":[],"atum_stock_status":"instock","restock_status":false,"low_stock_amount":"","sales_update_date":"2025-09-03T00:22:07","calc_backorders":null,"_links":{"self":[{"href":"https:\/\/aromasentia.com\/sv\/wp-json\/wp\/v2\/product\/212505","targetHints":{"allow":["GET"]}}],"collection":[{"href":"https:\/\/aromasentia.com\/sv\/wp-json\/wp\/v2\/product"}],"about":[{"href":"https:\/\/aromasentia.com\/sv\/wp-json\/wp\/v2\/types\/product"}],"replies":[{"embeddable":true,"href":"https:\/\/aromasentia.com\/sv\/wp-json\/wp\/v2\/comments?post=212505"}],"version-history":[{"count":0,"href":"https:\/\/aromasentia.com\/sv\/wp-json\/wp\/v2\/product\/212505\/revisions"}],"wp:featuredmedia":[{"embeddable":true,"href":"https:\/\/aromasentia.com\/sv\/wp-json\/wp\/v2\/media\/389924"}],"wp:attachment":[{"href":"https:\/\/aromasentia.com\/sv\/wp-json\/wp\/v2\/media?parent=212505"}],"wp:term":[{"taxonomy":"product_brand","embeddable":true,"href":"https:\/\/aromasentia.com\/sv\/wp-json\/wp\/v2\/product_brand?post=212505"},{"taxonomy":"product_cat","embeddable":true,"href":"https:\/\/aromasentia.com\/sv\/wp-json\/wp\/v2\/product_cat?post=212505"},{"taxonomy":"product_tag","embeddable":true,"href":"https:\/\/aromasentia.com\/sv\/wp-json\/wp\/v2\/product_tag?post=212505"}],"curies":[{"name":"wp","href":"https:\/\/api.w.org\/{rel}","templated":true}]}}