{"id":212432,"date":"2025-03-22T16:59:14","date_gmt":"2025-03-22T16:59:14","guid":{"rendered":"https:\/\/aromasentia.com\/product\/200ml-lemon-nutmeg-essential-oil-reed-diffuser\/"},"modified":"2025-12-31T14:54:10","modified_gmt":"2025-12-31T14:54:10","slug":"citron-muskot-eterisk-olja-rorspridare-200-ml","status":"publish","type":"product","link":"https:\/\/aromasentia.com\/sv\/citron-muskot-eterisk-olja-rorspridare-200-ml\/","title":{"rendered":"Citron &#038; Muskot Eterisk Olja R\u00f6rspridare &#8211; 200 ml"},"content":{"rendered":"<p>De rena oljorna fr\u00e5n v\u00e4xter, \u00f6rter och tr\u00e4d har anv\u00e4nts i tusentals \u00e5r f\u00f6r att f\u00f6rf\u00f6ra, f\u00f6rtrolla och l\u00e4ka. Nu kan du frig\u00f6ra den ur\u00e5ldriga magin och kraften hos aromatiska oljor i ditt hem.&nbsp;<\/p>\n<p>Denna vackra klassiska r\u00f6rspridare inneh\u00e5ller endast naturliga eteriska oljor (i en mineraloljebas) f\u00f6r att f\u00f6rtrolla och gl\u00e4dja din familj och v\u00e4nner.&nbsp;<\/p>\n<p>L\u00e5ngsamt och f\u00f6rsiktigt kommer aromen att stiga l\u00e4ngs pinnarna och fylla rummet med en h\u00e4rlig och riktigt aromatisk doft. Doften kan h\u00e5lla i upp till 12 veckor.&nbsp;<\/p>\n<p>Ta bort all f\u00f6rpackning f\u00f6re anv\u00e4ndning. \u00d6ppna helt enkelt locket, ta bort pluggen och placera de indonesiska rottingpinnarna i flaskan. N\u00e4r pinnarna har sugit upp oljan kan du eventuellt v\u00e4nda p\u00e5 dem och s\u00e4tta tillbaka dem i flaskan med den oljeindr\u00e4nkta \u00e4nden ut\u00e5t f\u00f6r en snabbare utl\u00f6sning av doften.&nbsp;<\/p>\n<p><strong>Vi hoppas att du njuter av ditt aromatiska \u00e4ventyr!<\/strong><\/p>\n","protected":false},"excerpt":{"rendered":"<p>De rena oljorna fr\u00e5n v\u00e4xter, \u00f6rter och tr\u00e4d har anv\u00e4nts i tusentals \u00e5r f\u00f6r att f\u00f6rf\u00f6ra, f\u00f6rtrolla och l\u00e4ka. Nu kan du frig\u00f6ra den ur\u00e5ldriga magin och kraften hos aromatiska oljor i ditt hem.&nbsp; Denna vackra klassiska r\u00f6rspridare inneh\u00e5ller endast naturliga eteriska oljor (i en mineraloljebas) f\u00f6r att f\u00f6rtrolla och gl\u00e4dja din familj och v\u00e4nner.&nbsp; [&hellip;]<\/p>\n","protected":false},"featured_media":390503,"comment_status":"closed","ping_status":"open","template":"","meta":[],"product_brand":[],"product_cat":[11884,26033,26822,25845,11885,26892,26046],"product_tag":[],"class_list":{"0":"post-212432","1":"product","2":"type-product","3":"status-publish","4":"has-post-thumbnail","6":"product_cat-aromalampor-diffusers-och-doftpinnar","7":"product_cat-citron","8":"product_cat-citrus","9":"product_cat-dofter-aromer","10":"product_cat-doftpinnar","11":"product_cat-kryddig","12":"product_cat-muskotnot","13":"pa_collection-pure-essential-oils-reed-diffusers-sv","14":"pa_made-in-storbritannien","15":"pa_size-200ml","17":"first","18":"instock","19":"purchasable","20":"product-type-simple"},"supplier_id":null,"supplier_sku":"RDEO-02","barcode":null,"atum_controlled":true,"out_stock_date":null,"out_stock_threshold":null,"inheritable":false,"inbound_stock":null,"stock_on_hold":0,"sold_today":0,"sales_last_days":0,"reserved_stock":null,"customer_returns":null,"warehouse_damage":null,"lost_in_post":null,"other_logs":null,"out_stock_days":0,"lost_sales":0,"has_location":null,"update_date":"2026-02-09T19:02:23","atum_locations":[],"atum_stock_status":"instock","restock_status":false,"low_stock_amount":"","sales_update_date":"2026-01-30T01:26:00","calc_backorders":null,"_links":{"self":[{"href":"https:\/\/aromasentia.com\/sv\/wp-json\/wp\/v2\/product\/212432","targetHints":{"allow":["GET"]}}],"collection":[{"href":"https:\/\/aromasentia.com\/sv\/wp-json\/wp\/v2\/product"}],"about":[{"href":"https:\/\/aromasentia.com\/sv\/wp-json\/wp\/v2\/types\/product"}],"replies":[{"embeddable":true,"href":"https:\/\/aromasentia.com\/sv\/wp-json\/wp\/v2\/comments?post=212432"}],"version-history":[{"count":0,"href":"https:\/\/aromasentia.com\/sv\/wp-json\/wp\/v2\/product\/212432\/revisions"}],"wp:featuredmedia":[{"embeddable":true,"href":"https:\/\/aromasentia.com\/sv\/wp-json\/wp\/v2\/media\/390503"}],"wp:attachment":[{"href":"https:\/\/aromasentia.com\/sv\/wp-json\/wp\/v2\/media?parent=212432"}],"wp:term":[{"taxonomy":"product_brand","embeddable":true,"href":"https:\/\/aromasentia.com\/sv\/wp-json\/wp\/v2\/product_brand?post=212432"},{"taxonomy":"product_cat","embeddable":true,"href":"https:\/\/aromasentia.com\/sv\/wp-json\/wp\/v2\/product_cat?post=212432"},{"taxonomy":"product_tag","embeddable":true,"href":"https:\/\/aromasentia.com\/sv\/wp-json\/wp\/v2\/product_tag?post=212432"}],"curies":[{"name":"wp","href":"https:\/\/api.w.org\/{rel}","templated":true}]}}