{"id":212427,"date":"2025-03-22T16:59:14","date_gmt":"2025-03-22T16:59:14","guid":{"rendered":"https:\/\/aromasentia.com\/product\/oudh-room-spray-agarwood-ambiance-100ml\/"},"modified":"2025-12-31T14:54:03","modified_gmt":"2025-12-31T14:54:03","slug":"oudh-rumsspray-agartra-atmosfar-100ml","status":"publish","type":"product","link":"https:\/\/aromasentia.com\/sv\/oudh-rumsspray-agartra-atmosfar-100ml\/","title":{"rendered":"Oudh Rumsspray &#8211; Agartr\u00e4 Atmosf\u00e4r 100ml"},"content":{"rendered":"<p style=\"text-align: justify;\"><strong>Agartr\u00e4 Atmosf\u00e4r Rumsspray<\/strong> \u00e4r utformad f\u00f6r att skapa en sofistikerad, inbjudande atmosf\u00e4r med en antydan av lyx och exotisk charm. Blandningen av rik oudh, blommiga inslag och varma, tr\u00e4iga basnoter resulterar i en balanserad, f\u00e4ngslande doft som f\u00f6rvandlar vilket utrymme som helst till en sofistikerad tillflyktsort.&nbsp;<\/p>\n<p style=\"text-align: justify;\"><strong>Toppnoter:&nbsp;<\/strong>Saffran och ros&nbsp;<\/p>\n<p style=\"text-align: justify;\"><strong>Hj\u00e4rtnoter:<\/strong> Oudh, jasmin och cypriol&nbsp;<\/p>\n<p style=\"text-align: justify;\"><strong>Basnoter:<\/strong> Sandeltr\u00e4, mysk och patchouli<\/p>\n","protected":false},"excerpt":{"rendered":"<p>Agartr\u00e4 Atmosf\u00e4r Rumsspray \u00e4r utformad f\u00f6r att skapa en sofistikerad, inbjudande atmosf\u00e4r med en antydan av lyx och exotisk charm. Blandningen av rik oudh, blommiga inslag och varma, tr\u00e4iga basnoter resulterar i en balanserad, f\u00e4ngslande doft som f\u00f6rvandlar vilket utrymme som helst till en sofistikerad tillflyktsort.&nbsp; Toppnoter:&nbsp;Saffran och ros&nbsp; Hj\u00e4rtnoter: Oudh, jasmin och cypriol&nbsp; Basnoter: [&hellip;]<\/p>\n","protected":false},"featured_media":390426,"comment_status":"closed","ping_status":"open","template":"","meta":[],"product_brand":[],"product_cat":[11868,11914],"product_tag":[],"class_list":{"0":"post-212427","1":"product","2":"type-product","3":"status-publish","4":"has-post-thumbnail","6":"product_cat-aromaterapi-och-rumsdofter","7":"product_cat-doftspray-rumsdofter-och-rumsspray","8":"pa_collection-the-experience-oudh-room-sprays-sv","9":"pa_made-in-storbritannien","10":"pa_size-100ml","12":"first","13":"instock","14":"purchasable","15":"product-type-simple"},"supplier_id":null,"supplier_sku":"OudhRS-01","barcode":null,"atum_controlled":true,"out_stock_date":null,"out_stock_threshold":null,"inheritable":false,"inbound_stock":null,"stock_on_hold":0,"sold_today":0,"sales_last_days":0,"reserved_stock":null,"customer_returns":null,"warehouse_damage":null,"lost_in_post":null,"other_logs":null,"out_stock_days":0,"lost_sales":0,"has_location":null,"update_date":"2026-02-07T14:33:22","atum_locations":[],"atum_stock_status":"instock","restock_status":false,"low_stock_amount":"","sales_update_date":"2025-09-03T00:22:00","calc_backorders":null,"_links":{"self":[{"href":"https:\/\/aromasentia.com\/sv\/wp-json\/wp\/v2\/product\/212427","targetHints":{"allow":["GET"]}}],"collection":[{"href":"https:\/\/aromasentia.com\/sv\/wp-json\/wp\/v2\/product"}],"about":[{"href":"https:\/\/aromasentia.com\/sv\/wp-json\/wp\/v2\/types\/product"}],"replies":[{"embeddable":true,"href":"https:\/\/aromasentia.com\/sv\/wp-json\/wp\/v2\/comments?post=212427"}],"version-history":[{"count":0,"href":"https:\/\/aromasentia.com\/sv\/wp-json\/wp\/v2\/product\/212427\/revisions"}],"wp:featuredmedia":[{"embeddable":true,"href":"https:\/\/aromasentia.com\/sv\/wp-json\/wp\/v2\/media\/390426"}],"wp:attachment":[{"href":"https:\/\/aromasentia.com\/sv\/wp-json\/wp\/v2\/media?parent=212427"}],"wp:term":[{"taxonomy":"product_brand","embeddable":true,"href":"https:\/\/aromasentia.com\/sv\/wp-json\/wp\/v2\/product_brand?post=212427"},{"taxonomy":"product_cat","embeddable":true,"href":"https:\/\/aromasentia.com\/sv\/wp-json\/wp\/v2\/product_cat?post=212427"},{"taxonomy":"product_tag","embeddable":true,"href":"https:\/\/aromasentia.com\/sv\/wp-json\/wp\/v2\/product_tag?post=212427"}],"curies":[{"name":"wp","href":"https:\/\/api.w.org\/{rel}","templated":true}]}}