{"id":212421,"date":"2025-03-22T16:59:14","date_gmt":"2025-03-22T16:59:14","guid":{"rendered":"https:\/\/aromasentia.com\/product\/natural-diffuser-flowers-small-lotus-on-string\/"},"modified":"2025-12-31T14:54:03","modified_gmt":"2025-12-31T14:54:03","slug":"naturlig-doftspridande-blomma-liten-lotus-med-snore","status":"publish","type":"product","link":"https:\/\/aromasentia.com\/sv\/naturlig-doftspridande-blomma-liten-lotus-med-snore\/","title":{"rendered":"Naturlig Doftspridande Blomma &#8211; Liten Lotus med Sn\u00f6re"},"content":{"rendered":"<p style=\"text-align: justify;\"><strong>M\u00e5tt:&nbsp;<\/strong><\/p>\n<p style=\"text-align: justify;\">L\u00e4ngd p\u00e5 en pinne: 26 cm&nbsp;<\/p>\n<p style=\"text-align: justify;\">Blomma: h\u00f6jd &#8211; 6 cm, diameter &#8211; 3 cm&nbsp;<\/p>\n<p style=\"text-align: justify;\"><strong>Observera: Inneh\u00e5ller ingen doft och r\u00f6rspridare-flaskor ing\u00e5r inte.&nbsp;<\/strong><\/p>\n<p style=\"text-align: justify;\">Dessa <strong>N<\/strong><strong>aturliga Doftspridande Blommor&nbsp;<\/strong>och pinnar \u00e4r handgjorda av solatr\u00e4. Blommorna \u00e4r anslutna till ett bomullssn\u00f6re eller en vasspinne som drar doften upp\u00e5t i blomman och skapar de vackraste, mest konstn\u00e4rliga spridarna.&nbsp;<\/p>\n<p style=\"text-align: justify;\">Du kan g\u00f6ra en h\u00e4rlig uppst\u00e4llning, s\u00e4lja flaskor och doft &#8211; Dina kreativa kunder kommer att inspireras av alla m\u00f6jligheterna.&nbsp;<\/p>\n<p style=\"text-align: justify;\">Blommorna \u00e4r perfekta f\u00f6r tillverkare av r\u00f6rspridare &#8211; kolla in v\u00e5rt utbud av rena doftoljor!&nbsp;<\/p>\n<p style=\"text-align: justify;\">S\u00e4lj dina egna koncept eller l\u00e5t dina kunder skapa sina egna. Oavsett vilket, kommer detta utbud av naturliga doftspridande blommor att vara ett vackert tillskott till din butik.&nbsp;<\/p>\n<p style=\"text-align: justify;\">Anm\u00e4rkning: Kronbladen kommer gradvis att dra f\u00e4rg fr\u00e5n den anv\u00e4nda doften och skapa en unik vacker blomeffekt.&nbsp;<\/p>\n<p style=\"text-align: justify;\"><strong><span style=\"color: rgb(84, 172, 210);\">Best\u00e4ll idag och unna dina kunder ett h\u00e4rligt doftande konstverk!<\/span><\/strong><\/p>\n","protected":false},"excerpt":{"rendered":"<p>M\u00e5tt:&nbsp; L\u00e4ngd p\u00e5 en pinne: 26 cm&nbsp; Blomma: h\u00f6jd &#8211; 6 cm, diameter &#8211; 3 cm&nbsp; Observera: Inneh\u00e5ller ingen doft och r\u00f6rspridare-flaskor ing\u00e5r inte.&nbsp; Dessa Naturliga Doftspridande Blommor&nbsp;och pinnar \u00e4r handgjorda av solatr\u00e4. Blommorna \u00e4r anslutna till ett bomullssn\u00f6re eller en vasspinne som drar doften upp\u00e5t i blomman och skapar de vackraste, mest konstn\u00e4rliga spridarna.&nbsp; [&hellip;]<\/p>\n","protected":false},"featured_media":669311,"comment_status":"closed","ping_status":"closed","template":"","meta":{"_angie_page":false},"product_brand":[],"product_cat":[11868,11891],"product_tag":[],"class_list":{"0":"post-212421","1":"product","2":"type-product","3":"status-publish","4":"has-post-thumbnail","6":"product_cat-aromaterapi-och-rumsdofter","7":"product_cat-flaskor-och-tillbehor","8":"pa_collection-natural-diffuser-flowers-sv","9":"pa_made-in-kina","11":"first","12":"instock","13":"purchasable","14":"product-type-simple"},"supplier_id":null,"supplier_sku":"Ndiff-07","barcode":null,"atum_controlled":true,"out_stock_date":null,"out_stock_threshold":null,"inheritable":false,"inbound_stock":null,"stock_on_hold":0,"sold_today":0,"sales_last_days":0,"reserved_stock":null,"customer_returns":null,"warehouse_damage":null,"lost_in_post":null,"other_logs":null,"out_stock_days":0,"lost_sales":0,"has_location":false,"update_date":"2026-04-27T07:15:06","atum_locations":[],"atum_stock_status":"instock","restock_status":false,"low_stock_amount":"","sales_update_date":"2025-09-03T00:21:59","calc_backorders":null,"_links":{"self":[{"href":"https:\/\/aromasentia.com\/sv\/wp-json\/wp\/v2\/product\/212421","targetHints":{"allow":["GET"]}}],"collection":[{"href":"https:\/\/aromasentia.com\/sv\/wp-json\/wp\/v2\/product"}],"about":[{"href":"https:\/\/aromasentia.com\/sv\/wp-json\/wp\/v2\/types\/product"}],"replies":[{"embeddable":true,"href":"https:\/\/aromasentia.com\/sv\/wp-json\/wp\/v2\/comments?post=212421"}],"version-history":[{"count":0,"href":"https:\/\/aromasentia.com\/sv\/wp-json\/wp\/v2\/product\/212421\/revisions"}],"wp:featuredmedia":[{"embeddable":true,"href":"https:\/\/aromasentia.com\/sv\/wp-json\/wp\/v2\/media\/669311"}],"wp:attachment":[{"href":"https:\/\/aromasentia.com\/sv\/wp-json\/wp\/v2\/media?parent=212421"}],"wp:term":[{"taxonomy":"product_brand","embeddable":true,"href":"https:\/\/aromasentia.com\/sv\/wp-json\/wp\/v2\/product_brand?post=212421"},{"taxonomy":"product_cat","embeddable":true,"href":"https:\/\/aromasentia.com\/sv\/wp-json\/wp\/v2\/product_cat?post=212421"},{"taxonomy":"product_tag","embeddable":true,"href":"https:\/\/aromasentia.com\/sv\/wp-json\/wp\/v2\/product_tag?post=212421"}],"curies":[{"name":"wp","href":"https:\/\/api.w.org\/{rel}","templated":true}]}}