{"id":212406,"date":"2025-03-22T16:59:25","date_gmt":"2025-03-22T16:59:25","guid":{"rendered":"https:\/\/aromasentia.com\/product\/tropical-paradise-simmering-granules-passion-fruit\/"},"modified":"2025-12-31T14:53:47","modified_gmt":"2025-12-31T14:53:47","slug":"tropiskt-paradis-doftgranulat-passionsfrukt","status":"publish","type":"product","link":"https:\/\/aromasentia.com\/sv\/tropiskt-paradis-doftgranulat-passionsfrukt\/","title":{"rendered":"Tropiskt Paradis Doftgranulat &#8211; Passionsfrukt"},"content":{"rendered":"<p style=\"text-align: justify;\"><strong>Tropiskt Paradis Doftgranulat i Grossistledet<\/strong> f\u00e5r med sig gl\u00e4djen och h\u00e4lsof\u00f6rdelarna med aromterapi till dina kunders hem. Du kommer att \u00e4lska exotiska tropiska dofter som passionsfrukt, papaya och lila mangostan. Du kan v\u00e4lja fr\u00e5n ett urval av 10 olika aromer f\u00f6r att l\u00e5ta dina kunder k\u00f6pa den mest l\u00e4mpliga doften f\u00f6r en specifik dag eller hum\u00f6r.&nbsp;<\/p>\n<p style=\"text-align: justify;\">De vackra i\u00f6gonfallande displayl\u00e5dorna g\u00f6r det m\u00f6jligt f\u00f6r din kund att v\u00e4lja och kombinera sina favoritdofter. Produkterna har bra v\u00e4rde vilket ger dig tillr\u00e4ckligt med marginal f\u00f6r att rabattera stora best\u00e4llningar. Dessa sjudande granulat \u00e4r ett viktigt f\u00f6rem\u00e5l f\u00f6r din presentbutik om du s\u00e4ljer ljus, oljebr\u00e4nnare eller hemdofter.<\/p>\n<p style=\"text-align: justify;\"><strong>Anv\u00e4ndarinstruktioner:<\/strong> L\u00e4gg en eller tv\u00e5 teskedar granulat i br\u00e4nnaren och byt ut dem n\u00e4r de \u00e4r slut.&nbsp;<\/p>\n<p style=\"text-align: justify;\"><strong>Tips:<\/strong> Dina kunder kan f\u00e5 bort cigarettlukt genom att l\u00e4gga n\u00e5gra granulat i askkoppar.&nbsp;<\/p>\n<p style=\"text-align: justify;\"><strong><span style=\"color: rgb(84, 172, 210);\">Best\u00e4ll idag f\u00f6r att erbjuda dina kunder de b\u00e4sta tropiska doftgranulat.<\/span><\/strong><\/p>\n","protected":false},"excerpt":{"rendered":"<p>Tropiskt Paradis Doftgranulat i Grossistledet f\u00e5r med sig gl\u00e4djen och h\u00e4lsof\u00f6rdelarna med aromterapi till dina kunders hem. Du kommer att \u00e4lska exotiska tropiska dofter som passionsfrukt, papaya och lila mangostan. Du kan v\u00e4lja fr\u00e5n ett urval av 10 olika aromer f\u00f6r att l\u00e5ta dina kunder k\u00f6pa den mest l\u00e4mpliga doften f\u00f6r en specifik dag eller [&hellip;]<\/p>\n","protected":false},"featured_media":393271,"comment_status":"closed","ping_status":"open","template":"","meta":{"_angie_page":false},"product_brand":[],"product_cat":[11868,11869],"product_tag":[],"class_list":{"0":"post-212406","1":"product","2":"type-product","3":"status-publish","4":"has-post-thumbnail","6":"product_cat-aromaterapi-och-rumsdofter","7":"product_cat-doftsalt","8":"pa_collection-tropical-paradise-simmering-granules-sv","9":"pa_made-in-storbritannien","11":"first","12":"instock","13":"purchasable","14":"product-type-simple"},"supplier_id":null,"supplier_sku":"TPSG-09","barcode":null,"atum_controlled":true,"out_stock_date":null,"out_stock_threshold":null,"inheritable":false,"inbound_stock":null,"stock_on_hold":0,"sold_today":0,"sales_last_days":0,"reserved_stock":null,"customer_returns":null,"warehouse_damage":null,"lost_in_post":null,"other_logs":null,"out_stock_days":0,"lost_sales":0,"has_location":null,"update_date":"2026-04-27T07:25:15","atum_locations":[],"atum_stock_status":"instock","restock_status":false,"low_stock_amount":"","sales_update_date":"2026-01-20T05:13:19","calc_backorders":null,"_links":{"self":[{"href":"https:\/\/aromasentia.com\/sv\/wp-json\/wp\/v2\/product\/212406","targetHints":{"allow":["GET"]}}],"collection":[{"href":"https:\/\/aromasentia.com\/sv\/wp-json\/wp\/v2\/product"}],"about":[{"href":"https:\/\/aromasentia.com\/sv\/wp-json\/wp\/v2\/types\/product"}],"replies":[{"embeddable":true,"href":"https:\/\/aromasentia.com\/sv\/wp-json\/wp\/v2\/comments?post=212406"}],"version-history":[{"count":0,"href":"https:\/\/aromasentia.com\/sv\/wp-json\/wp\/v2\/product\/212406\/revisions"}],"wp:featuredmedia":[{"embeddable":true,"href":"https:\/\/aromasentia.com\/sv\/wp-json\/wp\/v2\/media\/393271"}],"wp:attachment":[{"href":"https:\/\/aromasentia.com\/sv\/wp-json\/wp\/v2\/media?parent=212406"}],"wp:term":[{"taxonomy":"product_brand","embeddable":true,"href":"https:\/\/aromasentia.com\/sv\/wp-json\/wp\/v2\/product_brand?post=212406"},{"taxonomy":"product_cat","embeddable":true,"href":"https:\/\/aromasentia.com\/sv\/wp-json\/wp\/v2\/product_cat?post=212406"},{"taxonomy":"product_tag","embeddable":true,"href":"https:\/\/aromasentia.com\/sv\/wp-json\/wp\/v2\/product_tag?post=212406"}],"curies":[{"name":"wp","href":"https:\/\/api.w.org\/{rel}","templated":true}]}}