{"id":212396,"date":"2025-03-22T16:59:25","date_gmt":"2025-03-22T16:59:25","guid":{"rendered":"https:\/\/aromasentia.com\/product\/soywax-melts-jar-dewberry\/"},"modified":"2025-12-31T14:53:40","modified_gmt":"2025-12-31T14:53:40","slug":"doftande-sojavaxer-i-burk-daggbar","status":"publish","type":"product","link":"https:\/\/aromasentia.com\/sv\/doftande-sojavaxer-i-burk-daggbar\/","title":{"rendered":"Doftande Sojavaxer i Burk &#8211; Daggb\u00e4r"},"content":{"rendered":"<p style=\"text-align: justify;\">Slappna av och varva ner till den lugnande doften av daggb\u00e4r med dessa <strong>sojavaxer i grossistledet<\/strong>.&nbsp;<\/p>\n<p style=\"text-align: justify;\">Dessa vaxhj\u00e4rtan kan vara den perfekta presenten f\u00f6r alla tillf\u00e4llen. Du kan till exempel para ihop dem med v\u00e5ra oljebr\u00e4nnare som antingen en till\u00e4ggsrea eller ett presentset, eller s\u00e5 kan du s\u00e4lja burkarna individuellt. Hur som helst kommer de vara popul\u00e4ra bland kunder.&nbsp;<\/p>\n<p style=\"text-align: justify;\">Dessa vaxhj\u00e4rtan \u00e4r gjorda av en naturlig blandning av sojavax och inneh\u00e5ller inget paraffinvax s\u00e5 att din kunds rum kommer att dofta gott, utan n\u00e5got sp\u00e5r av olja. N\u00e4r allt kommer omkring vill vi alltid f\u00f6rse dig med h\u00f6gkvalitativa produkter.&nbsp;<\/p>\n<p style=\"text-align: justify;\"><strong><span style=\"color: rgb(84, 172, 210);\">Best\u00e4ll idag f\u00f6r att ge din butik en extra speciell touch!&nbsp;<\/span><\/strong><\/p>\n<p style=\"text-align: justify;\"><strong>Storlekar:&nbsp;<\/strong><\/p>\n<p style=\"text-align: justify;\">Per burk: H\u00f6jd &#8211; 8cm, Diameter &#8211; 7cm, Vikt &#8211; 250g&nbsp;<\/p>\n<p style=\"text-align: justify;\">Per vaxsm\u00e4lta: 1&#215;2,5cm (ca 16 stycken &#8211; 80g)<\/p>\n","protected":false},"excerpt":{"rendered":"<p>Slappna av och varva ner till den lugnande doften av daggb\u00e4r med dessa sojavaxer i grossistledet.&nbsp; Dessa vaxhj\u00e4rtan kan vara den perfekta presenten f\u00f6r alla tillf\u00e4llen. Du kan till exempel para ihop dem med v\u00e5ra oljebr\u00e4nnare som antingen en till\u00e4ggsrea eller ett presentset, eller s\u00e5 kan du s\u00e4lja burkarna individuellt. Hur som helst kommer de [&hellip;]<\/p>\n","protected":false},"featured_media":393005,"comment_status":"closed","ping_status":"open","template":"","meta":{"_angie_page":false},"product_brand":[],"product_cat":[11868,11922],"product_tag":[],"class_list":{"0":"post-212396","1":"product","2":"type-product","3":"status-publish","4":"has-post-thumbnail","6":"product_cat-aromaterapi-och-rumsdofter","7":"product_cat-sojavaxer","8":"pa_collection-soy-wax-melts-in-jars-sv","9":"pa_made-in-kina","11":"first","12":"instock","13":"purchasable","14":"product-type-simple"},"supplier_id":null,"supplier_sku":"SWMJ-17","barcode":null,"atum_controlled":true,"out_stock_date":null,"out_stock_threshold":null,"inheritable":false,"inbound_stock":null,"stock_on_hold":0,"sold_today":0,"sales_last_days":0,"reserved_stock":null,"customer_returns":null,"warehouse_damage":null,"lost_in_post":null,"other_logs":null,"out_stock_days":0,"lost_sales":0,"has_location":null,"update_date":"2026-04-27T07:23:52","atum_locations":[],"atum_stock_status":"instock","restock_status":false,"low_stock_amount":"","sales_update_date":"2026-02-06T00:02:48","calc_backorders":null,"_links":{"self":[{"href":"https:\/\/aromasentia.com\/sv\/wp-json\/wp\/v2\/product\/212396","targetHints":{"allow":["GET"]}}],"collection":[{"href":"https:\/\/aromasentia.com\/sv\/wp-json\/wp\/v2\/product"}],"about":[{"href":"https:\/\/aromasentia.com\/sv\/wp-json\/wp\/v2\/types\/product"}],"replies":[{"embeddable":true,"href":"https:\/\/aromasentia.com\/sv\/wp-json\/wp\/v2\/comments?post=212396"}],"version-history":[{"count":0,"href":"https:\/\/aromasentia.com\/sv\/wp-json\/wp\/v2\/product\/212396\/revisions"}],"wp:featuredmedia":[{"embeddable":true,"href":"https:\/\/aromasentia.com\/sv\/wp-json\/wp\/v2\/media\/393005"}],"wp:attachment":[{"href":"https:\/\/aromasentia.com\/sv\/wp-json\/wp\/v2\/media?parent=212396"}],"wp:term":[{"taxonomy":"product_brand","embeddable":true,"href":"https:\/\/aromasentia.com\/sv\/wp-json\/wp\/v2\/product_brand?post=212396"},{"taxonomy":"product_cat","embeddable":true,"href":"https:\/\/aromasentia.com\/sv\/wp-json\/wp\/v2\/product_cat?post=212396"},{"taxonomy":"product_tag","embeddable":true,"href":"https:\/\/aromasentia.com\/sv\/wp-json\/wp\/v2\/product_tag?post=212396"}],"curies":[{"name":"wp","href":"https:\/\/api.w.org\/{rel}","templated":true}]}}