{"id":212351,"date":"2025-03-22T16:59:25","date_gmt":"2025-03-22T16:59:25","guid":{"rendered":"https:\/\/aromasentia.com\/product\/plant-based-aroma-oil-jasmine-tea\/"},"modified":"2025-12-31T14:53:11","modified_gmt":"2025-12-31T14:53:11","slug":"vaxtbaserad-aromolja-jasminte","status":"publish","type":"product","link":"https:\/\/aromasentia.com\/sv\/vaxtbaserad-aromolja-jasminte\/","title":{"rendered":"V\u00e4xtbaserad Aromolja &#8211; Jasminte"},"content":{"rendered":"<p><strong>Stamford Aromoljor&nbsp;<\/strong>\u00e4r gjorda av naturliga v\u00e4xtbaserade ingredienser och de inneh\u00e5ller en h\u00f6gre andel eterisk olja \u00e4n m\u00e5nga andra m\u00e4rken, vilket g\u00f6r att doften h\u00e5ller l\u00e4ngre.&nbsp;<\/p>\n<p>De kan anv\u00e4ndas med en traditionell oljebr\u00e4nnare eller en elektrisk diffusor och kommer i 10 ml flaskor med 100 % \u00e5tervinningsbar f\u00f6rpackning. Detta \u00e4r en viktig och l\u00f6nsam produkt f\u00f6r alla presentbutiker.&nbsp;<\/p>\n<p><strong>S\u00e4ljs i f\u00f6rpackning om 6 &#8211; Presentf\u00f6rpackning &#8211; 100 % Vegansk &#8211; Inga skadliga kemikalier<\/strong><\/p>\n","protected":false},"excerpt":{"rendered":"<p>Stamford Aromoljor&nbsp;\u00e4r gjorda av naturliga v\u00e4xtbaserade ingredienser och de inneh\u00e5ller en h\u00f6gre andel eterisk olja \u00e4n m\u00e5nga andra m\u00e4rken, vilket g\u00f6r att doften h\u00e5ller l\u00e4ngre.&nbsp; De kan anv\u00e4ndas med en traditionell oljebr\u00e4nnare eller en elektrisk diffusor och kommer i 10 ml flaskor med 100 % \u00e5tervinningsbar f\u00f6rpackning. Detta \u00e4r en viktig och l\u00f6nsam produkt f\u00f6r [&hellip;]<\/p>\n","protected":false},"featured_media":392240,"comment_status":"closed","ping_status":"open","template":"","meta":[],"product_brand":[27140],"product_cat":[11868,26836,25845,11873,26030],"product_tag":[],"class_list":{"0":"post-212351","1":"product","2":"type-product","3":"status-publish","4":"has-post-thumbnail","6":"product_brand-stamford","7":"product_cat-aromaterapi-och-rumsdofter","8":"product_cat-blommig","9":"product_cat-dofter-aromer","10":"product_cat-doftoljor","11":"product_cat-jasmin","12":"pa_collection-plant-based-fragrance-oils-sv","13":"pa_made-in-indien","14":"pa_size-10ml","16":"first","17":"instock","18":"purchasable","19":"product-type-simple"},"supplier_id":null,"supplier_sku":"SPBAO-02","barcode":null,"atum_controlled":true,"out_stock_date":null,"out_stock_threshold":null,"inheritable":false,"inbound_stock":null,"stock_on_hold":0,"sold_today":0,"sales_last_days":0,"reserved_stock":null,"customer_returns":null,"warehouse_damage":null,"lost_in_post":null,"other_logs":null,"out_stock_days":0,"lost_sales":0,"has_location":null,"update_date":"2026-02-03T11:30:01","atum_locations":[],"atum_stock_status":"instock","restock_status":false,"low_stock_amount":"","sales_update_date":"2025-09-03T00:21:41","calc_backorders":null,"_links":{"self":[{"href":"https:\/\/aromasentia.com\/sv\/wp-json\/wp\/v2\/product\/212351","targetHints":{"allow":["GET"]}}],"collection":[{"href":"https:\/\/aromasentia.com\/sv\/wp-json\/wp\/v2\/product"}],"about":[{"href":"https:\/\/aromasentia.com\/sv\/wp-json\/wp\/v2\/types\/product"}],"replies":[{"embeddable":true,"href":"https:\/\/aromasentia.com\/sv\/wp-json\/wp\/v2\/comments?post=212351"}],"version-history":[{"count":0,"href":"https:\/\/aromasentia.com\/sv\/wp-json\/wp\/v2\/product\/212351\/revisions"}],"wp:featuredmedia":[{"embeddable":true,"href":"https:\/\/aromasentia.com\/sv\/wp-json\/wp\/v2\/media\/392240"}],"wp:attachment":[{"href":"https:\/\/aromasentia.com\/sv\/wp-json\/wp\/v2\/media?parent=212351"}],"wp:term":[{"taxonomy":"product_brand","embeddable":true,"href":"https:\/\/aromasentia.com\/sv\/wp-json\/wp\/v2\/product_brand?post=212351"},{"taxonomy":"product_cat","embeddable":true,"href":"https:\/\/aromasentia.com\/sv\/wp-json\/wp\/v2\/product_cat?post=212351"},{"taxonomy":"product_tag","embeddable":true,"href":"https:\/\/aromasentia.com\/sv\/wp-json\/wp\/v2\/product_tag?post=212351"}],"curies":[{"name":"wp","href":"https:\/\/api.w.org\/{rel}","templated":true}]}}