{"id":212345,"date":"2025-03-22T16:59:25","date_gmt":"2025-03-22T16:59:25","guid":{"rendered":"https:\/\/aromasentia.com\/product\/living-room-kickback-relax\/"},"modified":"2025-12-31T14:53:03","modified_gmt":"2025-12-31T14:53:03","slug":"vardagsrum-luta-dig-tillbaka-slappna-av","status":"publish","type":"product","link":"https:\/\/aromasentia.com\/sv\/vardagsrum-luta-dig-tillbaka-slappna-av\/","title":{"rendered":"Vardagsrum &#8211; Luta dig tillbaka &#038; Slappna Av"},"content":{"rendered":"<p style=\"text-align: justify;\">Dessa fina <strong>sjudande doftgranulat i grossistlede<\/strong>t \u00e4r designade f\u00f6r specifika platser runt ditt hem.&nbsp;<\/p>\n<p style=\"text-align: justify;\">Perfekta f\u00f6r oljebr\u00e4nnare, att g\u00f6ra brev doftande, p\u00e5 askkoppar f\u00f6r att bek\u00e4mpa tobakslukt och f\u00f6r att dofta och dekorera tallrikar.&nbsp;<\/p>\n<p style=\"text-align: justify;\">De har i\u00f6gonfallande f\u00e4rger som lockar kunder, och efter att ha luktat p\u00e5 dem skulle de inte l\u00e4mna din butik utan en eller tv\u00e5 (f\u00f6rhoppningsvis).&nbsp;<\/p>\n<p style=\"text-align: justify;\">De placeras i oljebr\u00e4nnarens beh\u00e5llare och kr\u00e4ver inget vatten.&nbsp;<\/p>\n<p style=\"text-align: justify;\">Kan \u00e4ven anv\u00e4ndas som askkoppsuppfr\u00e4schning eller f\u00f6r att allm\u00e4nt dofta ett rum. Minsta nettovikt: 200g per p\u00e5se<\/p>\n","protected":false},"excerpt":{"rendered":"<p>Dessa fina sjudande doftgranulat i grossistledet \u00e4r designade f\u00f6r specifika platser runt ditt hem.&nbsp; Perfekta f\u00f6r oljebr\u00e4nnare, att g\u00f6ra brev doftande, p\u00e5 askkoppar f\u00f6r att bek\u00e4mpa tobakslukt och f\u00f6r att dofta och dekorera tallrikar.&nbsp; De har i\u00f6gonfallande f\u00e4rger som lockar kunder, och efter att ha luktat p\u00e5 dem skulle de inte l\u00e4mna din butik utan [&hellip;]<\/p>\n","protected":false},"featured_media":392179,"comment_status":"closed","ping_status":"open","template":"","meta":{"_angie_page":false},"product_brand":[],"product_cat":[11868,11869],"product_tag":[],"class_list":{"0":"post-212345","1":"product","2":"type-product","3":"status-publish","4":"has-post-thumbnail","6":"product_cat-aromaterapi-och-rumsdofter","7":"product_cat-doftsalt","8":"pa_collection-home-comforts-scented-salt-granules-for-oil-burners-sv","9":"pa_made-in-storbritannien","11":"first","12":"instock","13":"purchasable","14":"product-type-simple"},"supplier_id":null,"supplier_sku":"SGHC-07","barcode":null,"atum_controlled":true,"out_stock_date":null,"out_stock_threshold":null,"inheritable":false,"inbound_stock":null,"stock_on_hold":0,"sold_today":0,"sales_last_days":0,"reserved_stock":null,"customer_returns":null,"warehouse_damage":null,"lost_in_post":null,"other_logs":null,"out_stock_days":0,"lost_sales":0,"has_location":null,"update_date":"2026-04-27T07:21:26","atum_locations":[],"atum_stock_status":"instock","restock_status":false,"low_stock_amount":"","sales_update_date":"2025-09-03T00:21:40","calc_backorders":null,"_links":{"self":[{"href":"https:\/\/aromasentia.com\/sv\/wp-json\/wp\/v2\/product\/212345","targetHints":{"allow":["GET"]}}],"collection":[{"href":"https:\/\/aromasentia.com\/sv\/wp-json\/wp\/v2\/product"}],"about":[{"href":"https:\/\/aromasentia.com\/sv\/wp-json\/wp\/v2\/types\/product"}],"replies":[{"embeddable":true,"href":"https:\/\/aromasentia.com\/sv\/wp-json\/wp\/v2\/comments?post=212345"}],"version-history":[{"count":0,"href":"https:\/\/aromasentia.com\/sv\/wp-json\/wp\/v2\/product\/212345\/revisions"}],"wp:featuredmedia":[{"embeddable":true,"href":"https:\/\/aromasentia.com\/sv\/wp-json\/wp\/v2\/media\/392179"}],"wp:attachment":[{"href":"https:\/\/aromasentia.com\/sv\/wp-json\/wp\/v2\/media?parent=212345"}],"wp:term":[{"taxonomy":"product_brand","embeddable":true,"href":"https:\/\/aromasentia.com\/sv\/wp-json\/wp\/v2\/product_brand?post=212345"},{"taxonomy":"product_cat","embeddable":true,"href":"https:\/\/aromasentia.com\/sv\/wp-json\/wp\/v2\/product_cat?post=212345"},{"taxonomy":"product_tag","embeddable":true,"href":"https:\/\/aromasentia.com\/sv\/wp-json\/wp\/v2\/product_tag?post=212345"}],"curies":[{"name":"wp","href":"https:\/\/api.w.org\/{rel}","templated":true}]}}