{"id":212338,"date":"2025-03-22T16:59:25","date_gmt":"2025-03-22T16:59:25","guid":{"rendered":"https:\/\/aromasentia.com\/product\/natural-reed-diffuser-sticks-25cm-x-3mm-1kg\/"},"modified":"2025-12-31T14:53:03","modified_gmt":"2025-12-31T14:53:03","slug":"naturliga-rorspridare-pinnar-25cm-x-3mm","status":"publish","type":"product","link":"https:\/\/aromasentia.com\/sv\/naturliga-rorspridare-pinnar-25cm-x-3mm\/","title":{"rendered":"Naturliga R\u00f6rspridare Pinnar &#8211; 25cm x 3mm"},"content":{"rendered":"<p style=\"text-align: justify;\">R\u00f6rspridare \u00e4r ett popul\u00e4rt val bland kunder, d\u00e5 du slipper r\u00f6k, droppande vax eller \u00e5ngest f\u00f6r brinnande ljus. Tack vare dessa egenskaper \u00e4r de perfekta f\u00f6r anv\u00e4ndning runt barn eller djur.&nbsp;<\/p>\n<p style=\"text-align: justify;\">Detta 1kg paket med r\u00f6rspridare pinnar p\u00e5 3mm i grossistledet kan du s\u00e4lja per bunt eller per pinne f\u00f6r h\u00f6gre vinst. &nbsp;<\/p>\n<p style=\"text-align: justify;\">R\u00f6rspridare \u00e4r en mycket popul\u00e4r present och ett bra alternativ till oljebr\u00e4nnare.&nbsp;<\/p>\n<p style=\"text-align: justify;\">Det stora v\u00e4rdet g\u00f6r att du f\u00e5r tillr\u00e4ckligt med marginal f\u00f6r att rabattera f\u00f6r de st\u00f6rre best\u00e4llningarna. En viktig artikel f\u00f6r din presentbutik &#8211; om du s\u00e4ljer r\u00f6rspridare b\u00f6r du absolut \u00f6verv\u00e4ga att inf\u00f6rskaffa dessa.&nbsp;<\/p>\n<p style=\"text-align: justify;\"><strong><span style=\"color: rgb(84, 172, 210);\">Best\u00e4ll idag och \u00f6ka f\u00f6rs\u00e4ljningen i din butik!<\/span>&nbsp;<\/strong><\/p>\n","protected":false},"excerpt":{"rendered":"<p>R\u00f6rspridare \u00e4r ett popul\u00e4rt val bland kunder, d\u00e5 du slipper r\u00f6k, droppande vax eller \u00e5ngest f\u00f6r brinnande ljus. Tack vare dessa egenskaper \u00e4r de perfekta f\u00f6r anv\u00e4ndning runt barn eller djur.&nbsp; Detta 1kg paket med r\u00f6rspridare pinnar p\u00e5 3mm i grossistledet kan du s\u00e4lja per bunt eller per pinne f\u00f6r h\u00f6gre vinst. &nbsp; R\u00f6rspridare \u00e4r [&hellip;]<\/p>\n","protected":false},"featured_media":642636,"comment_status":"closed","ping_status":"open","template":"","meta":{"_angie_page":false},"product_brand":[],"product_cat":[11868,11891],"product_tag":[],"class_list":{"0":"post-212338","1":"product","2":"type-product","3":"status-publish","4":"has-post-thumbnail","6":"product_cat-aromaterapi-och-rumsdofter","7":"product_cat-flaskor-och-tillbehor","8":"pa_collection-bulk-reed-diffusers-sticks-sv","9":"pa_made-in-indonesien","11":"first","12":"instock","13":"purchasable","14":"product-type-simple"},"supplier_id":null,"supplier_sku":"RReed-18","barcode":null,"atum_controlled":true,"out_stock_date":null,"out_stock_threshold":null,"inheritable":false,"inbound_stock":null,"stock_on_hold":0,"sold_today":0,"sales_last_days":0,"reserved_stock":null,"customer_returns":null,"warehouse_damage":null,"lost_in_post":null,"other_logs":null,"out_stock_days":0,"lost_sales":0,"has_location":null,"update_date":"2026-04-27T07:19:59","atum_locations":[],"atum_stock_status":"instock","restock_status":false,"low_stock_amount":"","sales_update_date":"2026-02-06T00:02:38","calc_backorders":null,"_links":{"self":[{"href":"https:\/\/aromasentia.com\/sv\/wp-json\/wp\/v2\/product\/212338","targetHints":{"allow":["GET"]}}],"collection":[{"href":"https:\/\/aromasentia.com\/sv\/wp-json\/wp\/v2\/product"}],"about":[{"href":"https:\/\/aromasentia.com\/sv\/wp-json\/wp\/v2\/types\/product"}],"replies":[{"embeddable":true,"href":"https:\/\/aromasentia.com\/sv\/wp-json\/wp\/v2\/comments?post=212338"}],"version-history":[{"count":0,"href":"https:\/\/aromasentia.com\/sv\/wp-json\/wp\/v2\/product\/212338\/revisions"}],"wp:featuredmedia":[{"embeddable":true,"href":"https:\/\/aromasentia.com\/sv\/wp-json\/wp\/v2\/media\/642636"}],"wp:attachment":[{"href":"https:\/\/aromasentia.com\/sv\/wp-json\/wp\/v2\/media?parent=212338"}],"wp:term":[{"taxonomy":"product_brand","embeddable":true,"href":"https:\/\/aromasentia.com\/sv\/wp-json\/wp\/v2\/product_brand?post=212338"},{"taxonomy":"product_cat","embeddable":true,"href":"https:\/\/aromasentia.com\/sv\/wp-json\/wp\/v2\/product_cat?post=212338"},{"taxonomy":"product_tag","embeddable":true,"href":"https:\/\/aromasentia.com\/sv\/wp-json\/wp\/v2\/product_tag?post=212338"}],"curies":[{"name":"wp","href":"https:\/\/api.w.org\/{rel}","templated":true}]}}