{"id":212323,"date":"2025-03-22T16:59:25","date_gmt":"2025-03-22T16:59:25","guid":{"rendered":"https:\/\/aromasentia.com\/product\/120ml-reed-diffuser-pomegranate-nutmeg\/"},"modified":"2025-12-31T14:52:57","modified_gmt":"2025-12-31T14:52:57","slug":"120ml-rorspridare-granatapple-muskot","status":"publish","type":"product","link":"https:\/\/aromasentia.com\/sv\/120ml-rorspridare-granatapple-muskot\/","title":{"rendered":"120ml R\u00f6rspridare &#8211;  Granat\u00e4pple &#038; Muskot"},"content":{"rendered":"<p>Ge din butik en touch av distinkt arom med denna noggrant blandade r\u00f6rspridare<strong>&nbsp;i grossistledet<\/strong>.<\/p>\n<p>Denna jordiga men \u00e4nd\u00e5 s\u00f6ta doftblandning av granat\u00e4pple och muskot kommer f\u00e5 dina kunder att bli f\u00f6rtjusta i dess magiska arom. Den fruktiga och lyxiga doften av granat\u00e4pple i kombination med den delikata kryddiga doften av muskot skapar en unik lyxig doft som kommer att vara i dina kunders hem i upp till 12 veckor.&nbsp;<\/p>\n<p>R\u00f6rspridare \u00e4r en extremt popul\u00e4r hemprodukt som tenderar att \u00e5terk\u00f6pas regelbundet och \u00e4r en mycket popul\u00e4r present, vilket g\u00f6r dem till en stors\u00e4ljare \u00e5ret runt. Denna r\u00f6rspridare \u00e4r till och med redo att \u00e5ters\u00e4ljas i sin eleganta och i\u00f6gonfallande f\u00f6rpackning.&nbsp;<\/p>\n<p><strong><span style=\"color: rgb(84, 172, 210);\">Best\u00e4ll idag och l\u00e5t den vackra doften tala f\u00f6r sig!<\/span><\/strong><\/p>\n","protected":false},"excerpt":{"rendered":"<p>Ge din butik en touch av distinkt arom med denna noggrant blandade r\u00f6rspridare&nbsp;i grossistledet. Denna jordiga men \u00e4nd\u00e5 s\u00f6ta doftblandning av granat\u00e4pple och muskot kommer f\u00e5 dina kunder att bli f\u00f6rtjusta i dess magiska arom. Den fruktiga och lyxiga doften av granat\u00e4pple i kombination med den delikata kryddiga doften av muskot skapar en unik lyxig [&hellip;]<\/p>\n","protected":false},"featured_media":391284,"comment_status":"closed","ping_status":"open","template":"","meta":[],"product_brand":[],"product_cat":[11884,25845,11885,26850,26506,26892,26046],"product_tag":[],"class_list":{"0":"post-212323","1":"product","2":"type-product","3":"status-publish","4":"has-post-thumbnail","6":"product_cat-aromalampor-diffusers-och-doftpinnar","7":"product_cat-dofter-aromer","8":"product_cat-doftpinnar","9":"product_cat-fruktig","10":"product_cat-granatapple","11":"product_cat-kryddig","12":"product_cat-muskotnot","13":"pa_collection-reed-diffusers-home-fragrance-reed-diffusers-120ml-sv","14":"pa_made-in-storbritannien","16":"first","17":"instock","18":"purchasable","19":"product-type-simple"},"supplier_id":null,"supplier_sku":"RDHF-11","barcode":null,"atum_controlled":true,"out_stock_date":null,"out_stock_threshold":null,"inheritable":false,"inbound_stock":null,"stock_on_hold":0,"sold_today":0,"sales_last_days":0,"reserved_stock":null,"customer_returns":null,"warehouse_damage":null,"lost_in_post":null,"other_logs":null,"out_stock_days":0,"lost_sales":0,"has_location":null,"update_date":"2026-02-05T22:37:03","atum_locations":[],"atum_stock_status":"instock","restock_status":false,"low_stock_amount":"","sales_update_date":"2025-09-03T00:21:36","calc_backorders":null,"_links":{"self":[{"href":"https:\/\/aromasentia.com\/sv\/wp-json\/wp\/v2\/product\/212323","targetHints":{"allow":["GET"]}}],"collection":[{"href":"https:\/\/aromasentia.com\/sv\/wp-json\/wp\/v2\/product"}],"about":[{"href":"https:\/\/aromasentia.com\/sv\/wp-json\/wp\/v2\/types\/product"}],"replies":[{"embeddable":true,"href":"https:\/\/aromasentia.com\/sv\/wp-json\/wp\/v2\/comments?post=212323"}],"version-history":[{"count":0,"href":"https:\/\/aromasentia.com\/sv\/wp-json\/wp\/v2\/product\/212323\/revisions"}],"wp:featuredmedia":[{"embeddable":true,"href":"https:\/\/aromasentia.com\/sv\/wp-json\/wp\/v2\/media\/391284"}],"wp:attachment":[{"href":"https:\/\/aromasentia.com\/sv\/wp-json\/wp\/v2\/media?parent=212323"}],"wp:term":[{"taxonomy":"product_brand","embeddable":true,"href":"https:\/\/aromasentia.com\/sv\/wp-json\/wp\/v2\/product_brand?post=212323"},{"taxonomy":"product_cat","embeddable":true,"href":"https:\/\/aromasentia.com\/sv\/wp-json\/wp\/v2\/product_cat?post=212323"},{"taxonomy":"product_tag","embeddable":true,"href":"https:\/\/aromasentia.com\/sv\/wp-json\/wp\/v2\/product_tag?post=212323"}],"curies":[{"name":"wp","href":"https:\/\/api.w.org\/{rel}","templated":true}]}}