{"id":212321,"date":"2025-03-22T16:59:25","date_gmt":"2025-03-22T16:59:25","guid":{"rendered":"https:\/\/aromasentia.com\/product\/120ml-reed-diffuser-lavender-fields\/"},"modified":"2025-12-31T14:52:49","modified_gmt":"2025-12-31T14:52:49","slug":"120ml-rorspridare-lavendelfalt","status":"publish","type":"product","link":"https:\/\/aromasentia.com\/sv\/120ml-rorspridare-lavendelfalt\/","title":{"rendered":"120ml R\u00f6rspridare &#8211; Lavendelf\u00e4lt"},"content":{"rendered":"<p>Ge din butik en touch av distinkt arom med denna noggrant blandade r\u00f6rspridare<strong>&nbsp;i grossistledet<\/strong>.&nbsp;<\/p>\n<p>Denna blommiga och fr\u00e4scha blandning av lavendeldoft kommer f\u00e5 dina kunder att k\u00e4nna som att de vandrar genom lugna lavendelf\u00e4lt. Den s\u00f6ta och fridfulla doften av lavendel skapar en underbart avkopplande och lugnande doftupplevelse som kommer att vara i dina kunders hem i upp till 12 veckor. Det \u00e4r den perfekta doften att komma hem till efter en hektisk och \u00f6verv\u00e4ldigande dag.<\/p>\n<p>R\u00f6rspridare \u00e4r en extremt popul\u00e4r hemprodukt som tenderar att \u00e5terk\u00f6pas regelbundet och \u00e4r en mycket popul\u00e4r present, vilket g\u00f6r dem till en stors\u00e4ljare \u00e5ret runt. Denna r\u00f6rspridare \u00e4r till och med redo att \u00e5ters\u00e4ljas i sin eleganta och i\u00f6gonfallande f\u00f6rpackning.&nbsp;<\/p>\n<p><strong><span style=\"color: rgb(84, 172, 210);\">Best\u00e4ll idag och l\u00e5t den vackra doften tala f\u00f6r sig!<\/span><\/strong><\/p>\n","protected":false},"excerpt":{"rendered":"<p>Ge din butik en touch av distinkt arom med denna noggrant blandade r\u00f6rspridare&nbsp;i grossistledet.&nbsp; Denna blommiga och fr\u00e4scha blandning av lavendeldoft kommer f\u00e5 dina kunder att k\u00e4nna som att de vandrar genom lugna lavendelf\u00e4lt. Den s\u00f6ta och fridfulla doften av lavendel skapar en underbart avkopplande och lugnande doftupplevelse som kommer att vara i dina kunders [&hellip;]<\/p>\n","protected":false},"featured_media":391202,"comment_status":"closed","ping_status":"open","template":"","meta":[],"product_brand":[],"product_cat":[11884,26836,25845,11885,26032],"product_tag":[],"class_list":{"0":"post-212321","1":"product","2":"type-product","3":"status-publish","4":"has-post-thumbnail","6":"product_cat-aromalampor-diffusers-och-doftpinnar","7":"product_cat-blommig","8":"product_cat-dofter-aromer","9":"product_cat-doftpinnar","10":"product_cat-lavendel","11":"pa_collection-reed-diffusers-home-fragrance-reed-diffusers-120ml-sv","12":"pa_made-in-storbritannien","14":"first","15":"instock","16":"purchasable","17":"product-type-simple"},"supplier_id":null,"supplier_sku":"RDHF-09","barcode":null,"atum_controlled":true,"out_stock_date":null,"out_stock_threshold":null,"inheritable":false,"inbound_stock":null,"stock_on_hold":0,"sold_today":0,"sales_last_days":0,"reserved_stock":null,"customer_returns":null,"warehouse_damage":null,"lost_in_post":null,"other_logs":null,"out_stock_days":0,"lost_sales":0,"has_location":null,"update_date":"2026-02-10T12:59:25","atum_locations":[],"atum_stock_status":"instock","restock_status":false,"low_stock_amount":"","sales_update_date":"2025-09-03T00:21:35","calc_backorders":null,"_links":{"self":[{"href":"https:\/\/aromasentia.com\/sv\/wp-json\/wp\/v2\/product\/212321","targetHints":{"allow":["GET"]}}],"collection":[{"href":"https:\/\/aromasentia.com\/sv\/wp-json\/wp\/v2\/product"}],"about":[{"href":"https:\/\/aromasentia.com\/sv\/wp-json\/wp\/v2\/types\/product"}],"replies":[{"embeddable":true,"href":"https:\/\/aromasentia.com\/sv\/wp-json\/wp\/v2\/comments?post=212321"}],"version-history":[{"count":0,"href":"https:\/\/aromasentia.com\/sv\/wp-json\/wp\/v2\/product\/212321\/revisions"}],"wp:featuredmedia":[{"embeddable":true,"href":"https:\/\/aromasentia.com\/sv\/wp-json\/wp\/v2\/media\/391202"}],"wp:attachment":[{"href":"https:\/\/aromasentia.com\/sv\/wp-json\/wp\/v2\/media?parent=212321"}],"wp:term":[{"taxonomy":"product_brand","embeddable":true,"href":"https:\/\/aromasentia.com\/sv\/wp-json\/wp\/v2\/product_brand?post=212321"},{"taxonomy":"product_cat","embeddable":true,"href":"https:\/\/aromasentia.com\/sv\/wp-json\/wp\/v2\/product_cat?post=212321"},{"taxonomy":"product_tag","embeddable":true,"href":"https:\/\/aromasentia.com\/sv\/wp-json\/wp\/v2\/product_tag?post=212321"}],"curies":[{"name":"wp","href":"https:\/\/api.w.org\/{rel}","templated":true}]}}