{"id":212319,"date":"2025-03-22T16:59:25","date_gmt":"2025-03-22T16:59:25","guid":{"rendered":"https:\/\/aromasentia.com\/product\/120ml-reed-diffuser-on-jasmine-wings\/"},"modified":"2025-12-31T14:52:49","modified_gmt":"2025-12-31T14:52:49","slug":"120ml-rorspridare-jasminvingar","status":"publish","type":"product","link":"https:\/\/aromasentia.com\/sv\/120ml-rorspridare-jasminvingar\/","title":{"rendered":"120ml R\u00f6rspridare &#8211; Jasminvingar"},"content":{"rendered":"<p>Ge din butik en touch av distinkt arom med denna noggrant blandade r\u00f6rspridare<strong>&nbsp;i grossistledet<\/strong>.&nbsp;<\/p>\n<p>Denna s\u00f6ta och fr\u00e4scha blandning av jasmindoft kommer transportera dina kunder till en uppfriskande kv\u00e4llspromenad genom en lugn och blommande tr\u00e4dg\u00e5rd p\u00e5 en sommarkv\u00e4ll. Den s\u00f6ta och traditionella doften av jasmin skapar en h\u00e4rlig upplyftande doftupplevelse och kommer f\u00e5 dina kunders hem att dofta fantastiskt i upp till 12 veckor.<\/p>\n<p>R\u00f6rspridare \u00e4r en extremt popul\u00e4r hemprodukt som tenderar att \u00e5terk\u00f6pas regelbundet och \u00e4r en mycket popul\u00e4r present, vilket g\u00f6r dem till en stors\u00e4ljare \u00e5ret runt. Denna r\u00f6rspridare \u00e4r till och med redo att \u00e5ters\u00e4ljas i sin eleganta och i\u00f6gonfallande f\u00f6rpackning.&nbsp;<\/p>\n<p><strong><span style=\"color: rgb(84, 172, 210);\">Best\u00e4ll idag och l\u00e5t den vackra doften tala f\u00f6r sig!<\/span><\/strong><\/p>\n","protected":false},"excerpt":{"rendered":"<p>Ge din butik en touch av distinkt arom med denna noggrant blandade r\u00f6rspridare&nbsp;i grossistledet.&nbsp; Denna s\u00f6ta och fr\u00e4scha blandning av jasmindoft kommer transportera dina kunder till en uppfriskande kv\u00e4llspromenad genom en lugn och blommande tr\u00e4dg\u00e5rd p\u00e5 en sommarkv\u00e4ll. Den s\u00f6ta och traditionella doften av jasmin skapar en h\u00e4rlig upplyftande doftupplevelse och kommer f\u00e5 dina kunders [&hellip;]<\/p>\n","protected":false},"featured_media":391120,"comment_status":"closed","ping_status":"open","template":"","meta":{"_angie_page":false},"product_brand":[],"product_cat":[11884,26836,25845,11885,26030],"product_tag":[],"class_list":{"0":"post-212319","1":"product","2":"type-product","3":"status-publish","4":"has-post-thumbnail","6":"product_cat-aromalampor-diffusers-och-doftpinnar","7":"product_cat-blommig","8":"product_cat-dofter-aromer","9":"product_cat-doftpinnar","10":"product_cat-jasmin","11":"pa_collection-reed-diffusers-home-fragrance-reed-diffusers-120ml-sv","12":"pa_made-in-storbritannien","14":"first","15":"instock","16":"purchasable","17":"product-type-simple"},"supplier_id":null,"supplier_sku":"RDHF-07","barcode":null,"atum_controlled":true,"out_stock_date":null,"out_stock_threshold":null,"inheritable":false,"inbound_stock":null,"stock_on_hold":0,"sold_today":0,"sales_last_days":0,"reserved_stock":null,"customer_returns":null,"warehouse_damage":null,"lost_in_post":null,"other_logs":null,"out_stock_days":10,"lost_sales":0,"has_location":null,"update_date":"2026-04-27T07:19:22","atum_locations":[],"atum_stock_status":"instock","restock_status":false,"low_stock_amount":"","sales_update_date":"2026-02-06T00:02:29","calc_backorders":null,"_links":{"self":[{"href":"https:\/\/aromasentia.com\/sv\/wp-json\/wp\/v2\/product\/212319","targetHints":{"allow":["GET"]}}],"collection":[{"href":"https:\/\/aromasentia.com\/sv\/wp-json\/wp\/v2\/product"}],"about":[{"href":"https:\/\/aromasentia.com\/sv\/wp-json\/wp\/v2\/types\/product"}],"replies":[{"embeddable":true,"href":"https:\/\/aromasentia.com\/sv\/wp-json\/wp\/v2\/comments?post=212319"}],"version-history":[{"count":0,"href":"https:\/\/aromasentia.com\/sv\/wp-json\/wp\/v2\/product\/212319\/revisions"}],"wp:featuredmedia":[{"embeddable":true,"href":"https:\/\/aromasentia.com\/sv\/wp-json\/wp\/v2\/media\/391120"}],"wp:attachment":[{"href":"https:\/\/aromasentia.com\/sv\/wp-json\/wp\/v2\/media?parent=212319"}],"wp:term":[{"taxonomy":"product_brand","embeddable":true,"href":"https:\/\/aromasentia.com\/sv\/wp-json\/wp\/v2\/product_brand?post=212319"},{"taxonomy":"product_cat","embeddable":true,"href":"https:\/\/aromasentia.com\/sv\/wp-json\/wp\/v2\/product_cat?post=212319"},{"taxonomy":"product_tag","embeddable":true,"href":"https:\/\/aromasentia.com\/sv\/wp-json\/wp\/v2\/product_tag?post=212319"}],"curies":[{"name":"wp","href":"https:\/\/api.w.org\/{rel}","templated":true}]}}