{"id":212318,"date":"2025-03-22T16:59:25","date_gmt":"2025-03-22T16:59:25","guid":{"rendered":"https:\/\/aromasentia.com\/product\/120ml-reed-diffuser-orange-melon\/"},"modified":"2025-12-31T14:52:49","modified_gmt":"2025-12-31T14:52:49","slug":"120ml-rorspridare-apelsin-melon","status":"publish","type":"product","link":"https:\/\/aromasentia.com\/sv\/120ml-rorspridare-apelsin-melon\/","title":{"rendered":"120ml R\u00f6rspridare &#8211; Apelsin &#038; Melon"},"content":{"rendered":"<p>Ge din butik en touch av distinkt arom med denna noggrant blandade r\u00f6rspridare<strong>&nbsp;i grossistledet<\/strong>.&nbsp;<\/p>\n<p>Denna uppfriskande och lysande blandning av apelsin- och melondoft kommer transportera dina kunder till en tropisk \u00f6 med en fruktig drink i handen och f\u00e5 dem att njuta av det varma v\u00e4dret. Kombinationen av den citrusdoftande apelsinen och den fr\u00e4scha melonen skapar en h\u00e4rlig doftupplevelse som kommer att f\u00e5 dina kunders hem att dofta fantastiskt i upp till 12 veckor.&nbsp;<\/p>\n<p>R\u00f6rspridare \u00e4r en extremt popul\u00e4r hemprodukt som tenderar att \u00e5terk\u00f6pas regelbundet och \u00e4r en mycket popul\u00e4r present, vilket g\u00f6r dem till en stors\u00e4ljare \u00e5ret runt. Denna rR\u00f6rspridare \u00f6rspridare \u00e4r till och med redo att \u00e5ters\u00e4ljas i sin eleganta och i\u00f6gonfallande f\u00f6rpackning.&nbsp;<\/p>\n<p><strong><span style=\"color: rgb(84, 172, 210);\">Best\u00e4ll idag och f\u00e5 denna uppfriskande r\u00f6rspridare i din butik!<\/span><\/strong><\/p>\n","protected":false},"excerpt":{"rendered":"<p>Ge din butik en touch av distinkt arom med denna noggrant blandade r\u00f6rspridare&nbsp;i grossistledet.&nbsp; Denna uppfriskande och lysande blandning av apelsin- och melondoft kommer transportera dina kunder till en tropisk \u00f6 med en fruktig drink i handen och f\u00e5 dem att njuta av det varma v\u00e4dret. Kombinationen av den citrusdoftande apelsinen och den fr\u00e4scha melonen [&hellip;]<\/p>\n","protected":false},"featured_media":391079,"comment_status":"closed","ping_status":"open","template":"","meta":[],"product_brand":[],"product_cat":[26047,11884,26822,25845,11885,26850,26504],"product_tag":[],"class_list":{"0":"post-212318","1":"product","2":"type-product","3":"status-publish","4":"has-post-thumbnail","6":"product_cat-apelsin","7":"product_cat-aromalampor-diffusers-och-doftpinnar","8":"product_cat-citrus","9":"product_cat-dofter-aromer","10":"product_cat-doftpinnar","11":"product_cat-fruktig","12":"product_cat-melon","13":"pa_collection-reed-diffusers-home-fragrance-reed-diffusers-120ml-sv","14":"pa_made-in-storbritannien","16":"first","17":"instock","18":"purchasable","19":"product-type-simple"},"supplier_id":null,"supplier_sku":"RDHF-06","barcode":null,"atum_controlled":true,"out_stock_date":null,"out_stock_threshold":null,"inheritable":false,"inbound_stock":null,"stock_on_hold":0,"sold_today":0,"sales_last_days":0,"reserved_stock":null,"customer_returns":null,"warehouse_damage":null,"lost_in_post":null,"other_logs":null,"out_stock_days":0,"lost_sales":0,"has_location":null,"update_date":"2026-02-06T00:01:56","atum_locations":[],"atum_stock_status":"instock","restock_status":false,"low_stock_amount":"","sales_update_date":"2026-02-06T00:01:56","calc_backorders":null,"_links":{"self":[{"href":"https:\/\/aromasentia.com\/sv\/wp-json\/wp\/v2\/product\/212318","targetHints":{"allow":["GET"]}}],"collection":[{"href":"https:\/\/aromasentia.com\/sv\/wp-json\/wp\/v2\/product"}],"about":[{"href":"https:\/\/aromasentia.com\/sv\/wp-json\/wp\/v2\/types\/product"}],"replies":[{"embeddable":true,"href":"https:\/\/aromasentia.com\/sv\/wp-json\/wp\/v2\/comments?post=212318"}],"version-history":[{"count":0,"href":"https:\/\/aromasentia.com\/sv\/wp-json\/wp\/v2\/product\/212318\/revisions"}],"wp:featuredmedia":[{"embeddable":true,"href":"https:\/\/aromasentia.com\/sv\/wp-json\/wp\/v2\/media\/391079"}],"wp:attachment":[{"href":"https:\/\/aromasentia.com\/sv\/wp-json\/wp\/v2\/media?parent=212318"}],"wp:term":[{"taxonomy":"product_brand","embeddable":true,"href":"https:\/\/aromasentia.com\/sv\/wp-json\/wp\/v2\/product_brand?post=212318"},{"taxonomy":"product_cat","embeddable":true,"href":"https:\/\/aromasentia.com\/sv\/wp-json\/wp\/v2\/product_cat?post=212318"},{"taxonomy":"product_tag","embeddable":true,"href":"https:\/\/aromasentia.com\/sv\/wp-json\/wp\/v2\/product_tag?post=212318"}],"curies":[{"name":"wp","href":"https:\/\/api.w.org\/{rel}","templated":true}]}}