{"id":212317,"date":"2025-03-22T16:59:25","date_gmt":"2025-03-22T16:59:25","guid":{"rendered":"https:\/\/aromasentia.com\/product\/120ml-reed-diffuser-fig-cassis\/"},"modified":"2025-12-31T14:52:49","modified_gmt":"2025-12-31T14:52:49","slug":"120ml-rorspridare-fikon-svartvinbar","status":"publish","type":"product","link":"https:\/\/aromasentia.com\/sv\/120ml-rorspridare-fikon-svartvinbar\/","title":{"rendered":"120ml R\u00f6rspridare &#8211; Fikon &#038; Svartvinb\u00e4r"},"content":{"rendered":"<p>Ge din butik en touch av distinkt arom med denna noggrant blandade r\u00f6rspridare<strong>&nbsp;i grossistledet<\/strong>.&nbsp;<\/p>\n<p>Denna jordiga men \u00e4nd\u00e5 en aning s\u00f6ta doftblandning av fikon &amp; svartvinb\u00e4r kommer transportera dina kunder till en semester i Medelhavet och f\u00e5 dem att njuta av det varma v\u00e4dret. Den mogna och jordiga doften av fikon i kombination med den friska och fruktiga doften av svartvinb\u00e4r skapar en h\u00e4rlig upplyftande doftupplevelse och kommer att f\u00e5 dina kunders hem att dofta fantastiskt i upp till 12 veckor.<\/p>\n<p>R\u00f6rspridare \u00e4r en extremt popul\u00e4r hemprodukt som tenderar att \u00e5terk\u00f6pas regelbundet och \u00e4r en mycket popul\u00e4r present, vilket g\u00f6r dem till en stors\u00e4ljare \u00e5ret runt. Denna r\u00f6rspridare \u00e4r till och med redo att \u00e5ters\u00e4ljas i sin eleganta och i\u00f6gonfallande f\u00f6rpackning.&nbsp;<\/p>\n<p><strong><span style=\"color: rgb(84, 172, 210);\">Best\u00e4ll idag och f\u00e5 denna uppfriskande r\u00f6rspridare i din butik!<\/span><\/strong><\/p>\n","protected":false},"excerpt":{"rendered":"<p>Ge din butik en touch av distinkt arom med denna noggrant blandade r\u00f6rspridare&nbsp;i grossistledet.&nbsp; Denna jordiga men \u00e4nd\u00e5 en aning s\u00f6ta doftblandning av fikon &amp; svartvinb\u00e4r kommer transportera dina kunder till en semester i Medelhavet och f\u00e5 dem att njuta av det varma v\u00e4dret. Den mogna och jordiga doften av fikon i kombination med den [&hellip;]<\/p>\n","protected":false},"featured_media":391038,"comment_status":"closed","ping_status":"open","template":"","meta":[],"product_brand":[],"product_cat":[11884,11885],"product_tag":[],"class_list":{"0":"post-212317","1":"product","2":"type-product","3":"status-publish","4":"has-post-thumbnail","6":"product_cat-aromalampor-diffusers-och-doftpinnar","7":"product_cat-doftpinnar","8":"pa_collection-reed-diffusers-home-fragrance-reed-diffusers-120ml-sv","9":"pa_made-in-storbritannien","11":"first","12":"instock","13":"purchasable","14":"product-type-simple"},"supplier_id":null,"supplier_sku":"RDHF-05","barcode":null,"atum_controlled":true,"out_stock_date":null,"out_stock_threshold":null,"inheritable":false,"inbound_stock":null,"stock_on_hold":0,"sold_today":0,"sales_last_days":0,"reserved_stock":null,"customer_returns":null,"warehouse_damage":null,"lost_in_post":null,"other_logs":null,"out_stock_days":0,"lost_sales":0,"has_location":null,"update_date":"2026-02-06T00:01:54","atum_locations":[],"atum_stock_status":"instock","restock_status":false,"low_stock_amount":"","sales_update_date":"2026-02-06T00:01:54","calc_backorders":null,"_links":{"self":[{"href":"https:\/\/aromasentia.com\/sv\/wp-json\/wp\/v2\/product\/212317","targetHints":{"allow":["GET"]}}],"collection":[{"href":"https:\/\/aromasentia.com\/sv\/wp-json\/wp\/v2\/product"}],"about":[{"href":"https:\/\/aromasentia.com\/sv\/wp-json\/wp\/v2\/types\/product"}],"replies":[{"embeddable":true,"href":"https:\/\/aromasentia.com\/sv\/wp-json\/wp\/v2\/comments?post=212317"}],"version-history":[{"count":0,"href":"https:\/\/aromasentia.com\/sv\/wp-json\/wp\/v2\/product\/212317\/revisions"}],"wp:featuredmedia":[{"embeddable":true,"href":"https:\/\/aromasentia.com\/sv\/wp-json\/wp\/v2\/media\/391038"}],"wp:attachment":[{"href":"https:\/\/aromasentia.com\/sv\/wp-json\/wp\/v2\/media?parent=212317"}],"wp:term":[{"taxonomy":"product_brand","embeddable":true,"href":"https:\/\/aromasentia.com\/sv\/wp-json\/wp\/v2\/product_brand?post=212317"},{"taxonomy":"product_cat","embeddable":true,"href":"https:\/\/aromasentia.com\/sv\/wp-json\/wp\/v2\/product_cat?post=212317"},{"taxonomy":"product_tag","embeddable":true,"href":"https:\/\/aromasentia.com\/sv\/wp-json\/wp\/v2\/product_tag?post=212317"}],"curies":[{"name":"wp","href":"https:\/\/api.w.org\/{rel}","templated":true}]}}