{"id":212311,"date":"2025-03-22T16:59:25","date_gmt":"2025-03-22T16:59:25","guid":{"rendered":"https:\/\/aromasentia.com\/product\/200ml-basil-maychang-essential-oil-reed-diffuser\/"},"modified":"2025-12-31T14:52:42","modified_gmt":"2025-12-31T14:52:42","slug":"basilika-maychang-eterisk-olja-rorspridare-200-ml","status":"publish","type":"product","link":"https:\/\/aromasentia.com\/sv\/basilika-maychang-eterisk-olja-rorspridare-200-ml\/","title":{"rendered":"Basilika &#038; Maychang Eterisk Olja R\u00f6rspridare &#8211; 200 ml"},"content":{"rendered":"<p>Denna vackra klassiska r\u00f6rspridare <strong>&nbsp;i grossistledet&nbsp;<\/strong>inneh\u00e5ller endast naturliga eteriska oljor (i en mineraloljebas) f\u00f6r att f\u00f6rtrolla och gl\u00e4dja din familj och v\u00e4nner.&nbsp;<\/p>\n<p>L\u00e5ngsamt och f\u00f6rsiktigt kommer aromen att stiga l\u00e4ngs stickorna och fylla alla rum med en f\u00f6rtjusande och riktigt aromatisk doft. Doften kan h\u00e5lla i upp till 12 veckor.&nbsp;<\/p>\n<p>Ta bort all f\u00f6rpackning f\u00f6re anv\u00e4ndning. \u00d6ppna helt enkelt locket, ta bort pluggen och placera de indonesiska rottingpinnarna i flaskan. N\u00e4r pinnarna har sugit upp oljan, kan du eventuellt v\u00e4nda p\u00e5 dem och s\u00e4tta tillbaka dem i flaskan med den oljeindr\u00e4nkta \u00e4nden ut\u00e5t f\u00f6r en snabbare utl\u00f6sning av doften.&nbsp;<\/p>\n<p><strong>Best\u00e4ll idag och njut av ditt aromatiska \u00e4ventyr!<\/strong><\/p>\n","protected":false},"excerpt":{"rendered":"<p>Denna vackra klassiska r\u00f6rspridare &nbsp;i grossistledet&nbsp;inneh\u00e5ller endast naturliga eteriska oljor (i en mineraloljebas) f\u00f6r att f\u00f6rtrolla och gl\u00e4dja din familj och v\u00e4nner.&nbsp; L\u00e5ngsamt och f\u00f6rsiktigt kommer aromen att stiga l\u00e4ngs stickorna och fylla alla rum med en f\u00f6rtjusande och riktigt aromatisk doft. Doften kan h\u00e5lla i upp till 12 veckor.&nbsp; Ta bort all f\u00f6rpackning f\u00f6re [&hellip;]<\/p>\n","protected":false},"featured_media":390808,"comment_status":"closed","ping_status":"open","template":"","meta":{"_angie_page":false},"product_brand":[],"product_cat":[11884,26003,25845,11885,26864],"product_tag":[],"class_list":{"0":"post-212311","1":"product","2":"type-product","3":"status-publish","4":"has-post-thumbnail","6":"product_cat-aromalampor-diffusers-och-doftpinnar","7":"product_cat-basilika","8":"product_cat-dofter-aromer","9":"product_cat-doftpinnar","10":"product_cat-ort-aromatisk","11":"pa_collection-pure-essential-oils-reed-diffusers-sv","12":"pa_made-in-storbritannien","13":"pa_size-200ml","15":"first","16":"instock","17":"purchasable","18":"product-type-simple"},"supplier_id":null,"supplier_sku":"RDEO-11","barcode":null,"atum_controlled":true,"out_stock_date":null,"out_stock_threshold":null,"inheritable":false,"inbound_stock":null,"stock_on_hold":0,"sold_today":0,"sales_last_days":0,"reserved_stock":null,"customer_returns":null,"warehouse_damage":null,"lost_in_post":null,"other_logs":null,"out_stock_days":0,"lost_sales":0,"has_location":null,"update_date":"2026-04-27T07:19:22","atum_locations":[],"atum_stock_status":"instock","restock_status":false,"low_stock_amount":"","sales_update_date":"2026-01-30T01:25:31","calc_backorders":null,"_links":{"self":[{"href":"https:\/\/aromasentia.com\/sv\/wp-json\/wp\/v2\/product\/212311","targetHints":{"allow":["GET"]}}],"collection":[{"href":"https:\/\/aromasentia.com\/sv\/wp-json\/wp\/v2\/product"}],"about":[{"href":"https:\/\/aromasentia.com\/sv\/wp-json\/wp\/v2\/types\/product"}],"replies":[{"embeddable":true,"href":"https:\/\/aromasentia.com\/sv\/wp-json\/wp\/v2\/comments?post=212311"}],"version-history":[{"count":0,"href":"https:\/\/aromasentia.com\/sv\/wp-json\/wp\/v2\/product\/212311\/revisions"}],"wp:featuredmedia":[{"embeddable":true,"href":"https:\/\/aromasentia.com\/sv\/wp-json\/wp\/v2\/media\/390808"}],"wp:attachment":[{"href":"https:\/\/aromasentia.com\/sv\/wp-json\/wp\/v2\/media?parent=212311"}],"wp:term":[{"taxonomy":"product_brand","embeddable":true,"href":"https:\/\/aromasentia.com\/sv\/wp-json\/wp\/v2\/product_brand?post=212311"},{"taxonomy":"product_cat","embeddable":true,"href":"https:\/\/aromasentia.com\/sv\/wp-json\/wp\/v2\/product_cat?post=212311"},{"taxonomy":"product_tag","embeddable":true,"href":"https:\/\/aromasentia.com\/sv\/wp-json\/wp\/v2\/product_tag?post=212311"}],"curies":[{"name":"wp","href":"https:\/\/api.w.org\/{rel}","templated":true}]}}