{"id":212246,"date":"2025-03-22T16:59:35","date_gmt":"2025-03-22T16:59:35","guid":{"rendered":"https:\/\/aromasentia.com\/product\/10-ml-gothic-dream-fragrance-oil-unlabelled\/"},"modified":"2025-12-31T14:51:57","modified_gmt":"2025-12-31T14:51:57","slug":"gotisk-drom-doftolja-10ml-utan-etikett","status":"publish","type":"product","link":"https:\/\/aromasentia.com\/sv\/gotisk-drom-doftolja-10ml-utan-etikett\/","title":{"rendered":"Gotisk Dr\u00f6m Doftolja 10ml &#8211; Utan Etikett"},"content":{"rendered":"<p><strong>Grossist Gotisk Dr\u00f6m Doftolja&nbsp;<\/strong>\u00e4r mycket l\u00e5ngvarig eftersom den \u00e4r utsp\u00e4dd med en annan olja gjord av dipropylenglykol (DPG). DPG \u00e4r en vanlig b\u00e4rarolja som anv\u00e4nds f\u00f6r att sk\u00e4ra doftoljor f\u00f6r att g\u00f6ra dem mer effektiva.&nbsp;<\/p>\n<p>Dessutom kommer dess underbara doft som kombinerar <strong>noter av guld doft och vit mysk<\/strong> definitivt f\u00e5 en del kunders uppm\u00e4rksamhet.&nbsp;<\/p>\n<p>Varje f\u00f6rpackning av 10 oljor kommer i sin egen kartong. Det finns 10 x 10 ml om\u00e4rkta flaskor per ask.<\/p>\n","protected":false},"excerpt":{"rendered":"<p>Grossist Gotisk Dr\u00f6m Doftolja&nbsp;\u00e4r mycket l\u00e5ngvarig eftersom den \u00e4r utsp\u00e4dd med en annan olja gjord av dipropylenglykol (DPG). DPG \u00e4r en vanlig b\u00e4rarolja som anv\u00e4nds f\u00f6r att sk\u00e4ra doftoljor f\u00f6r att g\u00f6ra dem mer effektiva.&nbsp; Dessutom kommer dess underbara doft som kombinerar noter av guld doft och vit mysk definitivt f\u00e5 en del kunders uppm\u00e4rksamhet.&nbsp; [&hellip;]<\/p>\n","protected":false},"featured_media":393950,"comment_status":"closed","ping_status":"open","template":"","meta":{"_angie_page":false},"product_brand":[],"product_cat":[11868,11873],"product_tag":[],"class_list":{"0":"post-212246","1":"product","2":"type-product","3":"status-publish","4":"has-post-thumbnail","6":"product_cat-aromaterapi-och-rumsdofter","7":"product_cat-doftoljor","8":"pa_collection-ancient-wisdom-fragrance-oils-unlabelled-sv","9":"pa_made-in-storbritannien","10":"pa_size-10ml","12":"first","13":"instock","14":"purchasable","15":"product-type-simple"},"supplier_id":null,"supplier_sku":"ULFO-27","barcode":null,"atum_controlled":true,"out_stock_date":null,"out_stock_threshold":null,"inheritable":false,"inbound_stock":null,"stock_on_hold":0,"sold_today":0,"sales_last_days":0,"reserved_stock":null,"customer_returns":null,"warehouse_damage":null,"lost_in_post":null,"other_logs":null,"out_stock_days":0,"lost_sales":0,"has_location":null,"update_date":"2026-05-08T05:21:27","atum_locations":[],"atum_stock_status":"instock","restock_status":false,"low_stock_amount":"","sales_update_date":"2026-01-30T01:25:50","calc_backorders":null,"_links":{"self":[{"href":"https:\/\/aromasentia.com\/sv\/wp-json\/wp\/v2\/product\/212246","targetHints":{"allow":["GET"]}}],"collection":[{"href":"https:\/\/aromasentia.com\/sv\/wp-json\/wp\/v2\/product"}],"about":[{"href":"https:\/\/aromasentia.com\/sv\/wp-json\/wp\/v2\/types\/product"}],"replies":[{"embeddable":true,"href":"https:\/\/aromasentia.com\/sv\/wp-json\/wp\/v2\/comments?post=212246"}],"version-history":[{"count":0,"href":"https:\/\/aromasentia.com\/sv\/wp-json\/wp\/v2\/product\/212246\/revisions"}],"wp:featuredmedia":[{"embeddable":true,"href":"https:\/\/aromasentia.com\/sv\/wp-json\/wp\/v2\/media\/393950"}],"wp:attachment":[{"href":"https:\/\/aromasentia.com\/sv\/wp-json\/wp\/v2\/media?parent=212246"}],"wp:term":[{"taxonomy":"product_brand","embeddable":true,"href":"https:\/\/aromasentia.com\/sv\/wp-json\/wp\/v2\/product_brand?post=212246"},{"taxonomy":"product_cat","embeddable":true,"href":"https:\/\/aromasentia.com\/sv\/wp-json\/wp\/v2\/product_cat?post=212246"},{"taxonomy":"product_tag","embeddable":true,"href":"https:\/\/aromasentia.com\/sv\/wp-json\/wp\/v2\/product_tag?post=212246"}],"curies":[{"name":"wp","href":"https:\/\/api.w.org\/{rel}","templated":true}]}}