{"id":212114,"date":"2025-03-23T10:29:38","date_gmt":"2025-03-23T10:29:38","guid":{"rendered":"https:\/\/aromasentia.com\/product\/brass-tibetan-burner-eight-symbols-square-hanging-pot\/"},"modified":"2025-12-31T14:50:27","modified_gmt":"2025-12-31T14:50:27","slug":"tibetansk-rokelsebrannare-i-massing-kvadratisk-hangande-skal-med-atta-symboler","status":"publish","type":"product","link":"https:\/\/aromasentia.com\/sv\/tibetansk-rokelsebrannare-i-massing-kvadratisk-hangande-skal-med-atta-symboler\/","title":{"rendered":"Tibetansk R\u00f6kelsebr\u00e4nnare i M\u00e4ssing &#8211; Kvadratisk H\u00e4ngande Sk\u00e5l med \u00c5tta Symboler"},"content":{"rendered":"","protected":false},"excerpt":{"rendered":"","protected":false},"featured_media":396398,"comment_status":"closed","ping_status":"open","template":"","meta":[],"product_brand":[],"product_cat":[11550,11554,11551],"product_tag":[],"class_list":{"0":"post-212114","1":"product","2":"type-product","3":"status-publish","4":"has-post-thumbnail","6":"product_cat-rokelse-och-rokelsehallare","7":"product_cat-rokelsebrannare","8":"product_cat-rokelsehallare-och-brannare","9":"pa_collection-antique-tibetan-incense-holders-sv","10":"pa_made-in-indien","12":"first","13":"instock","14":"purchasable","15":"product-type-simple"},"supplier_id":null,"supplier_sku":"ATIH-05","barcode":null,"atum_controlled":true,"out_stock_date":null,"out_stock_threshold":null,"inheritable":false,"inbound_stock":null,"stock_on_hold":0,"sold_today":0,"sales_last_days":0,"reserved_stock":null,"customer_returns":null,"warehouse_damage":null,"lost_in_post":null,"other_logs":null,"out_stock_days":0,"lost_sales":0,"has_location":null,"update_date":"2026-02-06T00:02:41","atum_locations":[],"atum_stock_status":"instock","restock_status":false,"low_stock_amount":"","sales_update_date":"2026-02-06T00:02:41","calc_backorders":null,"_links":{"self":[{"href":"https:\/\/aromasentia.com\/sv\/wp-json\/wp\/v2\/product\/212114","targetHints":{"allow":["GET"]}}],"collection":[{"href":"https:\/\/aromasentia.com\/sv\/wp-json\/wp\/v2\/product"}],"about":[{"href":"https:\/\/aromasentia.com\/sv\/wp-json\/wp\/v2\/types\/product"}],"replies":[{"embeddable":true,"href":"https:\/\/aromasentia.com\/sv\/wp-json\/wp\/v2\/comments?post=212114"}],"version-history":[{"count":0,"href":"https:\/\/aromasentia.com\/sv\/wp-json\/wp\/v2\/product\/212114\/revisions"}],"wp:featuredmedia":[{"embeddable":true,"href":"https:\/\/aromasentia.com\/sv\/wp-json\/wp\/v2\/media\/396398"}],"wp:attachment":[{"href":"https:\/\/aromasentia.com\/sv\/wp-json\/wp\/v2\/media?parent=212114"}],"wp:term":[{"taxonomy":"product_brand","embeddable":true,"href":"https:\/\/aromasentia.com\/sv\/wp-json\/wp\/v2\/product_brand?post=212114"},{"taxonomy":"product_cat","embeddable":true,"href":"https:\/\/aromasentia.com\/sv\/wp-json\/wp\/v2\/product_cat?post=212114"},{"taxonomy":"product_tag","embeddable":true,"href":"https:\/\/aromasentia.com\/sv\/wp-json\/wp\/v2\/product_tag?post=212114"}],"curies":[{"name":"wp","href":"https:\/\/api.w.org\/{rel}","templated":true}]}}