{"id":211410,"date":"2025-03-23T10:31:32","date_gmt":"2025-03-23T10:31:32","guid":{"rendered":"https:\/\/aromasentia.com\/product\/plant-based-incense-cones-apple-cinnamon\/"},"modified":"2025-12-31T14:41:40","modified_gmt":"2025-12-31T14:41:40","slug":"vaxtbaserade-rokelsekoner-apple-kanel","status":"publish","type":"product","link":"https:\/\/aromasentia.com\/sv\/vaxtbaserade-rokelsekoner-apple-kanel\/","title":{"rendered":"V\u00e4xtbaserade R\u00f6kelsekoner &#8211; \u00c4pple &#038; Kanel"},"content":{"rendered":"","protected":false},"excerpt":{"rendered":"","protected":false},"featured_media":412440,"comment_status":"closed","ping_status":"open","template":"","meta":{"_angie_page":false},"product_brand":[27140],"product_cat":[26545,25845,26850,26012,26892,11550,11595],"product_tag":[],"class_list":{"0":"post-211410","1":"product","2":"type-product","3":"status-publish","4":"has-post-thumbnail","6":"product_brand-stamford","7":"product_cat-apple","8":"product_cat-dofter-aromer","9":"product_cat-fruktig","10":"product_cat-kanel","11":"product_cat-kryddig","12":"product_cat-rokelse-och-rokelsehallare","13":"product_cat-rokelsekoner","14":"pa_collection-plant-based-incense-cones-californian-white-sage-sv","15":"pa_made-in-indien","17":"first","18":"instock","19":"purchasable","20":"product-type-simple"},"supplier_id":null,"supplier_sku":"SPBiC-08","barcode":null,"atum_controlled":true,"out_stock_date":null,"out_stock_threshold":null,"inheritable":false,"inbound_stock":null,"stock_on_hold":0,"sold_today":0,"sales_last_days":0,"reserved_stock":null,"customer_returns":null,"warehouse_damage":null,"lost_in_post":null,"other_logs":null,"out_stock_days":0,"lost_sales":0,"has_location":null,"update_date":"2026-04-27T07:22:34","atum_locations":[],"atum_stock_status":"instock","restock_status":false,"low_stock_amount":"","sales_update_date":"2025-09-03T00:18:01","calc_backorders":null,"_links":{"self":[{"href":"https:\/\/aromasentia.com\/sv\/wp-json\/wp\/v2\/product\/211410","targetHints":{"allow":["GET"]}}],"collection":[{"href":"https:\/\/aromasentia.com\/sv\/wp-json\/wp\/v2\/product"}],"about":[{"href":"https:\/\/aromasentia.com\/sv\/wp-json\/wp\/v2\/types\/product"}],"replies":[{"embeddable":true,"href":"https:\/\/aromasentia.com\/sv\/wp-json\/wp\/v2\/comments?post=211410"}],"version-history":[{"count":0,"href":"https:\/\/aromasentia.com\/sv\/wp-json\/wp\/v2\/product\/211410\/revisions"}],"wp:featuredmedia":[{"embeddable":true,"href":"https:\/\/aromasentia.com\/sv\/wp-json\/wp\/v2\/media\/412440"}],"wp:attachment":[{"href":"https:\/\/aromasentia.com\/sv\/wp-json\/wp\/v2\/media?parent=211410"}],"wp:term":[{"taxonomy":"product_brand","embeddable":true,"href":"https:\/\/aromasentia.com\/sv\/wp-json\/wp\/v2\/product_brand?post=211410"},{"taxonomy":"product_cat","embeddable":true,"href":"https:\/\/aromasentia.com\/sv\/wp-json\/wp\/v2\/product_cat?post=211410"},{"taxonomy":"product_tag","embeddable":true,"href":"https:\/\/aromasentia.com\/sv\/wp-json\/wp\/v2\/product_tag?post=211410"}],"curies":[{"name":"wp","href":"https:\/\/api.w.org\/{rel}","templated":true}]}}