{"id":211268,"date":"2025-03-23T10:31:56","date_gmt":"2025-03-23T10:31:56","guid":{"rendered":"https:\/\/aromasentia.com\/product\/tribal-soul-incense-sticks-7-chakras-with-message-card\/"},"modified":"2025-12-31T14:39:58","modified_gmt":"2025-12-31T14:39:58","slug":"tribal-soul-rokelsepinnar-7-chakran-med-budskapskort","status":"publish","type":"product","link":"https:\/\/aromasentia.com\/sv\/tribal-soul-rokelsepinnar-7-chakran-med-budskapskort\/","title":{"rendered":"Tribal Soul R\u00f6kelsepinnar &#8211; 7 Chakran (med Budskapskort)"},"content":{"rendered":"<p style=\"text-align: justify;\">L\u00e5t dig svepas in i harmoniska dofter med v\u00e5ra handrullade <strong>7 Chakra R\u00f6kelsepinnar<\/strong> &ndash; <strong>en noggrant balanserad blandning av \u00f6rter, kryddor och k\u00e5dor fr\u00e5n hela v\u00e4rlden<\/strong>.<\/p>\n<p style=\"text-align: justify;\">Varje ask \u00e4r vackert designad och inneh\u00e5ller 10 st r\u00f6rkelsepinnar (15g).<\/p>\n<p style=\"text-align: justify;\">I varje paket hittar du ett inspirerande kort om en av de sju chakrana &ndash; Rot, Sakral, Solar Plexus, Hj\u00e4rta, Hals, Tredje \u00d6gat eller Kronchakrat. Du kanske inte f\u00e5r alla sju chakran, men varje kort fungerar som en varsam p\u00e5minnelse och en inspirationsk\u00e4lla f\u00f6r sj\u00e4lvinsikt och balans.<\/p>\n<p style=\"text-align: justify;\"><strong>Varf\u00f6r v\u00e4lja v\u00e5ra r\u00f6kelsepinnar?<\/strong><\/p>\n<p style=\"text-align: justify;\"><strong>Avslappning &amp; Harmoni: <\/strong>Upplev dofter som hj\u00e4lper till att \u00e5terst\u00e4lla balans och skapa en k\u00e4nsla av frid.<\/p>\n<p style=\"text-align: justify;\"><strong>Handrullad Kvalitet:<\/strong> Skickliga hantverkare skapar varje pinne med omsorg, vilket ger en autentisk och f\u00f6rfinad doftupplevelse.<\/p>\n<p style=\"text-align: justify;\"><strong>Inre Balans:<\/strong> Fr\u00e4mja kreativitet, kommunikation, andlighet och inre frid genom att ansluta till dina chakran.<\/p>\n<p style=\"text-align: justify;\"><strong>Anv\u00e4ndning:<\/strong>\n<\/p>\n<p style=\"text-align: justify;\">L\u00e4s ditt budskort och l\u00e5t det v\u00e4gleda dig p\u00e5 en resa mot sj\u00e4lvinsikt och spirituell tillv\u00e4xt. T\u00e4nd en r\u00f6kelsepinne och \u00f6ppna d\u00f6rren till sj\u00e4lvmedvetenhet och upplysning.<\/p>\n<p style=\"text-align: justify;\"><strong>Best\u00e4ll v\u00e5ra 7 Chakra Handrullade R\u00f6kelsepinnar idag och f\u00f6rdjupa din resa mot balans och harmoni!<\/strong><\/p>\n","protected":false},"excerpt":{"rendered":"<p>L\u00e5t dig svepas in i harmoniska dofter med v\u00e5ra handrullade 7 Chakra R\u00f6kelsepinnar &ndash; en noggrant balanserad blandning av \u00f6rter, kryddor och k\u00e5dor fr\u00e5n hela v\u00e4rlden. Varje ask \u00e4r vackert designad och inneh\u00e5ller 10 st r\u00f6rkelsepinnar (15g). I varje paket hittar du ett inspirerande kort om en av de sju chakrana &ndash; Rot, Sakral, Solar [&hellip;]<\/p>\n","protected":false},"featured_media":415013,"comment_status":"closed","ping_status":"open","template":"","meta":{"_angie_page":false},"product_brand":[27151],"product_cat":[11550,11561],"product_tag":[],"class_list":{"0":"post-211268","1":"product","2":"type-product","3":"status-publish","4":"has-post-thumbnail","6":"product_brand-tribal-soul","7":"product_cat-rokelse-och-rokelsehallare","8":"product_cat-rokelsepinnar","9":"pa_collection-tribal-soul-incense-sv","10":"pa_made-in-indien","12":"first","13":"instock","14":"purchasable","15":"product-type-simple"},"supplier_id":null,"supplier_sku":"TribalSi-13","barcode":null,"atum_controlled":true,"out_stock_date":null,"out_stock_threshold":null,"inheritable":false,"inbound_stock":null,"stock_on_hold":0,"sold_today":0,"sales_last_days":0,"reserved_stock":null,"customer_returns":null,"warehouse_damage":null,"lost_in_post":null,"other_logs":null,"out_stock_days":0,"lost_sales":0,"has_location":null,"update_date":"2026-04-27T07:25:27","atum_locations":[],"atum_stock_status":"instock","restock_status":false,"low_stock_amount":"","sales_update_date":"2025-09-03T00:17:30","calc_backorders":null,"_links":{"self":[{"href":"https:\/\/aromasentia.com\/sv\/wp-json\/wp\/v2\/product\/211268","targetHints":{"allow":["GET"]}}],"collection":[{"href":"https:\/\/aromasentia.com\/sv\/wp-json\/wp\/v2\/product"}],"about":[{"href":"https:\/\/aromasentia.com\/sv\/wp-json\/wp\/v2\/types\/product"}],"replies":[{"embeddable":true,"href":"https:\/\/aromasentia.com\/sv\/wp-json\/wp\/v2\/comments?post=211268"}],"version-history":[{"count":0,"href":"https:\/\/aromasentia.com\/sv\/wp-json\/wp\/v2\/product\/211268\/revisions"}],"wp:featuredmedia":[{"embeddable":true,"href":"https:\/\/aromasentia.com\/sv\/wp-json\/wp\/v2\/media\/415013"}],"wp:attachment":[{"href":"https:\/\/aromasentia.com\/sv\/wp-json\/wp\/v2\/media?parent=211268"}],"wp:term":[{"taxonomy":"product_brand","embeddable":true,"href":"https:\/\/aromasentia.com\/sv\/wp-json\/wp\/v2\/product_brand?post=211268"},{"taxonomy":"product_cat","embeddable":true,"href":"https:\/\/aromasentia.com\/sv\/wp-json\/wp\/v2\/product_cat?post=211268"},{"taxonomy":"product_tag","embeddable":true,"href":"https:\/\/aromasentia.com\/sv\/wp-json\/wp\/v2\/product_tag?post=211268"}],"curies":[{"name":"wp","href":"https:\/\/api.w.org\/{rel}","templated":true}]}}