{"id":211255,"date":"2025-03-23T10:32:04","date_gmt":"2025-03-23T10:32:04","guid":{"rendered":"https:\/\/aromasentia.com\/product\/white-washed-incense-holder-smoke-box\/"},"modified":"2025-12-31T14:39:51","modified_gmt":"2025-12-31T14:39:51","slug":"vittvattad-rokelsehallare-rokelseask","status":"publish","type":"product","link":"https:\/\/aromasentia.com\/sv\/vittvattad-rokelsehallare-rokelseask\/","title":{"rendered":"Vittv\u00e4ttad R\u00f6kelseh\u00e5llare &#8211; R\u00f6kelseask"},"content":{"rendered":"","protected":false},"excerpt":{"rendered":"","protected":false},"featured_media":416314,"comment_status":"closed","ping_status":"open","template":"","meta":[],"product_brand":[],"product_cat":[11550,11554,11551],"product_tag":[],"class_list":{"0":"post-211255","1":"product","2":"type-product","3":"status-publish","4":"has-post-thumbnail","6":"product_cat-rokelse-och-rokelsehallare","7":"product_cat-rokelsebrannare","8":"product_cat-rokelsehallare-och-brannare","9":"pa_collection-white-washed-incense-holders-sv","10":"pa_made-in-indien","12":"first","13":"instock","14":"purchasable","15":"product-type-simple"},"supplier_id":null,"supplier_sku":"WWIH-03","barcode":null,"atum_controlled":true,"out_stock_date":null,"out_stock_threshold":null,"inheritable":false,"inbound_stock":null,"stock_on_hold":0,"sold_today":0,"sales_last_days":0,"reserved_stock":null,"customer_returns":null,"warehouse_damage":null,"lost_in_post":null,"other_logs":null,"out_stock_days":0,"lost_sales":0,"has_location":null,"update_date":"2026-02-02T08:35:28","atum_locations":[],"atum_stock_status":"instock","restock_status":false,"low_stock_amount":"","sales_update_date":"2026-01-30T01:25:00","calc_backorders":null,"_links":{"self":[{"href":"https:\/\/aromasentia.com\/sv\/wp-json\/wp\/v2\/product\/211255","targetHints":{"allow":["GET"]}}],"collection":[{"href":"https:\/\/aromasentia.com\/sv\/wp-json\/wp\/v2\/product"}],"about":[{"href":"https:\/\/aromasentia.com\/sv\/wp-json\/wp\/v2\/types\/product"}],"replies":[{"embeddable":true,"href":"https:\/\/aromasentia.com\/sv\/wp-json\/wp\/v2\/comments?post=211255"}],"version-history":[{"count":0,"href":"https:\/\/aromasentia.com\/sv\/wp-json\/wp\/v2\/product\/211255\/revisions"}],"wp:featuredmedia":[{"embeddable":true,"href":"https:\/\/aromasentia.com\/sv\/wp-json\/wp\/v2\/media\/416314"}],"wp:attachment":[{"href":"https:\/\/aromasentia.com\/sv\/wp-json\/wp\/v2\/media?parent=211255"}],"wp:term":[{"taxonomy":"product_brand","embeddable":true,"href":"https:\/\/aromasentia.com\/sv\/wp-json\/wp\/v2\/product_brand?post=211255"},{"taxonomy":"product_cat","embeddable":true,"href":"https:\/\/aromasentia.com\/sv\/wp-json\/wp\/v2\/product_cat?post=211255"},{"taxonomy":"product_tag","embeddable":true,"href":"https:\/\/aromasentia.com\/sv\/wp-json\/wp\/v2\/product_tag?post=211255"}],"curies":[{"name":"wp","href":"https:\/\/api.w.org\/{rel}","templated":true}]}}