{"id":211129,"date":"2025-03-23T11:06:16","date_gmt":"2025-03-23T11:06:16","guid":{"rendered":"https:\/\/aromasentia.com\/product\/gemstone-mini-angels-pendants-12-assorted-26x18mm\/"},"modified":"2025-12-31T14:38:15","modified_gmt":"2025-12-31T14:38:15","slug":"adelstenshangen-mini-anglar-12-olika-26x18mm","status":"publish","type":"product","link":"https:\/\/aromasentia.com\/sv\/adelstenshangen-mini-anglar-12-olika-26x18mm\/","title":{"rendered":"\u00c4delstensh\u00e4ngen &#8211; Mini-\u00e4nglar (12 olika) 26x18mm"},"content":{"rendered":"<p style=\"text-align: justify;\"><strong>\u00c4delstensh\u00e4ngen &#8211; Mini-\u00e4nglar b\u00e4rs f\u00f6r att ge skydd och v\u00e4gledning.&nbsp;<\/strong><\/p>\n<p style=\"text-align: justify;\">Det finns 12 stycken blandade h\u00e4ngen, 26x18mm vardera, gjorda av \u00e4delstenar som ametist, rosekvarts, aventurin, sodalit, tiger\u00f6ga och stenkvarts, i detta specialpaket. Alla dessa fantastiska h\u00e4ngen l\u00e4gger till andlighet och en skyddande touch till alla m\u00f6jliga smycken.<\/p>\n<p style=\"text-align: justify;\">Dessa h\u00e4ngen s\u00e4ljs som l\u00f6sa delar, vilket ger stora m\u00f6jligheter till kreativitet med halsband, armband och dekorativa tillbeh\u00f6r. Den unika energin och symboliken i varje h\u00e4ngsmycke adderar attraktion och v\u00e4rde till dina produkterbjudanden.&nbsp;<\/p>\n<p style=\"text-align: justify;\"><strong>Handla dessa vackra h\u00e4ngen tillsammans med v\u00e5ra <a href=\"https:\/\/aromasentia.com\/pcord\" rel=\"noopener noreferrer\" target=\"_blank\">h\u00e4ngsn\u00f6ren<\/a> och l\u00e5t kreativiteten fl\u00f6da!<\/strong><\/p>\n","protected":false},"excerpt":{"rendered":"<p>\u00c4delstensh\u00e4ngen &#8211; Mini-\u00e4nglar b\u00e4rs f\u00f6r att ge skydd och v\u00e4gledning.&nbsp; Det finns 12 stycken blandade h\u00e4ngen, 26x18mm vardera, gjorda av \u00e4delstenar som ametist, rosekvarts, aventurin, sodalit, tiger\u00f6ga och stenkvarts, i detta specialpaket. Alla dessa fantastiska h\u00e4ngen l\u00e4gger till andlighet och en skyddande touch till alla m\u00f6jliga smycken. Dessa h\u00e4ngen s\u00e4ljs som l\u00f6sa delar, vilket ger [&hellip;]<\/p>\n","protected":false},"featured_media":420846,"comment_status":"closed","ping_status":"open","template":"","meta":[],"product_brand":[],"product_cat":[25216,11389],"product_tag":[],"class_list":{"0":"post-211129","1":"product","2":"type-product","3":"status-publish","4":"has-post-thumbnail","6":"product_cat-halsband-hangsmycken","7":"product_cat-smycken-och-accessoarer","8":"pa_collection-gemstone-pendants-sv","9":"pa_made-in-kina","11":"first","12":"instock","13":"purchasable","14":"product-type-simple"},"supplier_id":null,"supplier_sku":"GemPD-22","barcode":null,"atum_controlled":true,"out_stock_date":null,"out_stock_threshold":null,"inheritable":false,"inbound_stock":null,"stock_on_hold":0,"sold_today":0,"sales_last_days":0,"reserved_stock":null,"customer_returns":null,"warehouse_damage":null,"lost_in_post":null,"other_logs":null,"out_stock_days":0,"lost_sales":0,"has_location":null,"update_date":"2026-02-12T05:53:37","atum_locations":[],"atum_stock_status":"instock","restock_status":false,"low_stock_amount":"","sales_update_date":"2026-02-06T00:02:20","calc_backorders":null,"_links":{"self":[{"href":"https:\/\/aromasentia.com\/sv\/wp-json\/wp\/v2\/product\/211129","targetHints":{"allow":["GET"]}}],"collection":[{"href":"https:\/\/aromasentia.com\/sv\/wp-json\/wp\/v2\/product"}],"about":[{"href":"https:\/\/aromasentia.com\/sv\/wp-json\/wp\/v2\/types\/product"}],"replies":[{"embeddable":true,"href":"https:\/\/aromasentia.com\/sv\/wp-json\/wp\/v2\/comments?post=211129"}],"version-history":[{"count":0,"href":"https:\/\/aromasentia.com\/sv\/wp-json\/wp\/v2\/product\/211129\/revisions"}],"wp:featuredmedia":[{"embeddable":true,"href":"https:\/\/aromasentia.com\/sv\/wp-json\/wp\/v2\/media\/420846"}],"wp:attachment":[{"href":"https:\/\/aromasentia.com\/sv\/wp-json\/wp\/v2\/media?parent=211129"}],"wp:term":[{"taxonomy":"product_brand","embeddable":true,"href":"https:\/\/aromasentia.com\/sv\/wp-json\/wp\/v2\/product_brand?post=211129"},{"taxonomy":"product_cat","embeddable":true,"href":"https:\/\/aromasentia.com\/sv\/wp-json\/wp\/v2\/product_cat?post=211129"},{"taxonomy":"product_tag","embeddable":true,"href":"https:\/\/aromasentia.com\/sv\/wp-json\/wp\/v2\/product_tag?post=211129"}],"curies":[{"name":"wp","href":"https:\/\/api.w.org\/{rel}","templated":true}]}}