{"id":211128,"date":"2025-03-23T11:06:16","date_gmt":"2025-03-23T11:06:16","guid":{"rendered":"https:\/\/aromasentia.com\/product\/gemstone-angel-wings-pendants-12-assorted-28x15mm\/"},"modified":"2025-12-31T14:38:15","modified_gmt":"2025-12-31T14:38:15","slug":"adelstenshangen-angelvingar-12-olika-28x15mm","status":"publish","type":"product","link":"https:\/\/aromasentia.com\/sv\/adelstenshangen-angelvingar-12-olika-28x15mm\/","title":{"rendered":"\u00c4delstensh\u00e4ngen &#8211; \u00c4ngelvingar (12 olika) 28x15mm"},"content":{"rendered":"<p style=\"text-align: justify;\"><strong>\u00c4delstensh\u00e4ngen &#8211; \u00c4ngelvingar sipprar av n\u00e5d och skydd.&nbsp;<\/strong><\/p>\n<p style=\"text-align: justify;\">Detta \u00e4r ett set med 12 olika h\u00e4ngen med m\u00e5tten 28x15mm, gjorda av den lugna ametist, k\u00e4rleksfulla rosenkvarts, lyckosamma aventurin, logiska sodalit, beskyddande tiger\u00f6ga och helande stenkvarts. Dessa formade \u00e4nglavingar \u00e4r idealiska f\u00f6r att l\u00e4gga till den andliga touchen till dina smyckesskapelser.<\/p>\n<p style=\"text-align: justify;\">Dessa h\u00e4ngen s\u00e4ljs som l\u00f6sa delar, vilket ger stora m\u00f6jligheter till kreativitet med halsband, armband och dekorativa tillbeh\u00f6r. Den unika energin och symboliken i varje h\u00e4ngsmycke adderar attraktion och v\u00e4rde till dina produkterbjudanden.&nbsp;<\/p>\n<p style=\"text-align: justify;\"><strong>Handla dessa vackra h\u00e4ngen tillsammans med v\u00e5ra <a href=\"https:\/\/aromasentia.com\/pcord\" rel=\"noopener noreferrer\" target=\"_blank\">h\u00e4ngsn\u00f6ren<\/a> och l\u00e5t kreativiteten fl\u00f6da!<\/strong><\/p>\n","protected":false},"excerpt":{"rendered":"<p>\u00c4delstensh\u00e4ngen &#8211; \u00c4ngelvingar sipprar av n\u00e5d och skydd.&nbsp; Detta \u00e4r ett set med 12 olika h\u00e4ngen med m\u00e5tten 28x15mm, gjorda av den lugna ametist, k\u00e4rleksfulla rosenkvarts, lyckosamma aventurin, logiska sodalit, beskyddande tiger\u00f6ga och helande stenkvarts. Dessa formade \u00e4nglavingar \u00e4r idealiska f\u00f6r att l\u00e4gga till den andliga touchen till dina smyckesskapelser. Dessa h\u00e4ngen s\u00e4ljs som l\u00f6sa [&hellip;]<\/p>\n","protected":false},"featured_media":420829,"comment_status":"closed","ping_status":"open","template":"","meta":{"_angie_page":false},"product_brand":[],"product_cat":[25216,11389],"product_tag":[],"class_list":{"0":"post-211128","1":"product","2":"type-product","3":"status-publish","4":"has-post-thumbnail","6":"product_cat-halsband-hangsmycken","7":"product_cat-smycken-och-accessoarer","8":"pa_collection-gemstone-pendants-sv","9":"pa_made-in-kina","11":"first","12":"instock","13":"purchasable","14":"product-type-simple"},"supplier_id":null,"supplier_sku":"GemPD-21","barcode":null,"atum_controlled":true,"out_stock_date":null,"out_stock_threshold":null,"inheritable":false,"inbound_stock":null,"stock_on_hold":0,"sold_today":0,"sales_last_days":0,"reserved_stock":null,"customer_returns":null,"warehouse_damage":null,"lost_in_post":null,"other_logs":null,"out_stock_days":0,"lost_sales":0,"has_location":null,"update_date":"2026-05-04T00:03:55","atum_locations":[],"atum_stock_status":"instock","restock_status":false,"low_stock_amount":"","sales_update_date":"2025-09-03T00:16:54","calc_backorders":null,"_links":{"self":[{"href":"https:\/\/aromasentia.com\/sv\/wp-json\/wp\/v2\/product\/211128","targetHints":{"allow":["GET"]}}],"collection":[{"href":"https:\/\/aromasentia.com\/sv\/wp-json\/wp\/v2\/product"}],"about":[{"href":"https:\/\/aromasentia.com\/sv\/wp-json\/wp\/v2\/types\/product"}],"replies":[{"embeddable":true,"href":"https:\/\/aromasentia.com\/sv\/wp-json\/wp\/v2\/comments?post=211128"}],"version-history":[{"count":0,"href":"https:\/\/aromasentia.com\/sv\/wp-json\/wp\/v2\/product\/211128\/revisions"}],"wp:featuredmedia":[{"embeddable":true,"href":"https:\/\/aromasentia.com\/sv\/wp-json\/wp\/v2\/media\/420829"}],"wp:attachment":[{"href":"https:\/\/aromasentia.com\/sv\/wp-json\/wp\/v2\/media?parent=211128"}],"wp:term":[{"taxonomy":"product_brand","embeddable":true,"href":"https:\/\/aromasentia.com\/sv\/wp-json\/wp\/v2\/product_brand?post=211128"},{"taxonomy":"product_cat","embeddable":true,"href":"https:\/\/aromasentia.com\/sv\/wp-json\/wp\/v2\/product_cat?post=211128"},{"taxonomy":"product_tag","embeddable":true,"href":"https:\/\/aromasentia.com\/sv\/wp-json\/wp\/v2\/product_tag?post=211128"}],"curies":[{"name":"wp","href":"https:\/\/api.w.org\/{rel}","templated":true}]}}