{"id":211124,"date":"2025-03-23T11:06:16","date_gmt":"2025-03-23T11:06:16","guid":{"rendered":"https:\/\/aromasentia.com\/product\/gemstone-stars-pendants-12-assorted-20x6mm\/"},"modified":"2025-12-31T14:38:15","modified_gmt":"2025-12-31T14:38:15","slug":"adelstenshangen-stjarnor-12-olika-20x6mm","status":"publish","type":"product","link":"https:\/\/aromasentia.com\/sv\/adelstenshangen-stjarnor-12-olika-20x6mm\/","title":{"rendered":"\u00c4delstensh\u00e4ngen &#8211; Stj\u00e4rnor (12 olika) 20x6mm"},"content":{"rendered":"<p style=\"text-align: justify;\"><strong>V\u00e5ra \u00c4delstensh\u00e4ngen &#8211; Stj\u00e4rnor \u00e4r perfekta f\u00f6r att f\u00f6rverkliga alla \u00f6nskan.&nbsp;<\/strong><\/p>\n<p style=\"text-align: justify;\">Dessa 20x6mm h\u00e4ngen kommer i ett paket om 12, och \u00e4r gjorda av \u00e4delstenar som ametist, rosenkvarts, aventurin, sodalit, tiger\u00f6ga och stenkvarts. Varje stj\u00e4rnformat h\u00e4ngsmycke ger en himmelsk touch till alla smycken, vilket g\u00f6r dem perfekta f\u00f6r nyckfulla och magiska design.<\/p>\n<p style=\"text-align: justify;\">Dessa h\u00e4ngen s\u00e4ljs som l\u00f6sa delar, vilket ger stora m\u00f6jligheter till kreativitet med halsband, armband och dekorativa tillbeh\u00f6r. Den unika energin och symboliken i varje h\u00e4ngsmycke adderar attraktion och v\u00e4rde till dina produkterbjudanden.&nbsp;<\/p>\n<p style=\"text-align: justify;\"><strong>Handla dessa vackra h\u00e4ngen tillsammans med v\u00e5ra <a href=\"https:\/\/aromasentia.com\/pcord\">h\u00e4ngsn\u00f6ren<\/a> och l\u00e5t kreativiteten fl\u00f6da!<\/strong><\/p>\n","protected":false},"excerpt":{"rendered":"<p>V\u00e5ra \u00c4delstensh\u00e4ngen &#8211; Stj\u00e4rnor \u00e4r perfekta f\u00f6r att f\u00f6rverkliga alla \u00f6nskan.&nbsp; Dessa 20x6mm h\u00e4ngen kommer i ett paket om 12, och \u00e4r gjorda av \u00e4delstenar som ametist, rosenkvarts, aventurin, sodalit, tiger\u00f6ga och stenkvarts. Varje stj\u00e4rnformat h\u00e4ngsmycke ger en himmelsk touch till alla smycken, vilket g\u00f6r dem perfekta f\u00f6r nyckfulla och magiska design. Dessa h\u00e4ngen s\u00e4ljs [&hellip;]<\/p>\n","protected":false},"featured_media":420753,"comment_status":"closed","ping_status":"open","template":"","meta":{"_angie_page":false},"product_brand":[],"product_cat":[25216,11389],"product_tag":[],"class_list":{"0":"post-211124","1":"product","2":"type-product","3":"status-publish","4":"has-post-thumbnail","6":"product_cat-halsband-hangsmycken","7":"product_cat-smycken-och-accessoarer","8":"pa_collection-gemstone-pendants-sv","9":"pa_made-in-kina","11":"first","12":"instock","13":"purchasable","14":"product-type-simple"},"supplier_id":null,"supplier_sku":"GemPD-17","barcode":null,"atum_controlled":true,"out_stock_date":null,"out_stock_threshold":null,"inheritable":false,"inbound_stock":null,"stock_on_hold":0,"sold_today":0,"sales_last_days":0,"reserved_stock":null,"customer_returns":null,"warehouse_damage":null,"lost_in_post":null,"other_logs":null,"out_stock_days":0,"lost_sales":0,"has_location":null,"update_date":"2026-05-08T05:09:40","atum_locations":[],"atum_stock_status":"instock","restock_status":false,"low_stock_amount":"","sales_update_date":"2025-09-03T00:16:53","calc_backorders":null,"_links":{"self":[{"href":"https:\/\/aromasentia.com\/sv\/wp-json\/wp\/v2\/product\/211124","targetHints":{"allow":["GET"]}}],"collection":[{"href":"https:\/\/aromasentia.com\/sv\/wp-json\/wp\/v2\/product"}],"about":[{"href":"https:\/\/aromasentia.com\/sv\/wp-json\/wp\/v2\/types\/product"}],"replies":[{"embeddable":true,"href":"https:\/\/aromasentia.com\/sv\/wp-json\/wp\/v2\/comments?post=211124"}],"version-history":[{"count":0,"href":"https:\/\/aromasentia.com\/sv\/wp-json\/wp\/v2\/product\/211124\/revisions"}],"wp:featuredmedia":[{"embeddable":true,"href":"https:\/\/aromasentia.com\/sv\/wp-json\/wp\/v2\/media\/420753"}],"wp:attachment":[{"href":"https:\/\/aromasentia.com\/sv\/wp-json\/wp\/v2\/media?parent=211124"}],"wp:term":[{"taxonomy":"product_brand","embeddable":true,"href":"https:\/\/aromasentia.com\/sv\/wp-json\/wp\/v2\/product_brand?post=211124"},{"taxonomy":"product_cat","embeddable":true,"href":"https:\/\/aromasentia.com\/sv\/wp-json\/wp\/v2\/product_cat?post=211124"},{"taxonomy":"product_tag","embeddable":true,"href":"https:\/\/aromasentia.com\/sv\/wp-json\/wp\/v2\/product_tag?post=211124"}],"curies":[{"name":"wp","href":"https:\/\/api.w.org\/{rel}","templated":true}]}}