{"id":211123,"date":"2025-03-23T11:06:16","date_gmt":"2025-03-23T11:06:16","guid":{"rendered":"https:\/\/aromasentia.com\/product\/gemstone-teardrops-pendants-12-assorted-25x18mm\/"},"modified":"2025-12-31T14:38:15","modified_gmt":"2025-12-31T14:38:15","slug":"adelstenshangen-tarar-12-olika-25x18mm","status":"publish","type":"product","link":"https:\/\/aromasentia.com\/sv\/adelstenshangen-tarar-12-olika-25x18mm\/","title":{"rendered":"\u00c4delstensh\u00e4ngen &#8211; T\u00e5rar (12 olika) 25x18mm"},"content":{"rendered":"<p style=\"text-align: justify;\"><strong>\u00c4delstensh\u00e4ngen &#8211; T\u00e5rar \u00e4r eleganta och tidl\u00f6sa, perfekta f\u00f6r att l\u00e4gga till en touch av sofistikering till alla f\u00f6rem\u00e5l.&nbsp;<\/strong><\/p>\n<p style=\"text-align: justify;\">Detta set inneh\u00e5ller 12 olika h\u00e4ngen, som var och en m\u00e4ter 25x18mm, med \u00e4delstenar som lugnande rosenkvarts, lugnande ametist, lyckosam aventurin, logisk sodalit, skyddande tiger\u00f6ga och helande stenkvarts. Deras t\u00e5rform g\u00f6r dem perfekta f\u00f6r halsband och \u00f6rh\u00e4ngen.<\/p>\n<p style=\"text-align: justify;\">Dessa h\u00e4ngen s\u00e4ljs som l\u00f6sa delar, vilket ger stora m\u00f6jligheter till kreativitet med halsband, armband och dekorativa tillbeh\u00f6r. Den unika energin och symboliken i varje h\u00e4ngsmycke adderar attraktion och v\u00e4rde till dina produkterbjudanden.&nbsp;<\/p>\n<p style=\"text-align: justify;\"><strong>Handla dessa vackra h\u00e4ngen tillsammans med v\u00e5ra <\/strong><a href=\"https:\/\/aromasentia.com\/pcord\" rel=\"noopener noreferrer\" target=\"_blank\"><strong>h\u00e4ngsn\u00f6ren<\/strong><\/a>&nbsp;<strong>och l\u00e5t kreativiteten fl\u00f6da!<\/strong><\/p>\n","protected":false},"excerpt":{"rendered":"<p>\u00c4delstensh\u00e4ngen &#8211; T\u00e5rar \u00e4r eleganta och tidl\u00f6sa, perfekta f\u00f6r att l\u00e4gga till en touch av sofistikering till alla f\u00f6rem\u00e5l.&nbsp; Detta set inneh\u00e5ller 12 olika h\u00e4ngen, som var och en m\u00e4ter 25x18mm, med \u00e4delstenar som lugnande rosenkvarts, lugnande ametist, lyckosam aventurin, logisk sodalit, skyddande tiger\u00f6ga och helande stenkvarts. Deras t\u00e5rform g\u00f6r dem perfekta f\u00f6r halsband och [&hellip;]<\/p>\n","protected":false},"featured_media":420736,"comment_status":"closed","ping_status":"open","template":"","meta":{"_angie_page":false},"product_brand":[],"product_cat":[25216,11389],"product_tag":[],"class_list":{"0":"post-211123","1":"product","2":"type-product","3":"status-publish","4":"has-post-thumbnail","6":"product_cat-halsband-hangsmycken","7":"product_cat-smycken-och-accessoarer","8":"pa_collection-gemstone-pendants-sv","9":"pa_made-in-kina","11":"first","12":"instock","13":"purchasable","14":"product-type-simple"},"supplier_id":null,"supplier_sku":"GemPD-16","barcode":null,"atum_controlled":true,"out_stock_date":null,"out_stock_threshold":null,"inheritable":false,"inbound_stock":null,"stock_on_hold":0,"sold_today":0,"sales_last_days":0,"reserved_stock":null,"customer_returns":null,"warehouse_damage":null,"lost_in_post":null,"other_logs":null,"out_stock_days":0,"lost_sales":0,"has_location":null,"update_date":"2026-05-08T05:09:40","atum_locations":[],"atum_stock_status":"instock","restock_status":false,"low_stock_amount":"","sales_update_date":"2025-09-03T00:16:53","calc_backorders":null,"_links":{"self":[{"href":"https:\/\/aromasentia.com\/sv\/wp-json\/wp\/v2\/product\/211123","targetHints":{"allow":["GET"]}}],"collection":[{"href":"https:\/\/aromasentia.com\/sv\/wp-json\/wp\/v2\/product"}],"about":[{"href":"https:\/\/aromasentia.com\/sv\/wp-json\/wp\/v2\/types\/product"}],"replies":[{"embeddable":true,"href":"https:\/\/aromasentia.com\/sv\/wp-json\/wp\/v2\/comments?post=211123"}],"version-history":[{"count":0,"href":"https:\/\/aromasentia.com\/sv\/wp-json\/wp\/v2\/product\/211123\/revisions"}],"wp:featuredmedia":[{"embeddable":true,"href":"https:\/\/aromasentia.com\/sv\/wp-json\/wp\/v2\/media\/420736"}],"wp:attachment":[{"href":"https:\/\/aromasentia.com\/sv\/wp-json\/wp\/v2\/media?parent=211123"}],"wp:term":[{"taxonomy":"product_brand","embeddable":true,"href":"https:\/\/aromasentia.com\/sv\/wp-json\/wp\/v2\/product_brand?post=211123"},{"taxonomy":"product_cat","embeddable":true,"href":"https:\/\/aromasentia.com\/sv\/wp-json\/wp\/v2\/product_cat?post=211123"},{"taxonomy":"product_tag","embeddable":true,"href":"https:\/\/aromasentia.com\/sv\/wp-json\/wp\/v2\/product_tag?post=211123"}],"curies":[{"name":"wp","href":"https:\/\/api.w.org\/{rel}","templated":true}]}}