{"id":210851,"date":"2025-03-23T11:06:55","date_gmt":"2025-03-23T11:06:55","guid":{"rendered":"https:\/\/aromasentia.com\/product\/shell-silver-earrings-flip-flops-abalone\/"},"modified":"2025-12-31T14:35:03","modified_gmt":"2025-12-31T14:35:03","slug":"orhangen-av-snackskal-silver-abalone","status":"publish","type":"product","link":"https:\/\/aromasentia.com\/sv\/orhangen-av-snackskal-silver-abalone\/","title":{"rendered":"\u00d6rh\u00e4ngen av Sn\u00e4ckskal &#038; Silver &#8211; Abalone"},"content":{"rendered":"","protected":false},"excerpt":{"rendered":"","protected":false},"featured_media":429955,"comment_status":"closed","ping_status":"open","template":"","meta":{"_angie_page":false},"product_brand":[],"product_cat":[11389],"product_tag":[],"class_list":{"0":"post-210851","1":"product","2":"type-product","3":"status-publish","4":"has-post-thumbnail","6":"product_cat-smycken-och-accessoarer","7":"pa_made-in-indonesien","9":"first","10":"outofstock","11":"purchasable","12":"product-type-simple"},"supplier_id":null,"supplier_sku":"SSE-08","barcode":null,"atum_controlled":true,"out_stock_date":"2026-04-25 16:39:33","out_stock_threshold":null,"inheritable":false,"inbound_stock":null,"stock_on_hold":0,"sold_today":0,"sales_last_days":0,"reserved_stock":null,"customer_returns":null,"warehouse_damage":null,"lost_in_post":null,"other_logs":null,"out_stock_days":0,"lost_sales":0,"has_location":null,"update_date":"2026-04-27T07:23:15","atum_locations":[],"atum_stock_status":"outofstock","restock_status":false,"low_stock_amount":"","sales_update_date":"2026-01-30T01:24:31","calc_backorders":null,"_links":{"self":[{"href":"https:\/\/aromasentia.com\/sv\/wp-json\/wp\/v2\/product\/210851","targetHints":{"allow":["GET"]}}],"collection":[{"href":"https:\/\/aromasentia.com\/sv\/wp-json\/wp\/v2\/product"}],"about":[{"href":"https:\/\/aromasentia.com\/sv\/wp-json\/wp\/v2\/types\/product"}],"replies":[{"embeddable":true,"href":"https:\/\/aromasentia.com\/sv\/wp-json\/wp\/v2\/comments?post=210851"}],"version-history":[{"count":0,"href":"https:\/\/aromasentia.com\/sv\/wp-json\/wp\/v2\/product\/210851\/revisions"}],"wp:featuredmedia":[{"embeddable":true,"href":"https:\/\/aromasentia.com\/sv\/wp-json\/wp\/v2\/media\/429955"}],"wp:attachment":[{"href":"https:\/\/aromasentia.com\/sv\/wp-json\/wp\/v2\/media?parent=210851"}],"wp:term":[{"taxonomy":"product_brand","embeddable":true,"href":"https:\/\/aromasentia.com\/sv\/wp-json\/wp\/v2\/product_brand?post=210851"},{"taxonomy":"product_cat","embeddable":true,"href":"https:\/\/aromasentia.com\/sv\/wp-json\/wp\/v2\/product_cat?post=210851"},{"taxonomy":"product_tag","embeddable":true,"href":"https:\/\/aromasentia.com\/sv\/wp-json\/wp\/v2\/product_tag?post=210851"}],"curies":[{"name":"wp","href":"https:\/\/api.w.org\/{rel}","templated":true}]}}