{"id":210570,"date":"2025-03-23T12:06:49","date_gmt":"2025-03-23T12:06:49","guid":{"rendered":"https:\/\/aromasentia.com\/product\/big-square-trinket-tray-15x15x2-5cm-hop-hare\/"},"modified":"2025-12-31T14:31:45","modified_gmt":"2025-12-31T14:31:45","slug":"stor-fyrkantig-smyckesbricka-15x15x2-5cm-hop-hare-2","status":"publish","type":"product","link":"https:\/\/aromasentia.com\/sv\/stor-fyrkantig-smyckesbricka-15x15x2-5cm-hop-hare-2\/","title":{"rendered":"Stor Fyrkantig Smyckesbricka 15x15x2.5cm &#8211; Hop Hare"},"content":{"rendered":"<p style=\"text-align: justify;\">Anv\u00e4nd den till nycklar, mynt, smycken eller som utst\u00e4llningsbricka till ljus och parfymer.<\/p>\n<p style=\"text-align: justify;\"><strong>M\u00e5tt:<\/strong><br \/><em>15 x 15 x 2,5 cm<\/em><\/p>\n","protected":false},"excerpt":{"rendered":"<p>Anv\u00e4nd den till nycklar, mynt, smycken eller som utst\u00e4llningsbricka till ljus och parfymer. M\u00e5tt:15 x 15 x 2,5 cm<\/p>\n","protected":false},"featured_media":437622,"comment_status":"closed","ping_status":"open","template":"","meta":[],"product_brand":[27116],"product_cat":[11188,11189],"product_tag":[],"class_list":{"0":"post-210570","1":"product","2":"type-product","3":"status-publish","4":"has-post-thumbnail","6":"product_brand-hop-hare","7":"product_cat-presentforpackningar-paketering","8":"product_cat-presentforvaring-och-tralador","9":"pa_collection-enamelled-wooden-trays-and-boxes-sv","10":"pa_made-in-indien","12":"first","13":"instock","14":"purchasable","15":"product-type-simple"},"supplier_id":null,"supplier_sku":"HHENBT-07","barcode":null,"atum_controlled":true,"out_stock_date":null,"out_stock_threshold":null,"inheritable":false,"inbound_stock":null,"stock_on_hold":0,"sold_today":0,"sales_last_days":0,"reserved_stock":null,"customer_returns":null,"warehouse_damage":null,"lost_in_post":null,"other_logs":null,"out_stock_days":0,"lost_sales":0,"has_location":null,"update_date":"2026-01-30T01:26:18","atum_locations":[],"atum_stock_status":"instock","restock_status":false,"low_stock_amount":"","sales_update_date":"2026-01-30T01:26:18","calc_backorders":null,"_links":{"self":[{"href":"https:\/\/aromasentia.com\/sv\/wp-json\/wp\/v2\/product\/210570","targetHints":{"allow":["GET"]}}],"collection":[{"href":"https:\/\/aromasentia.com\/sv\/wp-json\/wp\/v2\/product"}],"about":[{"href":"https:\/\/aromasentia.com\/sv\/wp-json\/wp\/v2\/types\/product"}],"replies":[{"embeddable":true,"href":"https:\/\/aromasentia.com\/sv\/wp-json\/wp\/v2\/comments?post=210570"}],"version-history":[{"count":0,"href":"https:\/\/aromasentia.com\/sv\/wp-json\/wp\/v2\/product\/210570\/revisions"}],"wp:featuredmedia":[{"embeddable":true,"href":"https:\/\/aromasentia.com\/sv\/wp-json\/wp\/v2\/media\/437622"}],"wp:attachment":[{"href":"https:\/\/aromasentia.com\/sv\/wp-json\/wp\/v2\/media?parent=210570"}],"wp:term":[{"taxonomy":"product_brand","embeddable":true,"href":"https:\/\/aromasentia.com\/sv\/wp-json\/wp\/v2\/product_brand?post=210570"},{"taxonomy":"product_cat","embeddable":true,"href":"https:\/\/aromasentia.com\/sv\/wp-json\/wp\/v2\/product_cat?post=210570"},{"taxonomy":"product_tag","embeddable":true,"href":"https:\/\/aromasentia.com\/sv\/wp-json\/wp\/v2\/product_tag?post=210570"}],"curies":[{"name":"wp","href":"https:\/\/api.w.org\/{rel}","templated":true}]}}