{"id":210569,"date":"2025-03-23T12:06:49","date_gmt":"2025-03-23T12:06:49","guid":{"rendered":"https:\/\/aromasentia.com\/product\/big-square-box-15x17-5x8cm-hop-hare-2\/"},"modified":"2025-12-31T14:31:45","modified_gmt":"2025-12-31T14:31:45","slug":"stor-fyrkantig-ask-15x17-5x8cm-hop-hare-2","status":"publish","type":"product","link":"https:\/\/aromasentia.com\/sv\/stor-fyrkantig-ask-15x17-5x8cm-hop-hare-2\/","title":{"rendered":"Stor Fyrkantig Ask 15&#215;17.5x8cm &#8211; Hop Hare"},"content":{"rendered":"<p style=\"text-align: justify;\">\u00e2\u0153\u2026 \u00d6ka f\u00f6rs\u00e4ljningen med kompletterande produkter &ndash; St\u00e4ll ut tillsammans med kristaller, smycken eller \u00e4delstenar.<\/p>\n<p style=\"text-align: justify;\"><strong>M\u00e5tt:<\/strong><br \/><em>15 x 17,5 x 8 cm<\/em><\/p>\n","protected":false},"excerpt":{"rendered":"<p>\u00e2\u0153\u2026 \u00d6ka f\u00f6rs\u00e4ljningen med kompletterande produkter &ndash; St\u00e4ll ut tillsammans med kristaller, smycken eller \u00e4delstenar. M\u00e5tt:15 x 17,5 x 8 cm<\/p>\n","protected":false},"featured_media":437605,"comment_status":"closed","ping_status":"open","template":"","meta":{"_angie_page":false},"product_brand":[27116],"product_cat":[11188,11189],"product_tag":[],"class_list":{"0":"post-210569","1":"product","2":"type-product","3":"status-publish","4":"has-post-thumbnail","6":"product_brand-hop-hare","7":"product_cat-presentforpackningar-paketering","8":"product_cat-presentforvaring-och-tralador","9":"pa_collection-enamelled-wooden-trays-and-boxes-sv","10":"pa_made-in-indien","12":"first","13":"instock","14":"purchasable","15":"product-type-simple"},"supplier_id":null,"supplier_sku":"HHENBT-06","barcode":null,"atum_controlled":true,"out_stock_date":null,"out_stock_threshold":null,"inheritable":false,"inbound_stock":null,"stock_on_hold":0,"sold_today":0,"sales_last_days":0,"reserved_stock":null,"customer_returns":null,"warehouse_damage":null,"lost_in_post":null,"other_logs":null,"out_stock_days":0,"lost_sales":0,"has_location":null,"update_date":"2026-04-27T07:07:19","atum_locations":[],"atum_stock_status":"instock","restock_status":false,"low_stock_amount":"","sales_update_date":"2026-02-06T00:00:47","calc_backorders":null,"_links":{"self":[{"href":"https:\/\/aromasentia.com\/sv\/wp-json\/wp\/v2\/product\/210569","targetHints":{"allow":["GET"]}}],"collection":[{"href":"https:\/\/aromasentia.com\/sv\/wp-json\/wp\/v2\/product"}],"about":[{"href":"https:\/\/aromasentia.com\/sv\/wp-json\/wp\/v2\/types\/product"}],"replies":[{"embeddable":true,"href":"https:\/\/aromasentia.com\/sv\/wp-json\/wp\/v2\/comments?post=210569"}],"version-history":[{"count":0,"href":"https:\/\/aromasentia.com\/sv\/wp-json\/wp\/v2\/product\/210569\/revisions"}],"wp:featuredmedia":[{"embeddable":true,"href":"https:\/\/aromasentia.com\/sv\/wp-json\/wp\/v2\/media\/437605"}],"wp:attachment":[{"href":"https:\/\/aromasentia.com\/sv\/wp-json\/wp\/v2\/media?parent=210569"}],"wp:term":[{"taxonomy":"product_brand","embeddable":true,"href":"https:\/\/aromasentia.com\/sv\/wp-json\/wp\/v2\/product_brand?post=210569"},{"taxonomy":"product_cat","embeddable":true,"href":"https:\/\/aromasentia.com\/sv\/wp-json\/wp\/v2\/product_cat?post=210569"},{"taxonomy":"product_tag","embeddable":true,"href":"https:\/\/aromasentia.com\/sv\/wp-json\/wp\/v2\/product_tag?post=210569"}],"curies":[{"name":"wp","href":"https:\/\/api.w.org\/{rel}","templated":true}]}}