{"id":210437,"date":"2025-03-23T12:17:27","date_gmt":"2025-03-23T12:17:27","guid":{"rendered":"https:\/\/aromasentia.com\/product\/tree-of-life-dreamcatcher-12cm-assorted\/"},"modified":"2025-12-31T14:30:07","modified_gmt":"2025-12-31T14:30:07","slug":"livets-trad-dromfangare-12cm-olika","status":"publish","type":"product","link":"https:\/\/aromasentia.com\/sv\/livets-trad-dromfangare-12cm-olika\/","title":{"rendered":"Livets Tr\u00e4d Dr\u00f6mf\u00e5ngare &#8211; 12cm (olika)"},"content":{"rendered":"","protected":false},"excerpt":{"rendered":"","protected":false},"featured_media":668009,"comment_status":"closed","ping_status":"open","template":"","meta":[],"product_brand":[],"product_cat":[11197,11198,11177],"product_tag":[],"class_list":{"0":"post-210437","1":"product","2":"type-product","3":"status-publish","4":"has-post-thumbnail","6":"product_cat-hem-och-tradgard","7":"product_cat-makrame-och-dromfangare","8":"product_cat-vintagepresenter-och-souvenirer","9":"pa_collection-macrame-dreamcatcher-tree-of-life-sv","10":"pa_made-in-indonesien","12":"first","13":"instock","14":"purchasable","15":"product-type-simple"},"supplier_id":null,"supplier_sku":"TOLD-01","barcode":null,"atum_controlled":true,"out_stock_date":null,"out_stock_threshold":null,"inheritable":false,"inbound_stock":null,"stock_on_hold":0,"sold_today":0,"sales_last_days":0,"reserved_stock":null,"customer_returns":null,"warehouse_damage":null,"lost_in_post":null,"other_logs":null,"out_stock_days":0,"lost_sales":0,"has_location":null,"update_date":"2026-02-06T00:02:15","atum_locations":[],"atum_stock_status":"instock","restock_status":false,"low_stock_amount":"","sales_update_date":"2026-02-06T00:02:15","calc_backorders":null,"_links":{"self":[{"href":"https:\/\/aromasentia.com\/sv\/wp-json\/wp\/v2\/product\/210437","targetHints":{"allow":["GET"]}}],"collection":[{"href":"https:\/\/aromasentia.com\/sv\/wp-json\/wp\/v2\/product"}],"about":[{"href":"https:\/\/aromasentia.com\/sv\/wp-json\/wp\/v2\/types\/product"}],"replies":[{"embeddable":true,"href":"https:\/\/aromasentia.com\/sv\/wp-json\/wp\/v2\/comments?post=210437"}],"version-history":[{"count":0,"href":"https:\/\/aromasentia.com\/sv\/wp-json\/wp\/v2\/product\/210437\/revisions"}],"wp:featuredmedia":[{"embeddable":true,"href":"https:\/\/aromasentia.com\/sv\/wp-json\/wp\/v2\/media\/668009"}],"wp:attachment":[{"href":"https:\/\/aromasentia.com\/sv\/wp-json\/wp\/v2\/media?parent=210437"}],"wp:term":[{"taxonomy":"product_brand","embeddable":true,"href":"https:\/\/aromasentia.com\/sv\/wp-json\/wp\/v2\/product_brand?post=210437"},{"taxonomy":"product_cat","embeddable":true,"href":"https:\/\/aromasentia.com\/sv\/wp-json\/wp\/v2\/product_cat?post=210437"},{"taxonomy":"product_tag","embeddable":true,"href":"https:\/\/aromasentia.com\/sv\/wp-json\/wp\/v2\/product_tag?post=210437"}],"curies":[{"name":"wp","href":"https:\/\/api.w.org\/{rel}","templated":true}]}}