{"id":210425,"date":"2025-03-23T12:22:33","date_gmt":"2025-03-23T12:22:33","guid":{"rendered":"https:\/\/aromasentia.com\/product\/white-washed-wooden-box-3x1-5-pill-box-aztec-design\/"},"modified":"2025-12-31T14:29:52","modified_gmt":"2025-12-31T14:29:52","slug":"vittvattad-tralada-aztekisk-design-liten","status":"publish","type":"product","link":"https:\/\/aromasentia.com\/sv\/vittvattad-tralada-aztekisk-design-liten\/","title":{"rendered":"Vittv\u00e4ttad Tr\u00e4l\u00e5da &#8211; Aztekisk Design &#8211; Liten"},"content":{"rendered":"","protected":false},"excerpt":{"rendered":"","protected":false},"featured_media":442020,"comment_status":"closed","ping_status":"open","template":"","meta":[],"product_brand":[],"product_cat":[11188,11189],"product_tag":[],"class_list":{"0":"post-210425","1":"product","2":"type-product","3":"status-publish","4":"has-post-thumbnail","6":"product_cat-presentforpackningar-paketering","7":"product_cat-presentforvaring-och-tralador","8":"pa_collection-white-washed-wooden-box-sv","9":"pa_made-in-indien","11":"first","12":"instock","13":"purchasable","14":"product-type-simple"},"supplier_id":null,"supplier_sku":"WWIB-04","barcode":null,"atum_controlled":true,"out_stock_date":null,"out_stock_threshold":null,"inheritable":false,"inbound_stock":0,"stock_on_hold":0,"sold_today":0,"sales_last_days":0,"reserved_stock":0,"customer_returns":0,"warehouse_damage":0,"lost_in_post":0,"other_logs":0,"out_stock_days":0,"lost_sales":0,"has_location":false,"update_date":"2026-01-30T01:25:52","atum_locations":[],"atum_stock_status":"instock","restock_status":false,"low_stock_amount":"","sales_update_date":"2026-01-30T01:25:52","calc_backorders":null,"_links":{"self":[{"href":"https:\/\/aromasentia.com\/sv\/wp-json\/wp\/v2\/product\/210425","targetHints":{"allow":["GET"]}}],"collection":[{"href":"https:\/\/aromasentia.com\/sv\/wp-json\/wp\/v2\/product"}],"about":[{"href":"https:\/\/aromasentia.com\/sv\/wp-json\/wp\/v2\/types\/product"}],"replies":[{"embeddable":true,"href":"https:\/\/aromasentia.com\/sv\/wp-json\/wp\/v2\/comments?post=210425"}],"version-history":[{"count":0,"href":"https:\/\/aromasentia.com\/sv\/wp-json\/wp\/v2\/product\/210425\/revisions"}],"wp:featuredmedia":[{"embeddable":true,"href":"https:\/\/aromasentia.com\/sv\/wp-json\/wp\/v2\/media\/442020"}],"wp:attachment":[{"href":"https:\/\/aromasentia.com\/sv\/wp-json\/wp\/v2\/media?parent=210425"}],"wp:term":[{"taxonomy":"product_brand","embeddable":true,"href":"https:\/\/aromasentia.com\/sv\/wp-json\/wp\/v2\/product_brand?post=210425"},{"taxonomy":"product_cat","embeddable":true,"href":"https:\/\/aromasentia.com\/sv\/wp-json\/wp\/v2\/product_cat?post=210425"},{"taxonomy":"product_tag","embeddable":true,"href":"https:\/\/aromasentia.com\/sv\/wp-json\/wp\/v2\/product_tag?post=210425"}],"curies":[{"name":"wp","href":"https:\/\/api.w.org\/{rel}","templated":true}]}}