{"id":210419,"date":"2025-03-23T12:23:31","date_gmt":"2025-03-23T12:23:31","guid":{"rendered":"https:\/\/aromasentia.com\/product\/handcarved-yoga-cat-lotus\/"},"modified":"2025-12-31T14:29:52","modified_gmt":"2025-12-31T14:29:52","slug":"handsnidad-yogakatt-lotus","status":"publish","type":"product","link":"https:\/\/aromasentia.com\/sv\/handsnidad-yogakatt-lotus\/","title":{"rendered":"Handsnidad Yogakatt &#8211; Lotus"},"content":{"rendered":"<p style=\"text-align: justify;\">Dessa <strong>Yogakatter i Tr\u00e4<\/strong> \u00e4r mycket unika och originella, och \u00e4r ett fantastiskt tillskott f\u00f6r alla presentbutiker, hem och yogafantaster.<\/p>\n<p style=\"text-align: justify;\">Med djupa in- och utandningar visar denna katt sin skicklighet i hinduisk yoga i denna skulptur av indonesiska hantverkare.<\/p>\n<p style=\"text-align: justify;\">Dessa m\u00e4sterverk \u00e4r handkarvade ur suartr\u00e4, vilket inneb\u00e4r att \u00e4ven om de har liknande positioner \u00e4r varje tr\u00e4figur unik och skiljer sig fr\u00e5n de andra.<\/p>\n<p style=\"text-align: justify;\">Perfekt som heminredning och en omt\u00e4nksam g\u00e5va.<\/p>\n<p style=\"text-align: justify;\"><strong>Best\u00e4ll idag f\u00f6r att l\u00e4gga till denna yoga-inspirerade present i ditt sortiment!<\/strong><\/p>\n","protected":false},"excerpt":{"rendered":"<p>Dessa Yogakatter i Tr\u00e4 \u00e4r mycket unika och originella, och \u00e4r ett fantastiskt tillskott f\u00f6r alla presentbutiker, hem och yogafantaster. Med djupa in- och utandningar visar denna katt sin skicklighet i hinduisk yoga i denna skulptur av indonesiska hantverkare. Dessa m\u00e4sterverk \u00e4r handkarvade ur suartr\u00e4, vilket inneb\u00e4r att \u00e4ven om de har liknande positioner \u00e4r [&hellip;]<\/p>\n","protected":false},"featured_media":442137,"comment_status":"closed","ping_status":"open","template":"","meta":[],"product_brand":[],"product_cat":[11176,11177],"product_tag":[],"class_list":{"0":"post-210419","1":"product","2":"type-product","3":"status-publish","4":"has-post-thumbnail","6":"product_cat-feng-shui-och-tibetanska-kollektioner","7":"product_cat-vintagepresenter-och-souvenirer","8":"pa_collection-hand-carved-yoga-cat-sv","9":"pa_made-in-indonesien","11":"first","12":"outofstock","13":"purchasable","14":"product-type-simple"},"supplier_id":null,"supplier_sku":"WYC-03","barcode":null,"atum_controlled":true,"out_stock_date":"2025-10-23 21:13:31","out_stock_threshold":null,"inheritable":false,"inbound_stock":0,"stock_on_hold":0,"sold_today":0,"sales_last_days":0,"reserved_stock":0,"customer_returns":0,"warehouse_damage":0,"lost_in_post":0,"other_logs":0,"out_stock_days":98,"lost_sales":0,"has_location":false,"update_date":"2026-01-30T01:24:21","atum_locations":[],"atum_stock_status":"outofstock","restock_status":false,"low_stock_amount":"","sales_update_date":"2026-01-30T01:24:21","calc_backorders":null,"_links":{"self":[{"href":"https:\/\/aromasentia.com\/sv\/wp-json\/wp\/v2\/product\/210419","targetHints":{"allow":["GET"]}}],"collection":[{"href":"https:\/\/aromasentia.com\/sv\/wp-json\/wp\/v2\/product"}],"about":[{"href":"https:\/\/aromasentia.com\/sv\/wp-json\/wp\/v2\/types\/product"}],"replies":[{"embeddable":true,"href":"https:\/\/aromasentia.com\/sv\/wp-json\/wp\/v2\/comments?post=210419"}],"version-history":[{"count":0,"href":"https:\/\/aromasentia.com\/sv\/wp-json\/wp\/v2\/product\/210419\/revisions"}],"wp:featuredmedia":[{"embeddable":true,"href":"https:\/\/aromasentia.com\/sv\/wp-json\/wp\/v2\/media\/442137"}],"wp:attachment":[{"href":"https:\/\/aromasentia.com\/sv\/wp-json\/wp\/v2\/media?parent=210419"}],"wp:term":[{"taxonomy":"product_brand","embeddable":true,"href":"https:\/\/aromasentia.com\/sv\/wp-json\/wp\/v2\/product_brand?post=210419"},{"taxonomy":"product_cat","embeddable":true,"href":"https:\/\/aromasentia.com\/sv\/wp-json\/wp\/v2\/product_cat?post=210419"},{"taxonomy":"product_tag","embeddable":true,"href":"https:\/\/aromasentia.com\/sv\/wp-json\/wp\/v2\/product_tag?post=210419"}],"curies":[{"name":"wp","href":"https:\/\/api.w.org\/{rel}","templated":true}]}}